{"id":101982,"date":"2023-11-01T12:18:46","date_gmt":"2023-11-01T10:18:46","guid":{"rendered":"https:\/\/shop.noor.fi\/product\/sanna-230v-downlight-3000-4000k-vit-1-p\/"},"modified":"2026-02-05T12:43:24","modified_gmt":"2026-02-05T10:43:24","slug":"sanna-230v-downlight-3000-4000k-vit-1-p","status":"publish","type":"product","link":"https:\/\/shop.noor.fi\/sv\/produkt\/sanna-230v-downlight-3000-4000k-vit-1-p\/","title":{"rendered":"Sanna 230V downlight 3000-4000K vit 1-p"},"content":{"rendered":"<p>Dimbar downlight i aluminium. Tiltbar 30\u00b0. St\u00e4llbar f\u00e4rgtemperatur p\u00e5 3000K\/4000K.<br \/>\nPassar b\u00e5de f\u00f6r inomhus- och utomhusbruk, \u00e4ven f\u00f6r badrum.<br \/>\nIP65. Integrerad LED 6W, 3000K\/4000K, 520lm, Ra &gt;80, 42\u00b0.<br \/>\n220-240V.<br \/>\nDiameter: 81 mm<br \/>\nH\u00f6jd: 41 mm<\/p>\n<p>Monteringsh\u00e5l i diameter: 65-70 mm<br \/>\nInbyggnadsdjup: 37 mm<br \/>\nInf\u00e4stning: sp\u00e4nnfj\u00e4der<\/p>\n","protected":false},"excerpt":{"rendered":"<p>Dimbar downlight i aluminium. Tiltbar 30\u00b0. St\u00e4llbar f\u00e4rgtemperatur p\u00e5 3000K\/4000K. Passar b\u00e5de f\u00f6r inomhus- och utomhusbruk, \u00e4ven f\u00f6r badrum. IP65. Integrerad LED 6W, 3000K\/4000K, 520lm, Ra &gt;80, 42\u00b0. 220-240V. Diameter: 81 mm H\u00f6jd: 41 mm Monteringsh\u00e5l i diameter: 65-70 mm Inbyggnadsdjup: 37 mm Inf\u00e4stning: sp\u00e4nnfj\u00e4der<\/p>\n","protected":false},"featured_media":77746,"comment_status":"open","ping_status":"closed","template":"","meta":{"_acf_changed":false,"_relevanssi_hide_post":"","_relevanssi_hide_content":"","_relevanssi_pin_for_all":"","_relevanssi_pin_keywords":"","_relevanssi_unpin_keywords":"","_relevanssi_related_keywords":"","_relevanssi_related_include_ids":"","_relevanssi_related_exclude_ids":"","_relevanssi_related_no_append":"","_relevanssi_related_not_related":"","_relevanssi_related_posts":"","_relevanssi_noindex_reason":""},"pwb-brand":[37486],"product_brand":[],"product_cat":[31991,31992],"product_tag":[],"class_list":{"0":"post-101982","1":"product","2":"type-product","3":"status-publish","4":"has-post-thumbnail","6":"pwb-brand-llitt-sv","7":"product_cat-downlights","8":"product_cat-downlights-till-badrummet","10":"first","11":"instock","12":"taxable","13":"shipping-taxable","14":"purchasable","15":"product-type-simple"},"acf":[],"yoast_head":"<!-- This site is optimized with the Yoast SEO plugin v27.5 - https:\/\/yoast.com\/product\/yoast-seo-wordpress\/ -->\n<title>Sanna 230V downlight 3000-4000K vit 1-p - Oy Noortrade Ab<\/title>\n<meta name=\"robots\" content=\"index, follow, max-snippet:-1, max-image-preview:large, max-video-preview:-1\" \/>\n<link rel=\"canonical\" href=\"https:\/\/shop.noor.fi\/sv\/produkt\/sanna-230v-downlight-3000-4000k-vit-1-p\/\" \/>\n<meta property=\"og:locale\" content=\"sv_SE\" \/>\n<meta property=\"og:type\" content=\"article\" \/>\n<meta property=\"og:title\" content=\"Sanna 230V downlight 3000-4000K vit 1-p - Oy Noortrade Ab\" \/>\n<meta property=\"og:description\" content=\"Dimbar downlight i aluminium. Tiltbar 30\u00b0. St\u00e4llbar f\u00e4rgtemperatur p\u00e5 3000K\/4000K. Passar b\u00e5de f\u00f6r inomhus- och utomhusbruk, \u00e4ven f\u00f6r badrum. IP65. Integrerad LED 6W, 3000K\/4000K, 520lm, Ra &gt;80, 42\u00b0. 220-240V. Diameter: 81 mm H\u00f6jd: 41 mm Monteringsh\u00e5l i diameter: 65-70 mm Inbyggnadsdjup: 37 mm Inf\u00e4stning: sp\u00e4nnfj\u00e4der\" \/>\n<meta property=\"og:url\" content=\"https:\/\/shop.noor.fi\/sv\/produkt\/sanna-230v-downlight-3000-4000k-vit-1-p\/\" \/>\n<meta property=\"og:site_name\" content=\"Oy Noortrade Ab\" \/>\n<meta property=\"article:modified_time\" content=\"2026-02-05T10:43:24+00:00\" \/>\n<meta property=\"og:image\" content=\"https:\/\/shop.noor.fi\/wp-content\/uploads\/2023\/12\/7392971145488.jpg\" \/>\n\t<meta property=\"og:image:width\" content=\"1200\" \/>\n\t<meta property=\"og:image:height\" content=\"899\" \/>\n\t<meta property=\"og:image:type\" content=\"image\/jpeg\" \/>\n<meta name=\"twitter:card\" content=\"summary_large_image\" \/>\n<meta name=\"twitter:label1\" content=\"Ber\u00e4knad l\u00e4stid\" \/>\n\t<meta name=\"twitter:data1\" content=\"1 minut\" \/>\n<script type=\"application\/ld+json\" class=\"yoast-schema-graph\">{\"@context\":\"https:\\\/\\\/schema.org\",\"@graph\":[{\"@type\":\"WebPage\",\"@id\":\"https:\\\/\\\/shop.noor.fi\\\/sv\\\/produkt\\\/sanna-230v-downlight-3000-4000k-vit-1-p\\\/\",\"url\":\"https:\\\/\\\/shop.noor.fi\\\/sv\\\/produkt\\\/sanna-230v-downlight-3000-4000k-vit-1-p\\\/\",\"name\":\"Sanna 230V downlight 3000-4000K vit 1-p - Oy Noortrade Ab\",\"isPartOf\":{\"@id\":\"https:\\\/\\\/shopnoorfi-wp31835.test.cchosting.fi\\\/#website\"},\"primaryImageOfPage\":{\"@id\":\"https:\\\/\\\/shop.noor.fi\\\/sv\\\/produkt\\\/sanna-230v-downlight-3000-4000k-vit-1-p\\\/#primaryimage\"},\"image\":{\"@id\":\"https:\\\/\\\/shop.noor.fi\\\/sv\\\/produkt\\\/sanna-230v-downlight-3000-4000k-vit-1-p\\\/#primaryimage\"},\"thumbnailUrl\":\"https:\\\/\\\/shop.noor.fi\\\/wp-content\\\/uploads\\\/2023\\\/12\\\/7392971145488.jpg\",\"datePublished\":\"2023-11-01T10:18:46+00:00\",\"dateModified\":\"2026-02-05T10:43:24+00:00\",\"breadcrumb\":{\"@id\":\"https:\\\/\\\/shop.noor.fi\\\/sv\\\/produkt\\\/sanna-230v-downlight-3000-4000k-vit-1-p\\\/#breadcrumb\"},\"inLanguage\":\"sv-SE\",\"potentialAction\":[{\"@type\":\"ReadAction\",\"target\":[\"https:\\\/\\\/shop.noor.fi\\\/sv\\\/produkt\\\/sanna-230v-downlight-3000-4000k-vit-1-p\\\/\"]}]},{\"@type\":\"ImageObject\",\"inLanguage\":\"sv-SE\",\"@id\":\"https:\\\/\\\/shop.noor.fi\\\/sv\\\/produkt\\\/sanna-230v-downlight-3000-4000k-vit-1-p\\\/#primaryimage\",\"url\":\"https:\\\/\\\/shop.noor.fi\\\/wp-content\\\/uploads\\\/2023\\\/12\\\/7392971145488.jpg\",\"contentUrl\":\"https:\\\/\\\/shop.noor.fi\\\/wp-content\\\/uploads\\\/2023\\\/12\\\/7392971145488.jpg\",\"width\":1200,\"height\":899},{\"@type\":\"BreadcrumbList\",\"@id\":\"https:\\\/\\\/shop.noor.fi\\\/sv\\\/produkt\\\/sanna-230v-downlight-3000-4000k-vit-1-p\\\/#breadcrumb\",\"itemListElement\":[{\"@type\":\"ListItem\",\"position\":1,\"name\":\"Etusivu\",\"item\":\"https:\\\/\\\/shop.noor.fi\\\/sv\\\/\"},{\"@type\":\"ListItem\",\"position\":2,\"name\":\"Butik\",\"item\":\"https:\\\/\\\/shopnoorfi-wp31835.test.cchosting.fi\\\/sv\\\/butik\\\/\"},{\"@type\":\"ListItem\",\"position\":3,\"name\":\"Sanna 230V downlight 3000-4000K vit 1-p\"}]},{\"@type\":\"WebSite\",\"@id\":\"https:\\\/\\\/shopnoorfi-wp31835.test.cchosting.fi\\\/#website\",\"url\":\"https:\\\/\\\/shopnoorfi-wp31835.test.cchosting.fi\\\/\",\"name\":\"Oy Noortrade Ab\",\"description\":\"Finnish family owned company with over 30 years of professional experience in lighting &amp; interior products import and sales - reliably.\",\"publisher\":{\"@id\":\"https:\\\/\\\/shopnoorfi-wp31835.test.cchosting.fi\\\/#organization\"},\"potentialAction\":[{\"@type\":\"SearchAction\",\"target\":{\"@type\":\"EntryPoint\",\"urlTemplate\":\"https:\\\/\\\/shopnoorfi-wp31835.test.cchosting.fi\\\/?s={search_term_string}\"},\"query-input\":{\"@type\":\"PropertyValueSpecification\",\"valueRequired\":true,\"valueName\":\"search_term_string\"}}],\"inLanguage\":\"sv-SE\"},{\"@type\":\"Organization\",\"@id\":\"https:\\\/\\\/shopnoorfi-wp31835.test.cchosting.fi\\\/#organization\",\"name\":\"Oy Noortrade Ab\",\"url\":\"https:\\\/\\\/shopnoorfi-wp31835.test.cchosting.fi\\\/\",\"logo\":{\"@type\":\"ImageObject\",\"inLanguage\":\"sv-SE\",\"@id\":\"https:\\\/\\\/shopnoorfi-wp31835.test.cchosting.fi\\\/#\\\/schema\\\/logo\\\/image\\\/\",\"url\":\"https:\\\/\\\/shop.noor.fi\\\/wp-content\\\/uploads\\\/2024\\\/01\\\/Oy-Noortrade-Ab-Corbel-VERSAL-bold-BLACK.png\",\"contentUrl\":\"https:\\\/\\\/shop.noor.fi\\\/wp-content\\\/uploads\\\/2024\\\/01\\\/Oy-Noortrade-Ab-Corbel-VERSAL-bold-BLACK.png\",\"width\":721,\"height\":177,\"caption\":\"Oy Noortrade Ab\"},\"image\":{\"@id\":\"https:\\\/\\\/shopnoorfi-wp31835.test.cchosting.fi\\\/#\\\/schema\\\/logo\\\/image\\\/\"}}]}<\/script>\n<!-- \/ Yoast SEO plugin. -->","yoast_head_json":{"title":"Sanna 230V downlight 3000-4000K vit 1-p - Oy Noortrade Ab","robots":{"index":"index","follow":"follow","max-snippet":"max-snippet:-1","max-image-preview":"max-image-preview:large","max-video-preview":"max-video-preview:-1"},"canonical":"https:\/\/shop.noor.fi\/sv\/produkt\/sanna-230v-downlight-3000-4000k-vit-1-p\/","og_locale":"sv_SE","og_type":"article","og_title":"Sanna 230V downlight 3000-4000K vit 1-p - Oy Noortrade Ab","og_description":"Dimbar downlight i aluminium. Tiltbar 30\u00b0. St\u00e4llbar f\u00e4rgtemperatur p\u00e5 3000K\/4000K. Passar b\u00e5de f\u00f6r inomhus- och utomhusbruk, \u00e4ven f\u00f6r badrum. IP65. Integrerad LED 6W, 3000K\/4000K, 520lm, Ra &gt;80, 42\u00b0. 220-240V. Diameter: 81 mm H\u00f6jd: 41 mm Monteringsh\u00e5l i diameter: 65-70 mm Inbyggnadsdjup: 37 mm Inf\u00e4stning: sp\u00e4nnfj\u00e4der","og_url":"https:\/\/shop.noor.fi\/sv\/produkt\/sanna-230v-downlight-3000-4000k-vit-1-p\/","og_site_name":"Oy Noortrade Ab","article_modified_time":"2026-02-05T10:43:24+00:00","og_image":[{"width":1200,"height":899,"url":"https:\/\/shop.noor.fi\/wp-content\/uploads\/2023\/12\/7392971145488.jpg","type":"image\/jpeg"}],"twitter_card":"summary_large_image","twitter_misc":{"Ber\u00e4knad l\u00e4stid":"1 minut"},"schema":{"@context":"https:\/\/schema.org","@graph":[{"@type":"WebPage","@id":"https:\/\/shop.noor.fi\/sv\/produkt\/sanna-230v-downlight-3000-4000k-vit-1-p\/","url":"https:\/\/shop.noor.fi\/sv\/produkt\/sanna-230v-downlight-3000-4000k-vit-1-p\/","name":"Sanna 230V downlight 3000-4000K vit 1-p - Oy Noortrade Ab","isPartOf":{"@id":"https:\/\/shopnoorfi-wp31835.test.cchosting.fi\/#website"},"primaryImageOfPage":{"@id":"https:\/\/shop.noor.fi\/sv\/produkt\/sanna-230v-downlight-3000-4000k-vit-1-p\/#primaryimage"},"image":{"@id":"https:\/\/shop.noor.fi\/sv\/produkt\/sanna-230v-downlight-3000-4000k-vit-1-p\/#primaryimage"},"thumbnailUrl":"https:\/\/shop.noor.fi\/wp-content\/uploads\/2023\/12\/7392971145488.jpg","datePublished":"2023-11-01T10:18:46+00:00","dateModified":"2026-02-05T10:43:24+00:00","breadcrumb":{"@id":"https:\/\/shop.noor.fi\/sv\/produkt\/sanna-230v-downlight-3000-4000k-vit-1-p\/#breadcrumb"},"inLanguage":"sv-SE","potentialAction":[{"@type":"ReadAction","target":["https:\/\/shop.noor.fi\/sv\/produkt\/sanna-230v-downlight-3000-4000k-vit-1-p\/"]}]},{"@type":"ImageObject","inLanguage":"sv-SE","@id":"https:\/\/shop.noor.fi\/sv\/produkt\/sanna-230v-downlight-3000-4000k-vit-1-p\/#primaryimage","url":"https:\/\/shop.noor.fi\/wp-content\/uploads\/2023\/12\/7392971145488.jpg","contentUrl":"https:\/\/shop.noor.fi\/wp-content\/uploads\/2023\/12\/7392971145488.jpg","width":1200,"height":899},{"@type":"BreadcrumbList","@id":"https:\/\/shop.noor.fi\/sv\/produkt\/sanna-230v-downlight-3000-4000k-vit-1-p\/#breadcrumb","itemListElement":[{"@type":"ListItem","position":1,"name":"Etusivu","item":"https:\/\/shop.noor.fi\/sv\/"},{"@type":"ListItem","position":2,"name":"Butik","item":"https:\/\/shopnoorfi-wp31835.test.cchosting.fi\/sv\/butik\/"},{"@type":"ListItem","position":3,"name":"Sanna 230V downlight 3000-4000K vit 1-p"}]},{"@type":"WebSite","@id":"https:\/\/shopnoorfi-wp31835.test.cchosting.fi\/#website","url":"https:\/\/shopnoorfi-wp31835.test.cchosting.fi\/","name":"Oy Noortrade Ab","description":"Finnish family owned company with over 30 years of professional experience in lighting &amp; interior products import and sales - reliably.","publisher":{"@id":"https:\/\/shopnoorfi-wp31835.test.cchosting.fi\/#organization"},"potentialAction":[{"@type":"SearchAction","target":{"@type":"EntryPoint","urlTemplate":"https:\/\/shopnoorfi-wp31835.test.cchosting.fi\/?s={search_term_string}"},"query-input":{"@type":"PropertyValueSpecification","valueRequired":true,"valueName":"search_term_string"}}],"inLanguage":"sv-SE"},{"@type":"Organization","@id":"https:\/\/shopnoorfi-wp31835.test.cchosting.fi\/#organization","name":"Oy Noortrade Ab","url":"https:\/\/shopnoorfi-wp31835.test.cchosting.fi\/","logo":{"@type":"ImageObject","inLanguage":"sv-SE","@id":"https:\/\/shopnoorfi-wp31835.test.cchosting.fi\/#\/schema\/logo\/image\/","url":"https:\/\/shop.noor.fi\/wp-content\/uploads\/2024\/01\/Oy-Noortrade-Ab-Corbel-VERSAL-bold-BLACK.png","contentUrl":"https:\/\/shop.noor.fi\/wp-content\/uploads\/2024\/01\/Oy-Noortrade-Ab-Corbel-VERSAL-bold-BLACK.png","width":721,"height":177,"caption":"Oy Noortrade Ab"},"image":{"@id":"https:\/\/shopnoorfi-wp31835.test.cchosting.fi\/#\/schema\/logo\/image\/"}}]}},"brands":[{"id":37486,"name":"Llitt","slug":"llitt-sv"}],"_links":{"self":[{"href":"https:\/\/shop.noor.fi\/sv\/wp-json\/wp\/v2\/product\/101982","targetHints":{"allow":["GET"]}}],"collection":[{"href":"https:\/\/shop.noor.fi\/sv\/wp-json\/wp\/v2\/product"}],"about":[{"href":"https:\/\/shop.noor.fi\/sv\/wp-json\/wp\/v2\/types\/product"}],"replies":[{"embeddable":true,"href":"https:\/\/shop.noor.fi\/sv\/wp-json\/wp\/v2\/comments?post=101982"}],"wp:featuredmedia":[{"embeddable":true,"href":"https:\/\/shop.noor.fi\/sv\/wp-json\/wp\/v2\/media\/77746"}],"wp:attachment":[{"href":"https:\/\/shop.noor.fi\/sv\/wp-json\/wp\/v2\/media?parent=101982"}],"wp:term":[{"taxonomy":"pwb-brand","embeddable":true,"href":"https:\/\/shop.noor.fi\/sv\/wp-json\/wp\/v2\/pwb-brand?post=101982"},{"taxonomy":"product_brand","embeddable":true,"href":"https:\/\/shop.noor.fi\/sv\/wp-json\/wp\/v2\/product_brand?post=101982"},{"taxonomy":"product_cat","embeddable":true,"href":"https:\/\/shop.noor.fi\/sv\/wp-json\/wp\/v2\/product_cat?post=101982"},{"taxonomy":"product_tag","embeddable":true,"href":"https:\/\/shop.noor.fi\/sv\/wp-json\/wp\/v2\/product_tag?post=101982"}],"curies":[{"name":"wp","href":"https:\/\/api.w.org\/{rel}","templated":true}]}}