{"id":101683,"date":"2024-03-08T15:36:27","date_gmt":"2024-03-08T13:36:27","guid":{"rendered":"https:\/\/shop.noor.fi\/product\/diablo-vaggarmatur-svart-rod-30cm\/"},"modified":"2026-05-07T11:08:52","modified_gmt":"2026-05-07T08:08:52","slug":"diablo-vaggarmatur-svart-rod-30cm","status":"publish","type":"product","link":"https:\/\/shop.noor.fi\/sv\/produkt\/diablo-vaggarmatur-svart-rod-30cm\/","title":{"rendered":"Diablo v\u00e4ggarmatur 30 cm svart\/r\u00f6d"},"content":{"rendered":"<p>Diablo \u00e4r en exklusiv v\u00e4gglampa tillverkad i h\u00f6gkvalitativ metall med ett mycket behagligt ljusm\u00f6nster. Designen \u00e4r skandinaviskt minimalistisk men g\u00f6r \u00e4nd\u00e5 ett starkt intryck. Den runda lampan best\u00e5r av fyra cirklar staplade ovanp\u00e5 varandra, vilket skapar ett riktigt stilrent uttryck och inte minst ett st\u00e4mningsfullt ljusspel i rummet. Passar perfekt i korridorer, trapphus, vardagsrum och sovrum.<br \/>\nLampan har en 220 cm l\u00e5ng sladd med str\u00f6mbrytare.<br \/>\nG9, max 10W. Ljusk\u00e4lla ing\u00e5r ej.<br \/>\nDesignad av Joakim Fihn.<\/p>\n<p>Diameter 30 cm<br \/>\nDjup 10 cm<\/p>\n<p>Tillverkad i Varberg, Sverige.<\/p>\n","protected":false},"excerpt":{"rendered":"<p>Diablo \u00e4r en exklusiv v\u00e4gglampa tillverkad i h\u00f6gkvalitativ metall med ett mycket behagligt ljusm\u00f6nster. Designen \u00e4r skandinaviskt minimalistisk men g\u00f6r \u00e4nd\u00e5 ett starkt intryck. Den runda lampan best\u00e5r av fyra cirklar staplade ovanp\u00e5 varandra, vilket skapar ett riktigt stilrent uttryck och inte minst ett st\u00e4mningsfullt ljusspel i rummet. Passar perfekt i korridorer, trapphus, vardagsrum och [&hellip;]<\/p>\n","protected":false},"featured_media":83200,"comment_status":"open","ping_status":"closed","template":"","meta":{"_acf_changed":false,"_relevanssi_hide_post":"","_relevanssi_hide_content":"","_relevanssi_pin_for_all":"","_relevanssi_pin_keywords":"","_relevanssi_unpin_keywords":"","_relevanssi_related_keywords":"","_relevanssi_related_include_ids":"","_relevanssi_related_exclude_ids":"","_relevanssi_related_no_append":"","_relevanssi_related_not_related":"","_relevanssi_related_posts":"","_relevanssi_noindex_reason":""},"pwb-brand":[37482],"product_brand":[],"product_cat":[32120],"product_tag":[],"class_list":{"0":"post-101683","1":"product","2":"type-product","3":"status-publish","4":"has-post-thumbnail","6":"pwb-brand-belid-sv","7":"product_cat-vagglampor","9":"first","10":"instock","11":"taxable","12":"shipping-taxable","13":"purchasable","14":"product-type-simple"},"acf":[],"yoast_head":"<!-- This site is optimized with the Yoast SEO plugin v27.5 - https:\/\/yoast.com\/product\/yoast-seo-wordpress\/ -->\n<title>Diablo v\u00e4ggarmatur 30 cm svart\/r\u00f6d - Oy Noortrade Ab<\/title>\n<meta name=\"robots\" content=\"index, follow, max-snippet:-1, max-image-preview:large, max-video-preview:-1\" \/>\n<link rel=\"canonical\" href=\"https:\/\/shop.noor.fi\/tuote\/diablo-seinavalaisin-musta-pun-30cm\/\" \/>\n<meta property=\"og:locale\" content=\"sv_SE\" \/>\n<meta property=\"og:type\" content=\"article\" \/>\n<meta property=\"og:title\" content=\"Diablo v\u00e4ggarmatur 30 cm svart\/r\u00f6d - Oy Noortrade Ab\" \/>\n<meta property=\"og:description\" content=\"Diablo \u00e4r en exklusiv v\u00e4gglampa tillverkad i h\u00f6gkvalitativ metall med ett mycket behagligt ljusm\u00f6nster. Designen \u00e4r skandinaviskt minimalistisk men g\u00f6r \u00e4nd\u00e5 ett starkt intryck. Den runda lampan best\u00e5r av fyra cirklar staplade ovanp\u00e5 varandra, vilket skapar ett riktigt stilrent uttryck och inte minst ett st\u00e4mningsfullt ljusspel i rummet. Passar perfekt i korridorer, trapphus, vardagsrum och [&hellip;]\" \/>\n<meta property=\"og:url\" content=\"https:\/\/shop.noor.fi\/tuote\/diablo-seinavalaisin-musta-pun-30cm\/\" \/>\n<meta property=\"og:site_name\" content=\"Oy Noortrade Ab\" \/>\n<meta property=\"article:modified_time\" content=\"2026-05-07T08:08:52+00:00\" \/>\n<meta property=\"og:image\" content=\"https:\/\/shop.noor.fi\/wp-content\/uploads\/2024\/01\/7391534070649.jpg\" \/>\n\t<meta property=\"og:image:width\" content=\"2560\" \/>\n\t<meta property=\"og:image:height\" content=\"2560\" \/>\n\t<meta property=\"og:image:type\" content=\"image\/jpeg\" \/>\n<meta name=\"twitter:card\" content=\"summary_large_image\" \/>\n<script type=\"application\/ld+json\" class=\"yoast-schema-graph\">{\"@context\":\"https:\\\/\\\/schema.org\",\"@graph\":[{\"@type\":\"WebPage\",\"@id\":\"https:\\\/\\\/shop.noor.fi\\\/tuote\\\/diablo-seinavalaisin-musta-pun-30cm\\\/\",\"url\":\"https:\\\/\\\/shop.noor.fi\\\/tuote\\\/diablo-seinavalaisin-musta-pun-30cm\\\/\",\"name\":\"Diablo v\u00e4ggarmatur 30 cm svart\\\/r\u00f6d - Oy Noortrade Ab\",\"isPartOf\":{\"@id\":\"https:\\\/\\\/shopnoorfi-wp31835.test.cchosting.fi\\\/#website\"},\"primaryImageOfPage\":{\"@id\":\"https:\\\/\\\/shop.noor.fi\\\/tuote\\\/diablo-seinavalaisin-musta-pun-30cm\\\/#primaryimage\"},\"image\":{\"@id\":\"https:\\\/\\\/shop.noor.fi\\\/tuote\\\/diablo-seinavalaisin-musta-pun-30cm\\\/#primaryimage\"},\"thumbnailUrl\":\"https:\\\/\\\/shop.noor.fi\\\/wp-content\\\/uploads\\\/2024\\\/01\\\/7391534070649.jpg\",\"datePublished\":\"2024-03-08T13:36:27+00:00\",\"dateModified\":\"2026-05-07T08:08:52+00:00\",\"breadcrumb\":{\"@id\":\"https:\\\/\\\/shop.noor.fi\\\/tuote\\\/diablo-seinavalaisin-musta-pun-30cm\\\/#breadcrumb\"},\"inLanguage\":\"sv-SE\",\"potentialAction\":[{\"@type\":\"ReadAction\",\"target\":[\"https:\\\/\\\/shop.noor.fi\\\/tuote\\\/diablo-seinavalaisin-musta-pun-30cm\\\/\"]}]},{\"@type\":\"ImageObject\",\"inLanguage\":\"sv-SE\",\"@id\":\"https:\\\/\\\/shop.noor.fi\\\/tuote\\\/diablo-seinavalaisin-musta-pun-30cm\\\/#primaryimage\",\"url\":\"https:\\\/\\\/shop.noor.fi\\\/wp-content\\\/uploads\\\/2024\\\/01\\\/7391534070649.jpg\",\"contentUrl\":\"https:\\\/\\\/shop.noor.fi\\\/wp-content\\\/uploads\\\/2024\\\/01\\\/7391534070649.jpg\",\"width\":2560,\"height\":2560},{\"@type\":\"BreadcrumbList\",\"@id\":\"https:\\\/\\\/shop.noor.fi\\\/tuote\\\/diablo-seinavalaisin-musta-pun-30cm\\\/#breadcrumb\",\"itemListElement\":[{\"@type\":\"ListItem\",\"position\":1,\"name\":\"Etusivu\",\"item\":\"https:\\\/\\\/shop.noor.fi\\\/sv\\\/\"},{\"@type\":\"ListItem\",\"position\":2,\"name\":\"Butik\",\"item\":\"https:\\\/\\\/shopnoorfi-wp31835.test.cchosting.fi\\\/sv\\\/butik\\\/\"},{\"@type\":\"ListItem\",\"position\":3,\"name\":\"Diablo v\u00e4ggarmatur 30 cm svart\\\/r\u00f6d\"}]},{\"@type\":\"WebSite\",\"@id\":\"https:\\\/\\\/shopnoorfi-wp31835.test.cchosting.fi\\\/#website\",\"url\":\"https:\\\/\\\/shopnoorfi-wp31835.test.cchosting.fi\\\/\",\"name\":\"Oy Noortrade Ab\",\"description\":\"Finnish family owned company with over 30 years of professional experience in lighting &amp; interior products import and sales - reliably.\",\"publisher\":{\"@id\":\"https:\\\/\\\/shopnoorfi-wp31835.test.cchosting.fi\\\/#organization\"},\"potentialAction\":[{\"@type\":\"SearchAction\",\"target\":{\"@type\":\"EntryPoint\",\"urlTemplate\":\"https:\\\/\\\/shopnoorfi-wp31835.test.cchosting.fi\\\/?s={search_term_string}\"},\"query-input\":{\"@type\":\"PropertyValueSpecification\",\"valueRequired\":true,\"valueName\":\"search_term_string\"}}],\"inLanguage\":\"sv-SE\"},{\"@type\":\"Organization\",\"@id\":\"https:\\\/\\\/shopnoorfi-wp31835.test.cchosting.fi\\\/#organization\",\"name\":\"Oy Noortrade Ab\",\"url\":\"https:\\\/\\\/shopnoorfi-wp31835.test.cchosting.fi\\\/\",\"logo\":{\"@type\":\"ImageObject\",\"inLanguage\":\"sv-SE\",\"@id\":\"https:\\\/\\\/shopnoorfi-wp31835.test.cchosting.fi\\\/#\\\/schema\\\/logo\\\/image\\\/\",\"url\":\"https:\\\/\\\/shop.noor.fi\\\/wp-content\\\/uploads\\\/2024\\\/01\\\/Oy-Noortrade-Ab-Corbel-VERSAL-bold-BLACK.png\",\"contentUrl\":\"https:\\\/\\\/shop.noor.fi\\\/wp-content\\\/uploads\\\/2024\\\/01\\\/Oy-Noortrade-Ab-Corbel-VERSAL-bold-BLACK.png\",\"width\":721,\"height\":177,\"caption\":\"Oy Noortrade Ab\"},\"image\":{\"@id\":\"https:\\\/\\\/shopnoorfi-wp31835.test.cchosting.fi\\\/#\\\/schema\\\/logo\\\/image\\\/\"}}]}<\/script>\n<!-- \/ Yoast SEO plugin. -->","yoast_head_json":{"title":"Diablo v\u00e4ggarmatur 30 cm svart\/r\u00f6d - Oy Noortrade Ab","robots":{"index":"index","follow":"follow","max-snippet":"max-snippet:-1","max-image-preview":"max-image-preview:large","max-video-preview":"max-video-preview:-1"},"canonical":"https:\/\/shop.noor.fi\/tuote\/diablo-seinavalaisin-musta-pun-30cm\/","og_locale":"sv_SE","og_type":"article","og_title":"Diablo v\u00e4ggarmatur 30 cm svart\/r\u00f6d - Oy Noortrade Ab","og_description":"Diablo \u00e4r en exklusiv v\u00e4gglampa tillverkad i h\u00f6gkvalitativ metall med ett mycket behagligt ljusm\u00f6nster. Designen \u00e4r skandinaviskt minimalistisk men g\u00f6r \u00e4nd\u00e5 ett starkt intryck. Den runda lampan best\u00e5r av fyra cirklar staplade ovanp\u00e5 varandra, vilket skapar ett riktigt stilrent uttryck och inte minst ett st\u00e4mningsfullt ljusspel i rummet. Passar perfekt i korridorer, trapphus, vardagsrum och [&hellip;]","og_url":"https:\/\/shop.noor.fi\/tuote\/diablo-seinavalaisin-musta-pun-30cm\/","og_site_name":"Oy Noortrade Ab","article_modified_time":"2026-05-07T08:08:52+00:00","og_image":[{"width":2560,"height":2560,"url":"https:\/\/shop.noor.fi\/wp-content\/uploads\/2024\/01\/7391534070649.jpg","type":"image\/jpeg"}],"twitter_card":"summary_large_image","schema":{"@context":"https:\/\/schema.org","@graph":[{"@type":"WebPage","@id":"https:\/\/shop.noor.fi\/tuote\/diablo-seinavalaisin-musta-pun-30cm\/","url":"https:\/\/shop.noor.fi\/tuote\/diablo-seinavalaisin-musta-pun-30cm\/","name":"Diablo v\u00e4ggarmatur 30 cm svart\/r\u00f6d - Oy Noortrade Ab","isPartOf":{"@id":"https:\/\/shopnoorfi-wp31835.test.cchosting.fi\/#website"},"primaryImageOfPage":{"@id":"https:\/\/shop.noor.fi\/tuote\/diablo-seinavalaisin-musta-pun-30cm\/#primaryimage"},"image":{"@id":"https:\/\/shop.noor.fi\/tuote\/diablo-seinavalaisin-musta-pun-30cm\/#primaryimage"},"thumbnailUrl":"https:\/\/shop.noor.fi\/wp-content\/uploads\/2024\/01\/7391534070649.jpg","datePublished":"2024-03-08T13:36:27+00:00","dateModified":"2026-05-07T08:08:52+00:00","breadcrumb":{"@id":"https:\/\/shop.noor.fi\/tuote\/diablo-seinavalaisin-musta-pun-30cm\/#breadcrumb"},"inLanguage":"sv-SE","potentialAction":[{"@type":"ReadAction","target":["https:\/\/shop.noor.fi\/tuote\/diablo-seinavalaisin-musta-pun-30cm\/"]}]},{"@type":"ImageObject","inLanguage":"sv-SE","@id":"https:\/\/shop.noor.fi\/tuote\/diablo-seinavalaisin-musta-pun-30cm\/#primaryimage","url":"https:\/\/shop.noor.fi\/wp-content\/uploads\/2024\/01\/7391534070649.jpg","contentUrl":"https:\/\/shop.noor.fi\/wp-content\/uploads\/2024\/01\/7391534070649.jpg","width":2560,"height":2560},{"@type":"BreadcrumbList","@id":"https:\/\/shop.noor.fi\/tuote\/diablo-seinavalaisin-musta-pun-30cm\/#breadcrumb","itemListElement":[{"@type":"ListItem","position":1,"name":"Etusivu","item":"https:\/\/shop.noor.fi\/sv\/"},{"@type":"ListItem","position":2,"name":"Butik","item":"https:\/\/shopnoorfi-wp31835.test.cchosting.fi\/sv\/butik\/"},{"@type":"ListItem","position":3,"name":"Diablo v\u00e4ggarmatur 30 cm svart\/r\u00f6d"}]},{"@type":"WebSite","@id":"https:\/\/shopnoorfi-wp31835.test.cchosting.fi\/#website","url":"https:\/\/shopnoorfi-wp31835.test.cchosting.fi\/","name":"Oy Noortrade Ab","description":"Finnish family owned company with over 30 years of professional experience in lighting &amp; interior products import and sales - reliably.","publisher":{"@id":"https:\/\/shopnoorfi-wp31835.test.cchosting.fi\/#organization"},"potentialAction":[{"@type":"SearchAction","target":{"@type":"EntryPoint","urlTemplate":"https:\/\/shopnoorfi-wp31835.test.cchosting.fi\/?s={search_term_string}"},"query-input":{"@type":"PropertyValueSpecification","valueRequired":true,"valueName":"search_term_string"}}],"inLanguage":"sv-SE"},{"@type":"Organization","@id":"https:\/\/shopnoorfi-wp31835.test.cchosting.fi\/#organization","name":"Oy Noortrade Ab","url":"https:\/\/shopnoorfi-wp31835.test.cchosting.fi\/","logo":{"@type":"ImageObject","inLanguage":"sv-SE","@id":"https:\/\/shopnoorfi-wp31835.test.cchosting.fi\/#\/schema\/logo\/image\/","url":"https:\/\/shop.noor.fi\/wp-content\/uploads\/2024\/01\/Oy-Noortrade-Ab-Corbel-VERSAL-bold-BLACK.png","contentUrl":"https:\/\/shop.noor.fi\/wp-content\/uploads\/2024\/01\/Oy-Noortrade-Ab-Corbel-VERSAL-bold-BLACK.png","width":721,"height":177,"caption":"Oy Noortrade Ab"},"image":{"@id":"https:\/\/shopnoorfi-wp31835.test.cchosting.fi\/#\/schema\/logo\/image\/"}}]}},"brands":[{"id":37482,"name":"Belid","slug":"belid-sv"}],"_links":{"self":[{"href":"https:\/\/shop.noor.fi\/sv\/wp-json\/wp\/v2\/product\/101683","targetHints":{"allow":["GET"]}}],"collection":[{"href":"https:\/\/shop.noor.fi\/sv\/wp-json\/wp\/v2\/product"}],"about":[{"href":"https:\/\/shop.noor.fi\/sv\/wp-json\/wp\/v2\/types\/product"}],"replies":[{"embeddable":true,"href":"https:\/\/shop.noor.fi\/sv\/wp-json\/wp\/v2\/comments?post=101683"}],"wp:featuredmedia":[{"embeddable":true,"href":"https:\/\/shop.noor.fi\/sv\/wp-json\/wp\/v2\/media\/83200"}],"wp:attachment":[{"href":"https:\/\/shop.noor.fi\/sv\/wp-json\/wp\/v2\/media?parent=101683"}],"wp:term":[{"taxonomy":"pwb-brand","embeddable":true,"href":"https:\/\/shop.noor.fi\/sv\/wp-json\/wp\/v2\/pwb-brand?post=101683"},{"taxonomy":"product_brand","embeddable":true,"href":"https:\/\/shop.noor.fi\/sv\/wp-json\/wp\/v2\/product_brand?post=101683"},{"taxonomy":"product_cat","embeddable":true,"href":"https:\/\/shop.noor.fi\/sv\/wp-json\/wp\/v2\/product_cat?post=101683"},{"taxonomy":"product_tag","embeddable":true,"href":"https:\/\/shop.noor.fi\/sv\/wp-json\/wp\/v2\/product_tag?post=101683"}],"curies":[{"name":"wp","href":"https:\/\/api.w.org\/{rel}","templated":true}]}}