{"id":101606,"date":"2024-03-08T15:36:43","date_gmt":"2024-03-08T13:36:43","guid":{"rendered":"https:\/\/shop.noor.fi\/product\/slender-bordarmatur-svart-massing\/"},"modified":"2026-05-07T10:53:14","modified_gmt":"2026-05-07T07:53:14","slug":"slender-bordarmatur-svart-massing","status":"publish","type":"product","link":"https:\/\/shop.noor.fi\/sv\/produkt\/slender-bordarmatur-svart-massing\/","title":{"rendered":"Slender bordarmatur svart\/m\u00e4ssing"},"content":{"rendered":"<p>Slender bordslampa har en enkel och modern design som passar bra p\u00e5 skrivbordet eller nattduksbordet. Den \u00e4r tillverkad av h\u00f6gkvalitativa material f\u00f6r att vara h\u00e5llbar och p\u00e5litlig. Lampan har en justerbar sk\u00e4rm f\u00f6r att du ska kunna rikta ljuset d\u00e4r du beh\u00f6ver det mest. Med sina eleganta f\u00e4rger och detaljer ger Slender en stilfull touch till ditt rum.<br \/>\nLampan har en 250 cm l\u00e5ng textilsladd. Str\u00f6mbrytare p\u00e5 sk\u00e4rmen.<br \/>\nGU10, max 4W. Ljusk\u00e4lla ing\u00e5r ej.<\/p>\n<p>Bredd 29 cm<br \/>\nDjup 15,5 cm<br \/>\nH\u00f6jd 53,5 cm<\/p>\n<p>Tillverkad i Varberg, Sverige.<\/p>\n","protected":false},"excerpt":{"rendered":"<p>Slender bordslampa har en enkel och modern design som passar bra p\u00e5 skrivbordet eller nattduksbordet. Den \u00e4r tillverkad av h\u00f6gkvalitativa material f\u00f6r att vara h\u00e5llbar och p\u00e5litlig. Lampan har en justerbar sk\u00e4rm f\u00f6r att du ska kunna rikta ljuset d\u00e4r du beh\u00f6ver det mest. Med sina eleganta f\u00e4rger och detaljer ger Slender en stilfull touch [&hellip;]<\/p>\n","protected":false},"featured_media":82724,"comment_status":"open","ping_status":"closed","template":"","meta":{"_acf_changed":false,"_relevanssi_hide_post":"","_relevanssi_hide_content":"","_relevanssi_pin_for_all":"","_relevanssi_pin_keywords":"","_relevanssi_unpin_keywords":"","_relevanssi_related_keywords":"","_relevanssi_related_include_ids":"","_relevanssi_related_exclude_ids":"","_relevanssi_related_no_append":"","_relevanssi_related_not_related":"","_relevanssi_related_posts":"","_relevanssi_noindex_reason":""},"pwb-brand":[37482],"product_brand":[],"product_cat":[32105],"product_tag":[],"class_list":{"0":"post-101606","1":"product","2":"type-product","3":"status-publish","4":"has-post-thumbnail","6":"pwb-brand-belid-sv","7":"product_cat-bordslampor","9":"first","10":"onbackorder","11":"taxable","12":"shipping-taxable","13":"purchasable","14":"product-type-simple"},"acf":[],"yoast_head":"<!-- This site is optimized with the Yoast SEO plugin v27.5 - https:\/\/yoast.com\/product\/yoast-seo-wordpress\/ -->\n<title>Slender bordarmatur svart\/m\u00e4ssing - Oy Noortrade Ab<\/title>\n<meta name=\"robots\" content=\"index, follow, max-snippet:-1, max-image-preview:large, max-video-preview:-1\" \/>\n<link rel=\"canonical\" href=\"https:\/\/shop.noor.fi\/tuote\/slender-poytavalaisin-musta-messinki\/\" \/>\n<meta property=\"og:locale\" content=\"sv_SE\" \/>\n<meta property=\"og:type\" content=\"article\" \/>\n<meta property=\"og:title\" content=\"Slender bordarmatur svart\/m\u00e4ssing - Oy Noortrade Ab\" \/>\n<meta property=\"og:description\" content=\"Slender bordslampa har en enkel och modern design som passar bra p\u00e5 skrivbordet eller nattduksbordet. Den \u00e4r tillverkad av h\u00f6gkvalitativa material f\u00f6r att vara h\u00e5llbar och p\u00e5litlig. Lampan har en justerbar sk\u00e4rm f\u00f6r att du ska kunna rikta ljuset d\u00e4r du beh\u00f6ver det mest. Med sina eleganta f\u00e4rger och detaljer ger Slender en stilfull touch [&hellip;]\" \/>\n<meta property=\"og:url\" content=\"https:\/\/shop.noor.fi\/tuote\/slender-poytavalaisin-musta-messinki\/\" \/>\n<meta property=\"og:site_name\" content=\"Oy Noortrade Ab\" \/>\n<meta property=\"article:modified_time\" content=\"2026-05-07T07:53:14+00:00\" \/>\n<meta property=\"og:image\" content=\"https:\/\/shop.noor.fi\/wp-content\/uploads\/2024\/01\/7391534011604.jpg\" \/>\n\t<meta property=\"og:image:width\" content=\"2560\" \/>\n\t<meta property=\"og:image:height\" content=\"2560\" \/>\n\t<meta property=\"og:image:type\" content=\"image\/jpeg\" \/>\n<meta name=\"twitter:card\" content=\"summary_large_image\" \/>\n<script type=\"application\/ld+json\" class=\"yoast-schema-graph\">{\"@context\":\"https:\\\/\\\/schema.org\",\"@graph\":[{\"@type\":\"WebPage\",\"@id\":\"https:\\\/\\\/shop.noor.fi\\\/tuote\\\/slender-poytavalaisin-musta-messinki\\\/\",\"url\":\"https:\\\/\\\/shop.noor.fi\\\/tuote\\\/slender-poytavalaisin-musta-messinki\\\/\",\"name\":\"Slender bordarmatur svart\\\/m\u00e4ssing - Oy Noortrade Ab\",\"isPartOf\":{\"@id\":\"https:\\\/\\\/shopnoorfi-wp31835.test.cchosting.fi\\\/#website\"},\"primaryImageOfPage\":{\"@id\":\"https:\\\/\\\/shop.noor.fi\\\/tuote\\\/slender-poytavalaisin-musta-messinki\\\/#primaryimage\"},\"image\":{\"@id\":\"https:\\\/\\\/shop.noor.fi\\\/tuote\\\/slender-poytavalaisin-musta-messinki\\\/#primaryimage\"},\"thumbnailUrl\":\"https:\\\/\\\/shop.noor.fi\\\/wp-content\\\/uploads\\\/2024\\\/01\\\/7391534011604.jpg\",\"datePublished\":\"2024-03-08T13:36:43+00:00\",\"dateModified\":\"2026-05-07T07:53:14+00:00\",\"breadcrumb\":{\"@id\":\"https:\\\/\\\/shop.noor.fi\\\/tuote\\\/slender-poytavalaisin-musta-messinki\\\/#breadcrumb\"},\"inLanguage\":\"sv-SE\",\"potentialAction\":[{\"@type\":\"ReadAction\",\"target\":[\"https:\\\/\\\/shop.noor.fi\\\/tuote\\\/slender-poytavalaisin-musta-messinki\\\/\"]}]},{\"@type\":\"ImageObject\",\"inLanguage\":\"sv-SE\",\"@id\":\"https:\\\/\\\/shop.noor.fi\\\/tuote\\\/slender-poytavalaisin-musta-messinki\\\/#primaryimage\",\"url\":\"https:\\\/\\\/shop.noor.fi\\\/wp-content\\\/uploads\\\/2024\\\/01\\\/7391534011604.jpg\",\"contentUrl\":\"https:\\\/\\\/shop.noor.fi\\\/wp-content\\\/uploads\\\/2024\\\/01\\\/7391534011604.jpg\",\"width\":2560,\"height\":2560},{\"@type\":\"BreadcrumbList\",\"@id\":\"https:\\\/\\\/shop.noor.fi\\\/tuote\\\/slender-poytavalaisin-musta-messinki\\\/#breadcrumb\",\"itemListElement\":[{\"@type\":\"ListItem\",\"position\":1,\"name\":\"Etusivu\",\"item\":\"https:\\\/\\\/shop.noor.fi\\\/sv\\\/\"},{\"@type\":\"ListItem\",\"position\":2,\"name\":\"Butik\",\"item\":\"https:\\\/\\\/shopnoorfi-wp31835.test.cchosting.fi\\\/sv\\\/butik\\\/\"},{\"@type\":\"ListItem\",\"position\":3,\"name\":\"Slender bordarmatur svart\\\/m\u00e4ssing\"}]},{\"@type\":\"WebSite\",\"@id\":\"https:\\\/\\\/shopnoorfi-wp31835.test.cchosting.fi\\\/#website\",\"url\":\"https:\\\/\\\/shopnoorfi-wp31835.test.cchosting.fi\\\/\",\"name\":\"Oy Noortrade Ab\",\"description\":\"Finnish family owned company with over 30 years of professional experience in lighting &amp; interior products import and sales - reliably.\",\"publisher\":{\"@id\":\"https:\\\/\\\/shopnoorfi-wp31835.test.cchosting.fi\\\/#organization\"},\"potentialAction\":[{\"@type\":\"SearchAction\",\"target\":{\"@type\":\"EntryPoint\",\"urlTemplate\":\"https:\\\/\\\/shopnoorfi-wp31835.test.cchosting.fi\\\/?s={search_term_string}\"},\"query-input\":{\"@type\":\"PropertyValueSpecification\",\"valueRequired\":true,\"valueName\":\"search_term_string\"}}],\"inLanguage\":\"sv-SE\"},{\"@type\":\"Organization\",\"@id\":\"https:\\\/\\\/shopnoorfi-wp31835.test.cchosting.fi\\\/#organization\",\"name\":\"Oy Noortrade Ab\",\"url\":\"https:\\\/\\\/shopnoorfi-wp31835.test.cchosting.fi\\\/\",\"logo\":{\"@type\":\"ImageObject\",\"inLanguage\":\"sv-SE\",\"@id\":\"https:\\\/\\\/shopnoorfi-wp31835.test.cchosting.fi\\\/#\\\/schema\\\/logo\\\/image\\\/\",\"url\":\"https:\\\/\\\/shop.noor.fi\\\/wp-content\\\/uploads\\\/2024\\\/01\\\/Oy-Noortrade-Ab-Corbel-VERSAL-bold-BLACK.png\",\"contentUrl\":\"https:\\\/\\\/shop.noor.fi\\\/wp-content\\\/uploads\\\/2024\\\/01\\\/Oy-Noortrade-Ab-Corbel-VERSAL-bold-BLACK.png\",\"width\":721,\"height\":177,\"caption\":\"Oy Noortrade Ab\"},\"image\":{\"@id\":\"https:\\\/\\\/shopnoorfi-wp31835.test.cchosting.fi\\\/#\\\/schema\\\/logo\\\/image\\\/\"}}]}<\/script>\n<!-- \/ Yoast SEO plugin. -->","yoast_head_json":{"title":"Slender bordarmatur svart\/m\u00e4ssing - Oy Noortrade Ab","robots":{"index":"index","follow":"follow","max-snippet":"max-snippet:-1","max-image-preview":"max-image-preview:large","max-video-preview":"max-video-preview:-1"},"canonical":"https:\/\/shop.noor.fi\/tuote\/slender-poytavalaisin-musta-messinki\/","og_locale":"sv_SE","og_type":"article","og_title":"Slender bordarmatur svart\/m\u00e4ssing - Oy Noortrade Ab","og_description":"Slender bordslampa har en enkel och modern design som passar bra p\u00e5 skrivbordet eller nattduksbordet. Den \u00e4r tillverkad av h\u00f6gkvalitativa material f\u00f6r att vara h\u00e5llbar och p\u00e5litlig. Lampan har en justerbar sk\u00e4rm f\u00f6r att du ska kunna rikta ljuset d\u00e4r du beh\u00f6ver det mest. Med sina eleganta f\u00e4rger och detaljer ger Slender en stilfull touch [&hellip;]","og_url":"https:\/\/shop.noor.fi\/tuote\/slender-poytavalaisin-musta-messinki\/","og_site_name":"Oy Noortrade Ab","article_modified_time":"2026-05-07T07:53:14+00:00","og_image":[{"width":2560,"height":2560,"url":"https:\/\/shop.noor.fi\/wp-content\/uploads\/2024\/01\/7391534011604.jpg","type":"image\/jpeg"}],"twitter_card":"summary_large_image","schema":{"@context":"https:\/\/schema.org","@graph":[{"@type":"WebPage","@id":"https:\/\/shop.noor.fi\/tuote\/slender-poytavalaisin-musta-messinki\/","url":"https:\/\/shop.noor.fi\/tuote\/slender-poytavalaisin-musta-messinki\/","name":"Slender bordarmatur svart\/m\u00e4ssing - Oy Noortrade Ab","isPartOf":{"@id":"https:\/\/shopnoorfi-wp31835.test.cchosting.fi\/#website"},"primaryImageOfPage":{"@id":"https:\/\/shop.noor.fi\/tuote\/slender-poytavalaisin-musta-messinki\/#primaryimage"},"image":{"@id":"https:\/\/shop.noor.fi\/tuote\/slender-poytavalaisin-musta-messinki\/#primaryimage"},"thumbnailUrl":"https:\/\/shop.noor.fi\/wp-content\/uploads\/2024\/01\/7391534011604.jpg","datePublished":"2024-03-08T13:36:43+00:00","dateModified":"2026-05-07T07:53:14+00:00","breadcrumb":{"@id":"https:\/\/shop.noor.fi\/tuote\/slender-poytavalaisin-musta-messinki\/#breadcrumb"},"inLanguage":"sv-SE","potentialAction":[{"@type":"ReadAction","target":["https:\/\/shop.noor.fi\/tuote\/slender-poytavalaisin-musta-messinki\/"]}]},{"@type":"ImageObject","inLanguage":"sv-SE","@id":"https:\/\/shop.noor.fi\/tuote\/slender-poytavalaisin-musta-messinki\/#primaryimage","url":"https:\/\/shop.noor.fi\/wp-content\/uploads\/2024\/01\/7391534011604.jpg","contentUrl":"https:\/\/shop.noor.fi\/wp-content\/uploads\/2024\/01\/7391534011604.jpg","width":2560,"height":2560},{"@type":"BreadcrumbList","@id":"https:\/\/shop.noor.fi\/tuote\/slender-poytavalaisin-musta-messinki\/#breadcrumb","itemListElement":[{"@type":"ListItem","position":1,"name":"Etusivu","item":"https:\/\/shop.noor.fi\/sv\/"},{"@type":"ListItem","position":2,"name":"Butik","item":"https:\/\/shopnoorfi-wp31835.test.cchosting.fi\/sv\/butik\/"},{"@type":"ListItem","position":3,"name":"Slender bordarmatur svart\/m\u00e4ssing"}]},{"@type":"WebSite","@id":"https:\/\/shopnoorfi-wp31835.test.cchosting.fi\/#website","url":"https:\/\/shopnoorfi-wp31835.test.cchosting.fi\/","name":"Oy Noortrade Ab","description":"Finnish family owned company with over 30 years of professional experience in lighting &amp; interior products import and sales - reliably.","publisher":{"@id":"https:\/\/shopnoorfi-wp31835.test.cchosting.fi\/#organization"},"potentialAction":[{"@type":"SearchAction","target":{"@type":"EntryPoint","urlTemplate":"https:\/\/shopnoorfi-wp31835.test.cchosting.fi\/?s={search_term_string}"},"query-input":{"@type":"PropertyValueSpecification","valueRequired":true,"valueName":"search_term_string"}}],"inLanguage":"sv-SE"},{"@type":"Organization","@id":"https:\/\/shopnoorfi-wp31835.test.cchosting.fi\/#organization","name":"Oy Noortrade Ab","url":"https:\/\/shopnoorfi-wp31835.test.cchosting.fi\/","logo":{"@type":"ImageObject","inLanguage":"sv-SE","@id":"https:\/\/shopnoorfi-wp31835.test.cchosting.fi\/#\/schema\/logo\/image\/","url":"https:\/\/shop.noor.fi\/wp-content\/uploads\/2024\/01\/Oy-Noortrade-Ab-Corbel-VERSAL-bold-BLACK.png","contentUrl":"https:\/\/shop.noor.fi\/wp-content\/uploads\/2024\/01\/Oy-Noortrade-Ab-Corbel-VERSAL-bold-BLACK.png","width":721,"height":177,"caption":"Oy Noortrade Ab"},"image":{"@id":"https:\/\/shopnoorfi-wp31835.test.cchosting.fi\/#\/schema\/logo\/image\/"}}]}},"brands":[{"id":37482,"name":"Belid","slug":"belid-sv"}],"_links":{"self":[{"href":"https:\/\/shop.noor.fi\/sv\/wp-json\/wp\/v2\/product\/101606","targetHints":{"allow":["GET"]}}],"collection":[{"href":"https:\/\/shop.noor.fi\/sv\/wp-json\/wp\/v2\/product"}],"about":[{"href":"https:\/\/shop.noor.fi\/sv\/wp-json\/wp\/v2\/types\/product"}],"replies":[{"embeddable":true,"href":"https:\/\/shop.noor.fi\/sv\/wp-json\/wp\/v2\/comments?post=101606"}],"wp:featuredmedia":[{"embeddable":true,"href":"https:\/\/shop.noor.fi\/sv\/wp-json\/wp\/v2\/media\/82724"}],"wp:attachment":[{"href":"https:\/\/shop.noor.fi\/sv\/wp-json\/wp\/v2\/media?parent=101606"}],"wp:term":[{"taxonomy":"pwb-brand","embeddable":true,"href":"https:\/\/shop.noor.fi\/sv\/wp-json\/wp\/v2\/pwb-brand?post=101606"},{"taxonomy":"product_brand","embeddable":true,"href":"https:\/\/shop.noor.fi\/sv\/wp-json\/wp\/v2\/product_brand?post=101606"},{"taxonomy":"product_cat","embeddable":true,"href":"https:\/\/shop.noor.fi\/sv\/wp-json\/wp\/v2\/product_cat?post=101606"},{"taxonomy":"product_tag","embeddable":true,"href":"https:\/\/shop.noor.fi\/sv\/wp-json\/wp\/v2\/product_tag?post=101606"}],"curies":[{"name":"wp","href":"https:\/\/api.w.org\/{rel}","templated":true}]}}