{"id":101332,"date":"2023-11-03T01:45:20","date_gmt":"2023-11-02T23:45:20","guid":{"rendered":"https:\/\/shop.noor.fi\/product\/diablo-pendel-sand-brons-30-cm\/"},"modified":"2026-05-11T12:58:33","modified_gmt":"2026-05-11T09:58:33","slug":"diablo-pendel-sand-brons-30-cm","status":"publish","type":"product","link":"https:\/\/shop.noor.fi\/sv\/produkt\/diablo-pendel-sand-brons-30-cm\/","title":{"rendered":"Diablo pendel sand\/brons 30 cm"},"content":{"rendered":"<p>Diablo-pendeln \u00e4r en del av en exklusiv lampfamilj som \u00e4ven omfattar golv-, bord- och v\u00e4gglampor i olika f\u00e4rger. De mjuka, skulpturala sk\u00e4rmarna ramar in ljuset p\u00e5 ett vackert s\u00e4tt och skapar en varm och inbjudande atmosf\u00e4r samtidigt som de framh\u00e4ver lampans noggrant utvalda material. Perfekt f\u00f6r att ge stil och extra ljus \u00f6ver matbordet, denna dekorativa pendel tillf\u00f6r en modern touch i vilket rum som helst.<br \/>\nDesigner: Joakim Fihn.<br \/>\nSladdl\u00e4ngd 2,8 m. Fast installation, kopplingsplint. Takplugg ing\u00e5r ej.<br \/>\nG9, max 10W. Ljusk\u00e4lla ing\u00e5r ej.<\/p>\n<p>Diameter 30 cm<br \/>\nH\u00f6jd 12 cm<br \/>\nTakkopp: diameter 10,5 cm och h\u00f6jd 2,8 cm<\/p>\n<p>Tillverkad i Varberg, Sverige.<\/p>\n","protected":false},"excerpt":{"rendered":"<p>Diablo-pendeln \u00e4r en del av en exklusiv lampfamilj som \u00e4ven omfattar golv-, bord- och v\u00e4gglampor i olika f\u00e4rger. De mjuka, skulpturala sk\u00e4rmarna ramar in ljuset p\u00e5 ett vackert s\u00e4tt och skapar en varm och inbjudande atmosf\u00e4r samtidigt som de framh\u00e4ver lampans noggrant utvalda material. Perfekt f\u00f6r att ge stil och extra ljus \u00f6ver matbordet, denna [&hellip;]<\/p>\n","protected":false},"featured_media":82074,"comment_status":"open","ping_status":"closed","template":"","meta":{"_acf_changed":false,"_relevanssi_hide_post":"","_relevanssi_hide_content":"","_relevanssi_pin_for_all":"","_relevanssi_pin_keywords":"","_relevanssi_unpin_keywords":"","_relevanssi_related_keywords":"","_relevanssi_related_include_ids":"","_relevanssi_related_exclude_ids":"","_relevanssi_related_no_append":"","_relevanssi_related_not_related":"","_relevanssi_related_posts":"","_relevanssi_noindex_reason":""},"pwb-brand":[37482],"product_brand":[],"product_cat":[32115],"product_tag":[],"class_list":{"0":"post-101332","1":"product","2":"type-product","3":"status-publish","4":"has-post-thumbnail","6":"pwb-brand-belid-sv","7":"product_cat-pendlar","9":"first","10":"onbackorder","11":"taxable","12":"shipping-taxable","13":"purchasable","14":"product-type-simple"},"acf":[],"yoast_head":"<!-- This site is optimized with the Yoast SEO plugin v27.5 - https:\/\/yoast.com\/product\/yoast-seo-wordpress\/ -->\n<title>Diablo pendel sand\/brons 30 cm - Oy Noortrade Ab<\/title>\n<meta name=\"robots\" content=\"index, follow, max-snippet:-1, max-image-preview:large, max-video-preview:-1\" \/>\n<link rel=\"canonical\" href=\"https:\/\/shop.noor.fi\/tuote\/diablo-riippuvalaisin-hiekka-pronssi-30-cm\/\" \/>\n<meta property=\"og:locale\" content=\"sv_SE\" \/>\n<meta property=\"og:type\" content=\"article\" \/>\n<meta property=\"og:title\" content=\"Diablo pendel sand\/brons 30 cm - Oy Noortrade Ab\" \/>\n<meta property=\"og:description\" content=\"Diablo-pendeln \u00e4r en del av en exklusiv lampfamilj som \u00e4ven omfattar golv-, bord- och v\u00e4gglampor i olika f\u00e4rger. De mjuka, skulpturala sk\u00e4rmarna ramar in ljuset p\u00e5 ett vackert s\u00e4tt och skapar en varm och inbjudande atmosf\u00e4r samtidigt som de framh\u00e4ver lampans noggrant utvalda material. Perfekt f\u00f6r att ge stil och extra ljus \u00f6ver matbordet, denna [&hellip;]\" \/>\n<meta property=\"og:url\" content=\"https:\/\/shop.noor.fi\/tuote\/diablo-riippuvalaisin-hiekka-pronssi-30-cm\/\" \/>\n<meta property=\"og:site_name\" content=\"Oy Noortrade Ab\" \/>\n<meta property=\"article:modified_time\" content=\"2026-05-11T09:58:33+00:00\" \/>\n<meta property=\"og:image\" content=\"https:\/\/shop.noor.fi\/wp-content\/uploads\/2024\/01\/7391534003951.jpg\" \/>\n\t<meta property=\"og:image:width\" content=\"2560\" \/>\n\t<meta property=\"og:image:height\" content=\"2560\" \/>\n\t<meta property=\"og:image:type\" content=\"image\/jpeg\" \/>\n<meta name=\"twitter:card\" content=\"summary_large_image\" \/>\n<meta name=\"twitter:label1\" content=\"Ber\u00e4knad l\u00e4stid\" \/>\n\t<meta name=\"twitter:data1\" content=\"1 minut\" \/>\n<script type=\"application\/ld+json\" class=\"yoast-schema-graph\">{\"@context\":\"https:\\\/\\\/schema.org\",\"@graph\":[{\"@type\":\"WebPage\",\"@id\":\"https:\\\/\\\/shop.noor.fi\\\/tuote\\\/diablo-riippuvalaisin-hiekka-pronssi-30-cm\\\/\",\"url\":\"https:\\\/\\\/shop.noor.fi\\\/tuote\\\/diablo-riippuvalaisin-hiekka-pronssi-30-cm\\\/\",\"name\":\"Diablo pendel sand\\\/brons 30 cm - Oy Noortrade Ab\",\"isPartOf\":{\"@id\":\"https:\\\/\\\/shopnoorfi-wp31835.test.cchosting.fi\\\/#website\"},\"primaryImageOfPage\":{\"@id\":\"https:\\\/\\\/shop.noor.fi\\\/tuote\\\/diablo-riippuvalaisin-hiekka-pronssi-30-cm\\\/#primaryimage\"},\"image\":{\"@id\":\"https:\\\/\\\/shop.noor.fi\\\/tuote\\\/diablo-riippuvalaisin-hiekka-pronssi-30-cm\\\/#primaryimage\"},\"thumbnailUrl\":\"https:\\\/\\\/shop.noor.fi\\\/wp-content\\\/uploads\\\/2024\\\/01\\\/7391534003951.jpg\",\"datePublished\":\"2023-11-02T23:45:20+00:00\",\"dateModified\":\"2026-05-11T09:58:33+00:00\",\"breadcrumb\":{\"@id\":\"https:\\\/\\\/shop.noor.fi\\\/tuote\\\/diablo-riippuvalaisin-hiekka-pronssi-30-cm\\\/#breadcrumb\"},\"inLanguage\":\"sv-SE\",\"potentialAction\":[{\"@type\":\"ReadAction\",\"target\":[\"https:\\\/\\\/shop.noor.fi\\\/tuote\\\/diablo-riippuvalaisin-hiekka-pronssi-30-cm\\\/\"]}]},{\"@type\":\"ImageObject\",\"inLanguage\":\"sv-SE\",\"@id\":\"https:\\\/\\\/shop.noor.fi\\\/tuote\\\/diablo-riippuvalaisin-hiekka-pronssi-30-cm\\\/#primaryimage\",\"url\":\"https:\\\/\\\/shop.noor.fi\\\/wp-content\\\/uploads\\\/2024\\\/01\\\/7391534003951.jpg\",\"contentUrl\":\"https:\\\/\\\/shop.noor.fi\\\/wp-content\\\/uploads\\\/2024\\\/01\\\/7391534003951.jpg\",\"width\":2560,\"height\":2560},{\"@type\":\"BreadcrumbList\",\"@id\":\"https:\\\/\\\/shop.noor.fi\\\/tuote\\\/diablo-riippuvalaisin-hiekka-pronssi-30-cm\\\/#breadcrumb\",\"itemListElement\":[{\"@type\":\"ListItem\",\"position\":1,\"name\":\"Etusivu\",\"item\":\"https:\\\/\\\/shop.noor.fi\\\/sv\\\/\"},{\"@type\":\"ListItem\",\"position\":2,\"name\":\"Butik\",\"item\":\"https:\\\/\\\/shopnoorfi-wp31835.test.cchosting.fi\\\/sv\\\/butik\\\/\"},{\"@type\":\"ListItem\",\"position\":3,\"name\":\"Diablo pendel sand\\\/brons 30 cm\"}]},{\"@type\":\"WebSite\",\"@id\":\"https:\\\/\\\/shopnoorfi-wp31835.test.cchosting.fi\\\/#website\",\"url\":\"https:\\\/\\\/shopnoorfi-wp31835.test.cchosting.fi\\\/\",\"name\":\"Oy Noortrade Ab\",\"description\":\"Finnish family owned company with over 30 years of professional experience in lighting &amp; interior products import and sales - reliably.\",\"publisher\":{\"@id\":\"https:\\\/\\\/shopnoorfi-wp31835.test.cchosting.fi\\\/#organization\"},\"potentialAction\":[{\"@type\":\"SearchAction\",\"target\":{\"@type\":\"EntryPoint\",\"urlTemplate\":\"https:\\\/\\\/shopnoorfi-wp31835.test.cchosting.fi\\\/?s={search_term_string}\"},\"query-input\":{\"@type\":\"PropertyValueSpecification\",\"valueRequired\":true,\"valueName\":\"search_term_string\"}}],\"inLanguage\":\"sv-SE\"},{\"@type\":\"Organization\",\"@id\":\"https:\\\/\\\/shopnoorfi-wp31835.test.cchosting.fi\\\/#organization\",\"name\":\"Oy Noortrade Ab\",\"url\":\"https:\\\/\\\/shopnoorfi-wp31835.test.cchosting.fi\\\/\",\"logo\":{\"@type\":\"ImageObject\",\"inLanguage\":\"sv-SE\",\"@id\":\"https:\\\/\\\/shopnoorfi-wp31835.test.cchosting.fi\\\/#\\\/schema\\\/logo\\\/image\\\/\",\"url\":\"https:\\\/\\\/shop.noor.fi\\\/wp-content\\\/uploads\\\/2024\\\/01\\\/Oy-Noortrade-Ab-Corbel-VERSAL-bold-BLACK.png\",\"contentUrl\":\"https:\\\/\\\/shop.noor.fi\\\/wp-content\\\/uploads\\\/2024\\\/01\\\/Oy-Noortrade-Ab-Corbel-VERSAL-bold-BLACK.png\",\"width\":721,\"height\":177,\"caption\":\"Oy Noortrade Ab\"},\"image\":{\"@id\":\"https:\\\/\\\/shopnoorfi-wp31835.test.cchosting.fi\\\/#\\\/schema\\\/logo\\\/image\\\/\"}}]}<\/script>\n<!-- \/ Yoast SEO plugin. -->","yoast_head_json":{"title":"Diablo pendel sand\/brons 30 cm - Oy Noortrade Ab","robots":{"index":"index","follow":"follow","max-snippet":"max-snippet:-1","max-image-preview":"max-image-preview:large","max-video-preview":"max-video-preview:-1"},"canonical":"https:\/\/shop.noor.fi\/tuote\/diablo-riippuvalaisin-hiekka-pronssi-30-cm\/","og_locale":"sv_SE","og_type":"article","og_title":"Diablo pendel sand\/brons 30 cm - Oy Noortrade Ab","og_description":"Diablo-pendeln \u00e4r en del av en exklusiv lampfamilj som \u00e4ven omfattar golv-, bord- och v\u00e4gglampor i olika f\u00e4rger. De mjuka, skulpturala sk\u00e4rmarna ramar in ljuset p\u00e5 ett vackert s\u00e4tt och skapar en varm och inbjudande atmosf\u00e4r samtidigt som de framh\u00e4ver lampans noggrant utvalda material. Perfekt f\u00f6r att ge stil och extra ljus \u00f6ver matbordet, denna [&hellip;]","og_url":"https:\/\/shop.noor.fi\/tuote\/diablo-riippuvalaisin-hiekka-pronssi-30-cm\/","og_site_name":"Oy Noortrade Ab","article_modified_time":"2026-05-11T09:58:33+00:00","og_image":[{"width":2560,"height":2560,"url":"https:\/\/shop.noor.fi\/wp-content\/uploads\/2024\/01\/7391534003951.jpg","type":"image\/jpeg"}],"twitter_card":"summary_large_image","twitter_misc":{"Ber\u00e4knad l\u00e4stid":"1 minut"},"schema":{"@context":"https:\/\/schema.org","@graph":[{"@type":"WebPage","@id":"https:\/\/shop.noor.fi\/tuote\/diablo-riippuvalaisin-hiekka-pronssi-30-cm\/","url":"https:\/\/shop.noor.fi\/tuote\/diablo-riippuvalaisin-hiekka-pronssi-30-cm\/","name":"Diablo pendel sand\/brons 30 cm - Oy Noortrade Ab","isPartOf":{"@id":"https:\/\/shopnoorfi-wp31835.test.cchosting.fi\/#website"},"primaryImageOfPage":{"@id":"https:\/\/shop.noor.fi\/tuote\/diablo-riippuvalaisin-hiekka-pronssi-30-cm\/#primaryimage"},"image":{"@id":"https:\/\/shop.noor.fi\/tuote\/diablo-riippuvalaisin-hiekka-pronssi-30-cm\/#primaryimage"},"thumbnailUrl":"https:\/\/shop.noor.fi\/wp-content\/uploads\/2024\/01\/7391534003951.jpg","datePublished":"2023-11-02T23:45:20+00:00","dateModified":"2026-05-11T09:58:33+00:00","breadcrumb":{"@id":"https:\/\/shop.noor.fi\/tuote\/diablo-riippuvalaisin-hiekka-pronssi-30-cm\/#breadcrumb"},"inLanguage":"sv-SE","potentialAction":[{"@type":"ReadAction","target":["https:\/\/shop.noor.fi\/tuote\/diablo-riippuvalaisin-hiekka-pronssi-30-cm\/"]}]},{"@type":"ImageObject","inLanguage":"sv-SE","@id":"https:\/\/shop.noor.fi\/tuote\/diablo-riippuvalaisin-hiekka-pronssi-30-cm\/#primaryimage","url":"https:\/\/shop.noor.fi\/wp-content\/uploads\/2024\/01\/7391534003951.jpg","contentUrl":"https:\/\/shop.noor.fi\/wp-content\/uploads\/2024\/01\/7391534003951.jpg","width":2560,"height":2560},{"@type":"BreadcrumbList","@id":"https:\/\/shop.noor.fi\/tuote\/diablo-riippuvalaisin-hiekka-pronssi-30-cm\/#breadcrumb","itemListElement":[{"@type":"ListItem","position":1,"name":"Etusivu","item":"https:\/\/shop.noor.fi\/sv\/"},{"@type":"ListItem","position":2,"name":"Butik","item":"https:\/\/shopnoorfi-wp31835.test.cchosting.fi\/sv\/butik\/"},{"@type":"ListItem","position":3,"name":"Diablo pendel sand\/brons 30 cm"}]},{"@type":"WebSite","@id":"https:\/\/shopnoorfi-wp31835.test.cchosting.fi\/#website","url":"https:\/\/shopnoorfi-wp31835.test.cchosting.fi\/","name":"Oy Noortrade Ab","description":"Finnish family owned company with over 30 years of professional experience in lighting &amp; interior products import and sales - reliably.","publisher":{"@id":"https:\/\/shopnoorfi-wp31835.test.cchosting.fi\/#organization"},"potentialAction":[{"@type":"SearchAction","target":{"@type":"EntryPoint","urlTemplate":"https:\/\/shopnoorfi-wp31835.test.cchosting.fi\/?s={search_term_string}"},"query-input":{"@type":"PropertyValueSpecification","valueRequired":true,"valueName":"search_term_string"}}],"inLanguage":"sv-SE"},{"@type":"Organization","@id":"https:\/\/shopnoorfi-wp31835.test.cchosting.fi\/#organization","name":"Oy Noortrade Ab","url":"https:\/\/shopnoorfi-wp31835.test.cchosting.fi\/","logo":{"@type":"ImageObject","inLanguage":"sv-SE","@id":"https:\/\/shopnoorfi-wp31835.test.cchosting.fi\/#\/schema\/logo\/image\/","url":"https:\/\/shop.noor.fi\/wp-content\/uploads\/2024\/01\/Oy-Noortrade-Ab-Corbel-VERSAL-bold-BLACK.png","contentUrl":"https:\/\/shop.noor.fi\/wp-content\/uploads\/2024\/01\/Oy-Noortrade-Ab-Corbel-VERSAL-bold-BLACK.png","width":721,"height":177,"caption":"Oy Noortrade Ab"},"image":{"@id":"https:\/\/shopnoorfi-wp31835.test.cchosting.fi\/#\/schema\/logo\/image\/"}}]}},"brands":[{"id":37482,"name":"Belid","slug":"belid-sv"}],"_links":{"self":[{"href":"https:\/\/shop.noor.fi\/sv\/wp-json\/wp\/v2\/product\/101332","targetHints":{"allow":["GET"]}}],"collection":[{"href":"https:\/\/shop.noor.fi\/sv\/wp-json\/wp\/v2\/product"}],"about":[{"href":"https:\/\/shop.noor.fi\/sv\/wp-json\/wp\/v2\/types\/product"}],"replies":[{"embeddable":true,"href":"https:\/\/shop.noor.fi\/sv\/wp-json\/wp\/v2\/comments?post=101332"}],"wp:featuredmedia":[{"embeddable":true,"href":"https:\/\/shop.noor.fi\/sv\/wp-json\/wp\/v2\/media\/82074"}],"wp:attachment":[{"href":"https:\/\/shop.noor.fi\/sv\/wp-json\/wp\/v2\/media?parent=101332"}],"wp:term":[{"taxonomy":"pwb-brand","embeddable":true,"href":"https:\/\/shop.noor.fi\/sv\/wp-json\/wp\/v2\/pwb-brand?post=101332"},{"taxonomy":"product_brand","embeddable":true,"href":"https:\/\/shop.noor.fi\/sv\/wp-json\/wp\/v2\/product_brand?post=101332"},{"taxonomy":"product_cat","embeddable":true,"href":"https:\/\/shop.noor.fi\/sv\/wp-json\/wp\/v2\/product_cat?post=101332"},{"taxonomy":"product_tag","embeddable":true,"href":"https:\/\/shop.noor.fi\/sv\/wp-json\/wp\/v2\/product_tag?post=101332"}],"curies":[{"name":"wp","href":"https:\/\/api.w.org\/{rel}","templated":true}]}}