{"id":101297,"date":"2024-03-08T15:40:10","date_gmt":"2024-03-08T13:40:10","guid":{"rendered":"https:\/\/shop.noor.fi\/product\/anemon-fonsterpendel-mattvit\/"},"modified":"2026-04-23T15:52:16","modified_gmt":"2026-04-23T12:52:16","slug":"anemon-fonsterpendel-mattvit","status":"publish","type":"product","link":"https:\/\/shop.noor.fi\/sv\/produkt\/anemon-fonsterpendel-mattvit\/","title":{"rendered":"Anemon f\u00f6nsterpendel mattvit"},"content":{"rendered":"<p>Anemon \u00e4r en unik och minimalistisk pendel med materialval av h\u00f6gsta kvalit\u00e9. Pendeln ger ett v\u00e4lkomnande och varmt ljus, kombinerat med uttrycksfull design som ger extra karakt\u00e4r \u00e5t heminredningen. Passar perfekt i vardagsrum eller sovrum.<br \/>\nDesigner: Joakim Fihn.<br \/>\nSladd med v\u00e4ggplugg och str\u00f6mbrytare, l\u00e4ngd 4 m<br \/>\nGU10, max 7W. Ljusk\u00e4lla ing\u00e5r ej.<\/p>\n<p>Diameter 6,7 cm<br \/>\nH\u00f6jd 17,6 cm<\/p>\n<p>Alla Belid armaturer tillverkas i Varberg, Sverige<\/p>\n","protected":false},"excerpt":{"rendered":"<p>Anemon \u00e4r en unik och minimalistisk pendel med materialval av h\u00f6gsta kvalit\u00e9. Pendeln ger ett v\u00e4lkomnande och varmt ljus, kombinerat med uttrycksfull design som ger extra karakt\u00e4r \u00e5t heminredningen. Passar perfekt i vardagsrum eller sovrum. Designer: Joakim Fihn. Sladd med v\u00e4ggplugg och str\u00f6mbrytare, l\u00e4ngd 4 m GU10, max 7W. Ljusk\u00e4lla ing\u00e5r ej. Diameter 6,7 cm [&hellip;]<\/p>\n","protected":false},"featured_media":83060,"comment_status":"open","ping_status":"closed","template":"","meta":{"_acf_changed":false,"_relevanssi_hide_post":"","_relevanssi_hide_content":"","_relevanssi_pin_for_all":"","_relevanssi_pin_keywords":"","_relevanssi_unpin_keywords":"","_relevanssi_related_keywords":"","_relevanssi_related_include_ids":"","_relevanssi_related_exclude_ids":"","_relevanssi_related_no_append":"","_relevanssi_related_not_related":"","_relevanssi_related_posts":"","_relevanssi_noindex_reason":""},"pwb-brand":[37482],"product_brand":[],"product_cat":[32005],"product_tag":[],"class_list":{"0":"post-101297","1":"product","2":"type-product","3":"status-publish","4":"has-post-thumbnail","6":"pwb-brand-belid-sv","7":"product_cat-fonsterlampor","9":"first","10":"onbackorder","11":"taxable","12":"shipping-taxable","13":"purchasable","14":"product-type-simple"},"acf":[],"yoast_head":"<!-- This site is optimized with the Yoast SEO plugin v27.6 - https:\/\/yoast.com\/product\/yoast-seo-wordpress\/ -->\n<title>Anemon f\u00f6nsterpendel mattvit - Oy Noortrade Ab<\/title>\n<meta name=\"robots\" content=\"index, follow, max-snippet:-1, max-image-preview:large, max-video-preview:-1\" \/>\n<link rel=\"canonical\" href=\"https:\/\/shop.noor.fi\/sv\/produkt\/anemon-fonsterpendel-mattvit\/\" \/>\n<meta property=\"og:locale\" content=\"sv_SE\" \/>\n<meta property=\"og:type\" content=\"article\" \/>\n<meta property=\"og:title\" content=\"Anemon f\u00f6nsterpendel mattvit - Oy Noortrade Ab\" \/>\n<meta property=\"og:description\" content=\"Anemon \u00e4r en unik och minimalistisk pendel med materialval av h\u00f6gsta kvalit\u00e9. Pendeln ger ett v\u00e4lkomnande och varmt ljus, kombinerat med uttrycksfull design som ger extra karakt\u00e4r \u00e5t heminredningen. Passar perfekt i vardagsrum eller sovrum. Designer: Joakim Fihn. Sladd med v\u00e4ggplugg och str\u00f6mbrytare, l\u00e4ngd 4 m GU10, max 7W. Ljusk\u00e4lla ing\u00e5r ej. Diameter 6,7 cm [&hellip;]\" \/>\n<meta property=\"og:url\" content=\"https:\/\/shop.noor.fi\/sv\/produkt\/anemon-fonsterpendel-mattvit\/\" \/>\n<meta property=\"og:site_name\" content=\"Oy Noortrade Ab\" \/>\n<meta property=\"article:modified_time\" content=\"2026-04-23T12:52:16+00:00\" \/>\n<meta property=\"og:image\" content=\"https:\/\/shop.noor.fi\/wp-content\/uploads\/2024\/01\/7391534278090.jpg\" \/>\n\t<meta property=\"og:image:width\" content=\"984\" \/>\n\t<meta property=\"og:image:height\" content=\"984\" \/>\n\t<meta property=\"og:image:type\" content=\"image\/jpeg\" \/>\n<meta name=\"twitter:card\" content=\"summary_large_image\" \/>\n<script type=\"application\/ld+json\" class=\"yoast-schema-graph\">{\"@context\":\"https:\\\/\\\/schema.org\",\"@graph\":[{\"@type\":\"WebPage\",\"@id\":\"https:\\\/\\\/shop.noor.fi\\\/sv\\\/produkt\\\/anemon-fonsterpendel-mattvit\\\/\",\"url\":\"https:\\\/\\\/shop.noor.fi\\\/sv\\\/produkt\\\/anemon-fonsterpendel-mattvit\\\/\",\"name\":\"Anemon f\u00f6nsterpendel mattvit - Oy Noortrade Ab\",\"isPartOf\":{\"@id\":\"https:\\\/\\\/shopnoorfi-wp31835.test.cchosting.fi\\\/#website\"},\"primaryImageOfPage\":{\"@id\":\"https:\\\/\\\/shop.noor.fi\\\/sv\\\/produkt\\\/anemon-fonsterpendel-mattvit\\\/#primaryimage\"},\"image\":{\"@id\":\"https:\\\/\\\/shop.noor.fi\\\/sv\\\/produkt\\\/anemon-fonsterpendel-mattvit\\\/#primaryimage\"},\"thumbnailUrl\":\"https:\\\/\\\/shop.noor.fi\\\/wp-content\\\/uploads\\\/2024\\\/01\\\/7391534278090.jpg\",\"datePublished\":\"2024-03-08T13:40:10+00:00\",\"dateModified\":\"2026-04-23T12:52:16+00:00\",\"breadcrumb\":{\"@id\":\"https:\\\/\\\/shop.noor.fi\\\/sv\\\/produkt\\\/anemon-fonsterpendel-mattvit\\\/#breadcrumb\"},\"inLanguage\":\"sv-SE\",\"potentialAction\":[{\"@type\":\"ReadAction\",\"target\":[\"https:\\\/\\\/shop.noor.fi\\\/sv\\\/produkt\\\/anemon-fonsterpendel-mattvit\\\/\"]}]},{\"@type\":\"ImageObject\",\"inLanguage\":\"sv-SE\",\"@id\":\"https:\\\/\\\/shop.noor.fi\\\/sv\\\/produkt\\\/anemon-fonsterpendel-mattvit\\\/#primaryimage\",\"url\":\"https:\\\/\\\/shop.noor.fi\\\/wp-content\\\/uploads\\\/2024\\\/01\\\/7391534278090.jpg\",\"contentUrl\":\"https:\\\/\\\/shop.noor.fi\\\/wp-content\\\/uploads\\\/2024\\\/01\\\/7391534278090.jpg\",\"width\":984,\"height\":984},{\"@type\":\"BreadcrumbList\",\"@id\":\"https:\\\/\\\/shop.noor.fi\\\/sv\\\/produkt\\\/anemon-fonsterpendel-mattvit\\\/#breadcrumb\",\"itemListElement\":[{\"@type\":\"ListItem\",\"position\":1,\"name\":\"Etusivu\",\"item\":\"https:\\\/\\\/shop.noor.fi\\\/sv\\\/\"},{\"@type\":\"ListItem\",\"position\":2,\"name\":\"Butik\",\"item\":\"https:\\\/\\\/shopnoorfi-wp31835.test.cchosting.fi\\\/sv\\\/butik\\\/\"},{\"@type\":\"ListItem\",\"position\":3,\"name\":\"Anemon f\u00f6nsterpendel mattvit\"}]},{\"@type\":\"WebSite\",\"@id\":\"https:\\\/\\\/shopnoorfi-wp31835.test.cchosting.fi\\\/#website\",\"url\":\"https:\\\/\\\/shopnoorfi-wp31835.test.cchosting.fi\\\/\",\"name\":\"Oy Noortrade Ab\",\"description\":\"Finnish family owned company with over 30 years of professional experience in lighting &amp; interior products import and sales - reliably.\",\"publisher\":{\"@id\":\"https:\\\/\\\/shopnoorfi-wp31835.test.cchosting.fi\\\/#organization\"},\"potentialAction\":[{\"@type\":\"SearchAction\",\"target\":{\"@type\":\"EntryPoint\",\"urlTemplate\":\"https:\\\/\\\/shopnoorfi-wp31835.test.cchosting.fi\\\/?s={search_term_string}\"},\"query-input\":{\"@type\":\"PropertyValueSpecification\",\"valueRequired\":true,\"valueName\":\"search_term_string\"}}],\"inLanguage\":\"sv-SE\"},{\"@type\":\"Organization\",\"@id\":\"https:\\\/\\\/shopnoorfi-wp31835.test.cchosting.fi\\\/#organization\",\"name\":\"Oy Noortrade Ab\",\"url\":\"https:\\\/\\\/shopnoorfi-wp31835.test.cchosting.fi\\\/\",\"logo\":{\"@type\":\"ImageObject\",\"inLanguage\":\"sv-SE\",\"@id\":\"https:\\\/\\\/shopnoorfi-wp31835.test.cchosting.fi\\\/#\\\/schema\\\/logo\\\/image\\\/\",\"url\":\"https:\\\/\\\/shop.noor.fi\\\/wp-content\\\/uploads\\\/2024\\\/01\\\/Oy-Noortrade-Ab-Corbel-VERSAL-bold-BLACK.png\",\"contentUrl\":\"https:\\\/\\\/shop.noor.fi\\\/wp-content\\\/uploads\\\/2024\\\/01\\\/Oy-Noortrade-Ab-Corbel-VERSAL-bold-BLACK.png\",\"width\":721,\"height\":177,\"caption\":\"Oy Noortrade Ab\"},\"image\":{\"@id\":\"https:\\\/\\\/shopnoorfi-wp31835.test.cchosting.fi\\\/#\\\/schema\\\/logo\\\/image\\\/\"}}]}<\/script>\n<!-- \/ Yoast SEO plugin. -->","yoast_head_json":{"title":"Anemon f\u00f6nsterpendel mattvit - Oy Noortrade Ab","robots":{"index":"index","follow":"follow","max-snippet":"max-snippet:-1","max-image-preview":"max-image-preview:large","max-video-preview":"max-video-preview:-1"},"canonical":"https:\/\/shop.noor.fi\/sv\/produkt\/anemon-fonsterpendel-mattvit\/","og_locale":"sv_SE","og_type":"article","og_title":"Anemon f\u00f6nsterpendel mattvit - Oy Noortrade Ab","og_description":"Anemon \u00e4r en unik och minimalistisk pendel med materialval av h\u00f6gsta kvalit\u00e9. Pendeln ger ett v\u00e4lkomnande och varmt ljus, kombinerat med uttrycksfull design som ger extra karakt\u00e4r \u00e5t heminredningen. Passar perfekt i vardagsrum eller sovrum. Designer: Joakim Fihn. Sladd med v\u00e4ggplugg och str\u00f6mbrytare, l\u00e4ngd 4 m GU10, max 7W. Ljusk\u00e4lla ing\u00e5r ej. Diameter 6,7 cm [&hellip;]","og_url":"https:\/\/shop.noor.fi\/sv\/produkt\/anemon-fonsterpendel-mattvit\/","og_site_name":"Oy Noortrade Ab","article_modified_time":"2026-04-23T12:52:16+00:00","og_image":[{"width":984,"height":984,"url":"https:\/\/shop.noor.fi\/wp-content\/uploads\/2024\/01\/7391534278090.jpg","type":"image\/jpeg"}],"twitter_card":"summary_large_image","schema":{"@context":"https:\/\/schema.org","@graph":[{"@type":"WebPage","@id":"https:\/\/shop.noor.fi\/sv\/produkt\/anemon-fonsterpendel-mattvit\/","url":"https:\/\/shop.noor.fi\/sv\/produkt\/anemon-fonsterpendel-mattvit\/","name":"Anemon f\u00f6nsterpendel mattvit - Oy Noortrade Ab","isPartOf":{"@id":"https:\/\/shopnoorfi-wp31835.test.cchosting.fi\/#website"},"primaryImageOfPage":{"@id":"https:\/\/shop.noor.fi\/sv\/produkt\/anemon-fonsterpendel-mattvit\/#primaryimage"},"image":{"@id":"https:\/\/shop.noor.fi\/sv\/produkt\/anemon-fonsterpendel-mattvit\/#primaryimage"},"thumbnailUrl":"https:\/\/shop.noor.fi\/wp-content\/uploads\/2024\/01\/7391534278090.jpg","datePublished":"2024-03-08T13:40:10+00:00","dateModified":"2026-04-23T12:52:16+00:00","breadcrumb":{"@id":"https:\/\/shop.noor.fi\/sv\/produkt\/anemon-fonsterpendel-mattvit\/#breadcrumb"},"inLanguage":"sv-SE","potentialAction":[{"@type":"ReadAction","target":["https:\/\/shop.noor.fi\/sv\/produkt\/anemon-fonsterpendel-mattvit\/"]}]},{"@type":"ImageObject","inLanguage":"sv-SE","@id":"https:\/\/shop.noor.fi\/sv\/produkt\/anemon-fonsterpendel-mattvit\/#primaryimage","url":"https:\/\/shop.noor.fi\/wp-content\/uploads\/2024\/01\/7391534278090.jpg","contentUrl":"https:\/\/shop.noor.fi\/wp-content\/uploads\/2024\/01\/7391534278090.jpg","width":984,"height":984},{"@type":"BreadcrumbList","@id":"https:\/\/shop.noor.fi\/sv\/produkt\/anemon-fonsterpendel-mattvit\/#breadcrumb","itemListElement":[{"@type":"ListItem","position":1,"name":"Etusivu","item":"https:\/\/shop.noor.fi\/sv\/"},{"@type":"ListItem","position":2,"name":"Butik","item":"https:\/\/shopnoorfi-wp31835.test.cchosting.fi\/sv\/butik\/"},{"@type":"ListItem","position":3,"name":"Anemon f\u00f6nsterpendel mattvit"}]},{"@type":"WebSite","@id":"https:\/\/shopnoorfi-wp31835.test.cchosting.fi\/#website","url":"https:\/\/shopnoorfi-wp31835.test.cchosting.fi\/","name":"Oy Noortrade Ab","description":"Finnish family owned company with over 30 years of professional experience in lighting &amp; interior products import and sales - reliably.","publisher":{"@id":"https:\/\/shopnoorfi-wp31835.test.cchosting.fi\/#organization"},"potentialAction":[{"@type":"SearchAction","target":{"@type":"EntryPoint","urlTemplate":"https:\/\/shopnoorfi-wp31835.test.cchosting.fi\/?s={search_term_string}"},"query-input":{"@type":"PropertyValueSpecification","valueRequired":true,"valueName":"search_term_string"}}],"inLanguage":"sv-SE"},{"@type":"Organization","@id":"https:\/\/shopnoorfi-wp31835.test.cchosting.fi\/#organization","name":"Oy Noortrade Ab","url":"https:\/\/shopnoorfi-wp31835.test.cchosting.fi\/","logo":{"@type":"ImageObject","inLanguage":"sv-SE","@id":"https:\/\/shopnoorfi-wp31835.test.cchosting.fi\/#\/schema\/logo\/image\/","url":"https:\/\/shop.noor.fi\/wp-content\/uploads\/2024\/01\/Oy-Noortrade-Ab-Corbel-VERSAL-bold-BLACK.png","contentUrl":"https:\/\/shop.noor.fi\/wp-content\/uploads\/2024\/01\/Oy-Noortrade-Ab-Corbel-VERSAL-bold-BLACK.png","width":721,"height":177,"caption":"Oy Noortrade Ab"},"image":{"@id":"https:\/\/shopnoorfi-wp31835.test.cchosting.fi\/#\/schema\/logo\/image\/"}}]}},"brands":[{"id":37482,"name":"Belid","slug":"belid-sv"}],"_links":{"self":[{"href":"https:\/\/shop.noor.fi\/sv\/wp-json\/wp\/v2\/product\/101297","targetHints":{"allow":["GET"]}}],"collection":[{"href":"https:\/\/shop.noor.fi\/sv\/wp-json\/wp\/v2\/product"}],"about":[{"href":"https:\/\/shop.noor.fi\/sv\/wp-json\/wp\/v2\/types\/product"}],"replies":[{"embeddable":true,"href":"https:\/\/shop.noor.fi\/sv\/wp-json\/wp\/v2\/comments?post=101297"}],"wp:featuredmedia":[{"embeddable":true,"href":"https:\/\/shop.noor.fi\/sv\/wp-json\/wp\/v2\/media\/83060"}],"wp:attachment":[{"href":"https:\/\/shop.noor.fi\/sv\/wp-json\/wp\/v2\/media?parent=101297"}],"wp:term":[{"taxonomy":"pwb-brand","embeddable":true,"href":"https:\/\/shop.noor.fi\/sv\/wp-json\/wp\/v2\/pwb-brand?post=101297"},{"taxonomy":"product_brand","embeddable":true,"href":"https:\/\/shop.noor.fi\/sv\/wp-json\/wp\/v2\/product_brand?post=101297"},{"taxonomy":"product_cat","embeddable":true,"href":"https:\/\/shop.noor.fi\/sv\/wp-json\/wp\/v2\/product_cat?post=101297"},{"taxonomy":"product_tag","embeddable":true,"href":"https:\/\/shop.noor.fi\/sv\/wp-json\/wp\/v2\/product_tag?post=101297"}],"curies":[{"name":"wp","href":"https:\/\/api.w.org\/{rel}","templated":true}]}}