{"id":101236,"date":"2023-10-25T14:28:41","date_gmt":"2023-10-25T11:28:41","guid":{"rendered":"https:\/\/shop.noor.fi\/product\/powercube-rewirable-usb\/"},"modified":"2026-04-10T00:15:44","modified_gmt":"2026-04-09T21:15:44","slug":"powercube-rewirable-usb","status":"publish","type":"product","link":"https:\/\/shop.noor.fi\/sv\/produkt\/powercube-rewirable-usb\/","title":{"rendered":"PowerCube ReWirable USB"},"content":{"rendered":"<p>PowerCube Rewirable USB \u00e4r en grendosa med kvadratisk design, 4 petskyddade jordade uttag samt tv\u00e5 USB-uttag (2,1A) f\u00f6r laddning av mobilapparater. PowerCube Rewirable USB kan ocks\u00e5 anv\u00e4ndas som reseadapter: 4 olika resekontakter ing\u00e5r (USA, EU, Storbritannien och Australien\/Kina).<br \/>\nKan ocks\u00e5 anv\u00e4ndas som f\u00f6rl\u00e4ngningssladd tillsammans med en IEC-kabel (ing\u00e5r ej).<br \/>\nAnslut kablar enkelt utan att n\u00e5gon stickpropp t\u00e4cker f\u00f6r n\u00e5got uttag. PowerCube Rewirable USB \u00e4r praktisk att anv\u00e4ndas var som helst d\u00e4r det beh\u00f6vs m\u00e5nga eluttag samt m\u00f6jlighet att ladda mobilapparater.<br \/>\nPowerCube Rewirable USB anslutas direkt till v\u00e4gguttaget. Du kan enkelt \u00f6ka antalet eluttag genom att kaskadkoppla flera PowerCube produkter. \u00d6verstig inte viktgr\u00e4nsen (350 g) n\u00e4r du ansluter till ett v\u00e4gguttag.<\/p>\n<p>Max 6A<br \/>\nMax belastning 1500W<br \/>\nCE-certifierad<\/p>\n","protected":false},"excerpt":{"rendered":"<p>PowerCube Rewirable USB \u00e4r en grendosa med kvadratisk design, 4 petskyddade jordade uttag samt tv\u00e5 USB-uttag (2,1A) f\u00f6r laddning av mobilapparater. PowerCube Rewirable USB kan ocks\u00e5 anv\u00e4ndas som reseadapter: 4 olika resekontakter ing\u00e5r (USA, EU, Storbritannien och Australien\/Kina). Kan ocks\u00e5 anv\u00e4ndas som f\u00f6rl\u00e4ngningssladd tillsammans med en IEC-kabel (ing\u00e5r ej). Anslut kablar enkelt utan att n\u00e5gon [&hellip;]<\/p>\n","protected":false},"featured_media":77154,"comment_status":"open","ping_status":"closed","template":"","meta":{"_acf_changed":false,"_relevanssi_hide_post":"","_relevanssi_hide_content":"","_relevanssi_pin_for_all":"","_relevanssi_pin_keywords":"","_relevanssi_unpin_keywords":"","_relevanssi_related_keywords":"","_relevanssi_related_include_ids":"","_relevanssi_related_exclude_ids":"","_relevanssi_related_no_append":"","_relevanssi_related_not_related":"","_relevanssi_related_posts":"","_relevanssi_noindex_reason":""},"pwb-brand":[28729],"product_brand":[],"product_cat":[31944,32084],"product_tag":[],"class_list":{"0":"post-101236","1":"product","2":"type-product","3":"status-publish","4":"has-post-thumbnail","6":"pwb-brand-allocacoc","7":"product_cat-original","8":"product_cat-original-sv","10":"first","11":"instock","12":"taxable","13":"shipping-taxable","14":"purchasable","15":"product-type-simple"},"acf":[],"yoast_head":"<!-- This site is optimized with the Yoast SEO plugin v27.5 - https:\/\/yoast.com\/product\/yoast-seo-wordpress\/ -->\n<title>PowerCube ReWirable USB - Oy Noortrade Ab<\/title>\n<meta name=\"robots\" content=\"index, follow, max-snippet:-1, max-image-preview:large, max-video-preview:-1\" \/>\n<link rel=\"canonical\" href=\"https:\/\/shop.noor.fi\/sv\/produkt\/powercube-rewirable-usb\/\" \/>\n<meta property=\"og:locale\" content=\"sv_SE\" \/>\n<meta property=\"og:type\" content=\"article\" \/>\n<meta property=\"og:title\" content=\"PowerCube ReWirable USB - Oy Noortrade Ab\" \/>\n<meta property=\"og:description\" content=\"PowerCube Rewirable USB \u00e4r en grendosa med kvadratisk design, 4 petskyddade jordade uttag samt tv\u00e5 USB-uttag (2,1A) f\u00f6r laddning av mobilapparater. PowerCube Rewirable USB kan ocks\u00e5 anv\u00e4ndas som reseadapter: 4 olika resekontakter ing\u00e5r (USA, EU, Storbritannien och Australien\/Kina). Kan ocks\u00e5 anv\u00e4ndas som f\u00f6rl\u00e4ngningssladd tillsammans med en IEC-kabel (ing\u00e5r ej). Anslut kablar enkelt utan att n\u00e5gon [&hellip;]\" \/>\n<meta property=\"og:url\" content=\"https:\/\/shop.noor.fi\/sv\/produkt\/powercube-rewirable-usb\/\" \/>\n<meta property=\"og:site_name\" content=\"Oy Noortrade Ab\" \/>\n<meta property=\"article:modified_time\" content=\"2026-04-09T21:15:44+00:00\" \/>\n<meta property=\"og:image\" content=\"https:\/\/shop.noor.fi\/wp-content\/uploads\/2023\/11\/8718444082873.jpg\" \/>\n\t<meta property=\"og:image:width\" content=\"961\" \/>\n\t<meta property=\"og:image:height\" content=\"889\" \/>\n\t<meta property=\"og:image:type\" content=\"image\/jpeg\" \/>\n<meta name=\"twitter:card\" content=\"summary_large_image\" \/>\n<meta name=\"twitter:label1\" content=\"Ber\u00e4knad l\u00e4stid\" \/>\n\t<meta name=\"twitter:data1\" content=\"1 minut\" \/>\n<script type=\"application\/ld+json\" class=\"yoast-schema-graph\">{\"@context\":\"https:\\\/\\\/schema.org\",\"@graph\":[{\"@type\":\"WebPage\",\"@id\":\"https:\\\/\\\/shop.noor.fi\\\/sv\\\/produkt\\\/powercube-rewirable-usb\\\/\",\"url\":\"https:\\\/\\\/shop.noor.fi\\\/sv\\\/produkt\\\/powercube-rewirable-usb\\\/\",\"name\":\"PowerCube ReWirable USB - Oy Noortrade Ab\",\"isPartOf\":{\"@id\":\"https:\\\/\\\/shopnoorfi-wp31835.test.cchosting.fi\\\/#website\"},\"primaryImageOfPage\":{\"@id\":\"https:\\\/\\\/shop.noor.fi\\\/sv\\\/produkt\\\/powercube-rewirable-usb\\\/#primaryimage\"},\"image\":{\"@id\":\"https:\\\/\\\/shop.noor.fi\\\/sv\\\/produkt\\\/powercube-rewirable-usb\\\/#primaryimage\"},\"thumbnailUrl\":\"https:\\\/\\\/shop.noor.fi\\\/wp-content\\\/uploads\\\/2023\\\/11\\\/8718444082873.jpg\",\"datePublished\":\"2023-10-25T11:28:41+00:00\",\"dateModified\":\"2026-04-09T21:15:44+00:00\",\"breadcrumb\":{\"@id\":\"https:\\\/\\\/shop.noor.fi\\\/sv\\\/produkt\\\/powercube-rewirable-usb\\\/#breadcrumb\"},\"inLanguage\":\"sv-SE\",\"potentialAction\":[{\"@type\":\"ReadAction\",\"target\":[\"https:\\\/\\\/shop.noor.fi\\\/sv\\\/produkt\\\/powercube-rewirable-usb\\\/\"]}]},{\"@type\":\"ImageObject\",\"inLanguage\":\"sv-SE\",\"@id\":\"https:\\\/\\\/shop.noor.fi\\\/sv\\\/produkt\\\/powercube-rewirable-usb\\\/#primaryimage\",\"url\":\"https:\\\/\\\/shop.noor.fi\\\/wp-content\\\/uploads\\\/2023\\\/11\\\/8718444082873.jpg\",\"contentUrl\":\"https:\\\/\\\/shop.noor.fi\\\/wp-content\\\/uploads\\\/2023\\\/11\\\/8718444082873.jpg\",\"width\":961,\"height\":889},{\"@type\":\"BreadcrumbList\",\"@id\":\"https:\\\/\\\/shop.noor.fi\\\/sv\\\/produkt\\\/powercube-rewirable-usb\\\/#breadcrumb\",\"itemListElement\":[{\"@type\":\"ListItem\",\"position\":1,\"name\":\"Etusivu\",\"item\":\"https:\\\/\\\/shop.noor.fi\\\/sv\\\/\"},{\"@type\":\"ListItem\",\"position\":2,\"name\":\"Butik\",\"item\":\"https:\\\/\\\/shopnoorfi-wp31835.test.cchosting.fi\\\/sv\\\/butik\\\/\"},{\"@type\":\"ListItem\",\"position\":3,\"name\":\"PowerCube ReWirable USB\"}]},{\"@type\":\"WebSite\",\"@id\":\"https:\\\/\\\/shopnoorfi-wp31835.test.cchosting.fi\\\/#website\",\"url\":\"https:\\\/\\\/shopnoorfi-wp31835.test.cchosting.fi\\\/\",\"name\":\"Oy Noortrade Ab\",\"description\":\"Finnish family owned company with over 30 years of professional experience in lighting &amp; interior products import and sales - reliably.\",\"publisher\":{\"@id\":\"https:\\\/\\\/shopnoorfi-wp31835.test.cchosting.fi\\\/#organization\"},\"potentialAction\":[{\"@type\":\"SearchAction\",\"target\":{\"@type\":\"EntryPoint\",\"urlTemplate\":\"https:\\\/\\\/shopnoorfi-wp31835.test.cchosting.fi\\\/?s={search_term_string}\"},\"query-input\":{\"@type\":\"PropertyValueSpecification\",\"valueRequired\":true,\"valueName\":\"search_term_string\"}}],\"inLanguage\":\"sv-SE\"},{\"@type\":\"Organization\",\"@id\":\"https:\\\/\\\/shopnoorfi-wp31835.test.cchosting.fi\\\/#organization\",\"name\":\"Oy Noortrade Ab\",\"url\":\"https:\\\/\\\/shopnoorfi-wp31835.test.cchosting.fi\\\/\",\"logo\":{\"@type\":\"ImageObject\",\"inLanguage\":\"sv-SE\",\"@id\":\"https:\\\/\\\/shopnoorfi-wp31835.test.cchosting.fi\\\/#\\\/schema\\\/logo\\\/image\\\/\",\"url\":\"https:\\\/\\\/shop.noor.fi\\\/wp-content\\\/uploads\\\/2024\\\/01\\\/Oy-Noortrade-Ab-Corbel-VERSAL-bold-BLACK.png\",\"contentUrl\":\"https:\\\/\\\/shop.noor.fi\\\/wp-content\\\/uploads\\\/2024\\\/01\\\/Oy-Noortrade-Ab-Corbel-VERSAL-bold-BLACK.png\",\"width\":721,\"height\":177,\"caption\":\"Oy Noortrade Ab\"},\"image\":{\"@id\":\"https:\\\/\\\/shopnoorfi-wp31835.test.cchosting.fi\\\/#\\\/schema\\\/logo\\\/image\\\/\"}}]}<\/script>\n<!-- \/ Yoast SEO plugin. -->","yoast_head_json":{"title":"PowerCube ReWirable USB - Oy Noortrade Ab","robots":{"index":"index","follow":"follow","max-snippet":"max-snippet:-1","max-image-preview":"max-image-preview:large","max-video-preview":"max-video-preview:-1"},"canonical":"https:\/\/shop.noor.fi\/sv\/produkt\/powercube-rewirable-usb\/","og_locale":"sv_SE","og_type":"article","og_title":"PowerCube ReWirable USB - Oy Noortrade Ab","og_description":"PowerCube Rewirable USB \u00e4r en grendosa med kvadratisk design, 4 petskyddade jordade uttag samt tv\u00e5 USB-uttag (2,1A) f\u00f6r laddning av mobilapparater. PowerCube Rewirable USB kan ocks\u00e5 anv\u00e4ndas som reseadapter: 4 olika resekontakter ing\u00e5r (USA, EU, Storbritannien och Australien\/Kina). Kan ocks\u00e5 anv\u00e4ndas som f\u00f6rl\u00e4ngningssladd tillsammans med en IEC-kabel (ing\u00e5r ej). Anslut kablar enkelt utan att n\u00e5gon [&hellip;]","og_url":"https:\/\/shop.noor.fi\/sv\/produkt\/powercube-rewirable-usb\/","og_site_name":"Oy Noortrade Ab","article_modified_time":"2026-04-09T21:15:44+00:00","og_image":[{"width":961,"height":889,"url":"https:\/\/shop.noor.fi\/wp-content\/uploads\/2023\/11\/8718444082873.jpg","type":"image\/jpeg"}],"twitter_card":"summary_large_image","twitter_misc":{"Ber\u00e4knad l\u00e4stid":"1 minut"},"schema":{"@context":"https:\/\/schema.org","@graph":[{"@type":"WebPage","@id":"https:\/\/shop.noor.fi\/sv\/produkt\/powercube-rewirable-usb\/","url":"https:\/\/shop.noor.fi\/sv\/produkt\/powercube-rewirable-usb\/","name":"PowerCube ReWirable USB - Oy Noortrade Ab","isPartOf":{"@id":"https:\/\/shopnoorfi-wp31835.test.cchosting.fi\/#website"},"primaryImageOfPage":{"@id":"https:\/\/shop.noor.fi\/sv\/produkt\/powercube-rewirable-usb\/#primaryimage"},"image":{"@id":"https:\/\/shop.noor.fi\/sv\/produkt\/powercube-rewirable-usb\/#primaryimage"},"thumbnailUrl":"https:\/\/shop.noor.fi\/wp-content\/uploads\/2023\/11\/8718444082873.jpg","datePublished":"2023-10-25T11:28:41+00:00","dateModified":"2026-04-09T21:15:44+00:00","breadcrumb":{"@id":"https:\/\/shop.noor.fi\/sv\/produkt\/powercube-rewirable-usb\/#breadcrumb"},"inLanguage":"sv-SE","potentialAction":[{"@type":"ReadAction","target":["https:\/\/shop.noor.fi\/sv\/produkt\/powercube-rewirable-usb\/"]}]},{"@type":"ImageObject","inLanguage":"sv-SE","@id":"https:\/\/shop.noor.fi\/sv\/produkt\/powercube-rewirable-usb\/#primaryimage","url":"https:\/\/shop.noor.fi\/wp-content\/uploads\/2023\/11\/8718444082873.jpg","contentUrl":"https:\/\/shop.noor.fi\/wp-content\/uploads\/2023\/11\/8718444082873.jpg","width":961,"height":889},{"@type":"BreadcrumbList","@id":"https:\/\/shop.noor.fi\/sv\/produkt\/powercube-rewirable-usb\/#breadcrumb","itemListElement":[{"@type":"ListItem","position":1,"name":"Etusivu","item":"https:\/\/shop.noor.fi\/sv\/"},{"@type":"ListItem","position":2,"name":"Butik","item":"https:\/\/shopnoorfi-wp31835.test.cchosting.fi\/sv\/butik\/"},{"@type":"ListItem","position":3,"name":"PowerCube ReWirable USB"}]},{"@type":"WebSite","@id":"https:\/\/shopnoorfi-wp31835.test.cchosting.fi\/#website","url":"https:\/\/shopnoorfi-wp31835.test.cchosting.fi\/","name":"Oy Noortrade Ab","description":"Finnish family owned company with over 30 years of professional experience in lighting &amp; interior products import and sales - reliably.","publisher":{"@id":"https:\/\/shopnoorfi-wp31835.test.cchosting.fi\/#organization"},"potentialAction":[{"@type":"SearchAction","target":{"@type":"EntryPoint","urlTemplate":"https:\/\/shopnoorfi-wp31835.test.cchosting.fi\/?s={search_term_string}"},"query-input":{"@type":"PropertyValueSpecification","valueRequired":true,"valueName":"search_term_string"}}],"inLanguage":"sv-SE"},{"@type":"Organization","@id":"https:\/\/shopnoorfi-wp31835.test.cchosting.fi\/#organization","name":"Oy Noortrade Ab","url":"https:\/\/shopnoorfi-wp31835.test.cchosting.fi\/","logo":{"@type":"ImageObject","inLanguage":"sv-SE","@id":"https:\/\/shopnoorfi-wp31835.test.cchosting.fi\/#\/schema\/logo\/image\/","url":"https:\/\/shop.noor.fi\/wp-content\/uploads\/2024\/01\/Oy-Noortrade-Ab-Corbel-VERSAL-bold-BLACK.png","contentUrl":"https:\/\/shop.noor.fi\/wp-content\/uploads\/2024\/01\/Oy-Noortrade-Ab-Corbel-VERSAL-bold-BLACK.png","width":721,"height":177,"caption":"Oy Noortrade Ab"},"image":{"@id":"https:\/\/shopnoorfi-wp31835.test.cchosting.fi\/#\/schema\/logo\/image\/"}}]}},"brands":[{"id":28729,"name":"Allocacoc","slug":"allocacoc"}],"_links":{"self":[{"href":"https:\/\/shop.noor.fi\/sv\/wp-json\/wp\/v2\/product\/101236","targetHints":{"allow":["GET"]}}],"collection":[{"href":"https:\/\/shop.noor.fi\/sv\/wp-json\/wp\/v2\/product"}],"about":[{"href":"https:\/\/shop.noor.fi\/sv\/wp-json\/wp\/v2\/types\/product"}],"replies":[{"embeddable":true,"href":"https:\/\/shop.noor.fi\/sv\/wp-json\/wp\/v2\/comments?post=101236"}],"wp:featuredmedia":[{"embeddable":true,"href":"https:\/\/shop.noor.fi\/sv\/wp-json\/wp\/v2\/media\/77154"}],"wp:attachment":[{"href":"https:\/\/shop.noor.fi\/sv\/wp-json\/wp\/v2\/media?parent=101236"}],"wp:term":[{"taxonomy":"pwb-brand","embeddable":true,"href":"https:\/\/shop.noor.fi\/sv\/wp-json\/wp\/v2\/pwb-brand?post=101236"},{"taxonomy":"product_brand","embeddable":true,"href":"https:\/\/shop.noor.fi\/sv\/wp-json\/wp\/v2\/product_brand?post=101236"},{"taxonomy":"product_cat","embeddable":true,"href":"https:\/\/shop.noor.fi\/sv\/wp-json\/wp\/v2\/product_cat?post=101236"},{"taxonomy":"product_tag","embeddable":true,"href":"https:\/\/shop.noor.fi\/sv\/wp-json\/wp\/v2\/product_tag?post=101236"}],"curies":[{"name":"wp","href":"https:\/\/api.w.org\/{rel}","templated":true}]}}