{"id":101235,"date":"2023-10-25T14:28:36","date_gmt":"2023-10-25T11:28:36","guid":{"rendered":"https:\/\/shop.noor.fi\/product\/powercube-original-remote-set-2\/"},"modified":"2026-04-10T00:15:31","modified_gmt":"2026-04-09T21:15:31","slug":"powercube-original-remote-set","status":"publish","type":"product","link":"https:\/\/shop.noor.fi\/sv\/produkt\/powercube-original-remote-set\/","title":{"rendered":"PowerCube Original Remote set"},"content":{"rendered":"<p>PowerCube Original Remote \u00e4r en grendosa med kvadratisk design, 4 petskyddade jordade uttag och en str\u00f6mbrytare som fungerar med fj\u00e4rrkontroll. Anslut kablar enkelt utan att n\u00e5gon stickpropp t\u00e4cker f\u00f6r n\u00e5got uttag. PowerCube Original Remote \u00e4r praktisk att anv\u00e4ndas var som helst d\u00e4r det beh\u00f6vs m\u00e5nga eluttag.<br \/>\nDet finns en Step-On knapp p\u00e5 fj\u00e4rrkontrollen. Fj\u00e4rrkontrollen fungerar med kinetisk energi, utan batteri.<br \/>\nPowerCube Original Remote anslutas direkt till v\u00e4gguttaget. Du kan enkelt \u00f6ka antalet eluttag genom att kaskadkoppla flera PowerCube produkter. \u00d6verstig inte viktgr\u00e4nsen (350 g) n\u00e4r du ansluter till ett v\u00e4gguttag.<\/p>\n<p>Max 16A<br \/>\nMax belastning 3680W<br \/>\nCE-certifierad<\/p>\n","protected":false},"excerpt":{"rendered":"<p>PowerCube Original Remote \u00e4r en grendosa med kvadratisk design, 4 petskyddade jordade uttag och en str\u00f6mbrytare som fungerar med fj\u00e4rrkontroll. Anslut kablar enkelt utan att n\u00e5gon stickpropp t\u00e4cker f\u00f6r n\u00e5got uttag. PowerCube Original Remote \u00e4r praktisk att anv\u00e4ndas var som helst d\u00e4r det beh\u00f6vs m\u00e5nga eluttag. Det finns en Step-On knapp p\u00e5 fj\u00e4rrkontrollen. Fj\u00e4rrkontrollen fungerar [&hellip;]<\/p>\n","protected":false},"featured_media":77202,"comment_status":"open","ping_status":"closed","template":"","meta":{"_acf_changed":false,"_relevanssi_hide_post":"","_relevanssi_hide_content":"","_relevanssi_pin_for_all":"","_relevanssi_pin_keywords":"","_relevanssi_unpin_keywords":"","_relevanssi_related_keywords":"","_relevanssi_related_include_ids":"","_relevanssi_related_exclude_ids":"","_relevanssi_related_no_append":"","_relevanssi_related_not_related":"","_relevanssi_related_posts":"","_relevanssi_noindex_reason":""},"pwb-brand":[28729,37481],"product_brand":[],"product_cat":[32114,31946],"product_tag":[],"class_list":{"0":"post-101235","1":"product","2":"type-product","3":"status-publish","4":"has-post-thumbnail","6":"pwb-brand-allocacoc","7":"pwb-brand-allocacoc-sv","8":"product_cat-remote-sv","9":"product_cat-remote","11":"first","12":"instock","13":"taxable","14":"shipping-taxable","15":"purchasable","16":"product-type-simple"},"acf":[],"yoast_head":"<!-- This site is optimized with the Yoast SEO plugin v27.5 - https:\/\/yoast.com\/product\/yoast-seo-wordpress\/ -->\n<title>PowerCube Original Remote set - Oy Noortrade Ab<\/title>\n<meta name=\"robots\" content=\"index, follow, max-snippet:-1, max-image-preview:large, max-video-preview:-1\" \/>\n<link rel=\"canonical\" href=\"https:\/\/shop.noor.fi\/sv\/produkt\/powercube-original-remote-set\/\" \/>\n<meta property=\"og:locale\" content=\"sv_SE\" \/>\n<meta property=\"og:type\" content=\"article\" \/>\n<meta property=\"og:title\" content=\"PowerCube Original Remote set - Oy Noortrade Ab\" \/>\n<meta property=\"og:description\" content=\"PowerCube Original Remote \u00e4r en grendosa med kvadratisk design, 4 petskyddade jordade uttag och en str\u00f6mbrytare som fungerar med fj\u00e4rrkontroll. Anslut kablar enkelt utan att n\u00e5gon stickpropp t\u00e4cker f\u00f6r n\u00e5got uttag. PowerCube Original Remote \u00e4r praktisk att anv\u00e4ndas var som helst d\u00e4r det beh\u00f6vs m\u00e5nga eluttag. Det finns en Step-On knapp p\u00e5 fj\u00e4rrkontrollen. Fj\u00e4rrkontrollen fungerar [&hellip;]\" \/>\n<meta property=\"og:url\" content=\"https:\/\/shop.noor.fi\/sv\/produkt\/powercube-original-remote-set\/\" \/>\n<meta property=\"og:site_name\" content=\"Oy Noortrade Ab\" \/>\n<meta property=\"article:modified_time\" content=\"2026-04-09T21:15:31+00:00\" \/>\n<meta property=\"og:image\" content=\"https:\/\/shop.noor.fi\/wp-content\/uploads\/2023\/11\/8718444087052.jpg\" \/>\n\t<meta property=\"og:image:width\" content=\"600\" \/>\n\t<meta property=\"og:image:height\" content=\"482\" \/>\n\t<meta property=\"og:image:type\" content=\"image\/jpeg\" \/>\n<meta name=\"twitter:card\" content=\"summary_large_image\" \/>\n<meta name=\"twitter:label1\" content=\"Ber\u00e4knad l\u00e4stid\" \/>\n\t<meta name=\"twitter:data1\" content=\"1 minut\" \/>\n<script type=\"application\/ld+json\" class=\"yoast-schema-graph\">{\"@context\":\"https:\\\/\\\/schema.org\",\"@graph\":[{\"@type\":\"WebPage\",\"@id\":\"https:\\\/\\\/shop.noor.fi\\\/sv\\\/produkt\\\/powercube-original-remote-set\\\/\",\"url\":\"https:\\\/\\\/shop.noor.fi\\\/sv\\\/produkt\\\/powercube-original-remote-set\\\/\",\"name\":\"PowerCube Original Remote set - Oy Noortrade Ab\",\"isPartOf\":{\"@id\":\"https:\\\/\\\/shopnoorfi-wp31835.test.cchosting.fi\\\/#website\"},\"primaryImageOfPage\":{\"@id\":\"https:\\\/\\\/shop.noor.fi\\\/sv\\\/produkt\\\/powercube-original-remote-set\\\/#primaryimage\"},\"image\":{\"@id\":\"https:\\\/\\\/shop.noor.fi\\\/sv\\\/produkt\\\/powercube-original-remote-set\\\/#primaryimage\"},\"thumbnailUrl\":\"https:\\\/\\\/shop.noor.fi\\\/wp-content\\\/uploads\\\/2023\\\/11\\\/8718444087052.jpg\",\"datePublished\":\"2023-10-25T11:28:36+00:00\",\"dateModified\":\"2026-04-09T21:15:31+00:00\",\"breadcrumb\":{\"@id\":\"https:\\\/\\\/shop.noor.fi\\\/sv\\\/produkt\\\/powercube-original-remote-set\\\/#breadcrumb\"},\"inLanguage\":\"sv-SE\",\"potentialAction\":[{\"@type\":\"ReadAction\",\"target\":[\"https:\\\/\\\/shop.noor.fi\\\/sv\\\/produkt\\\/powercube-original-remote-set\\\/\"]}]},{\"@type\":\"ImageObject\",\"inLanguage\":\"sv-SE\",\"@id\":\"https:\\\/\\\/shop.noor.fi\\\/sv\\\/produkt\\\/powercube-original-remote-set\\\/#primaryimage\",\"url\":\"https:\\\/\\\/shop.noor.fi\\\/wp-content\\\/uploads\\\/2023\\\/11\\\/8718444087052.jpg\",\"contentUrl\":\"https:\\\/\\\/shop.noor.fi\\\/wp-content\\\/uploads\\\/2023\\\/11\\\/8718444087052.jpg\",\"width\":600,\"height\":482},{\"@type\":\"BreadcrumbList\",\"@id\":\"https:\\\/\\\/shop.noor.fi\\\/sv\\\/produkt\\\/powercube-original-remote-set\\\/#breadcrumb\",\"itemListElement\":[{\"@type\":\"ListItem\",\"position\":1,\"name\":\"Etusivu\",\"item\":\"https:\\\/\\\/shop.noor.fi\\\/sv\\\/\"},{\"@type\":\"ListItem\",\"position\":2,\"name\":\"Butik\",\"item\":\"https:\\\/\\\/shopnoorfi-wp31835.test.cchosting.fi\\\/sv\\\/butik\\\/\"},{\"@type\":\"ListItem\",\"position\":3,\"name\":\"PowerCube Original Remote set\"}]},{\"@type\":\"WebSite\",\"@id\":\"https:\\\/\\\/shopnoorfi-wp31835.test.cchosting.fi\\\/#website\",\"url\":\"https:\\\/\\\/shopnoorfi-wp31835.test.cchosting.fi\\\/\",\"name\":\"Oy Noortrade Ab\",\"description\":\"Finnish family owned company with over 30 years of professional experience in lighting &amp; interior products import and sales - reliably.\",\"publisher\":{\"@id\":\"https:\\\/\\\/shopnoorfi-wp31835.test.cchosting.fi\\\/#organization\"},\"potentialAction\":[{\"@type\":\"SearchAction\",\"target\":{\"@type\":\"EntryPoint\",\"urlTemplate\":\"https:\\\/\\\/shopnoorfi-wp31835.test.cchosting.fi\\\/?s={search_term_string}\"},\"query-input\":{\"@type\":\"PropertyValueSpecification\",\"valueRequired\":true,\"valueName\":\"search_term_string\"}}],\"inLanguage\":\"sv-SE\"},{\"@type\":\"Organization\",\"@id\":\"https:\\\/\\\/shopnoorfi-wp31835.test.cchosting.fi\\\/#organization\",\"name\":\"Oy Noortrade Ab\",\"url\":\"https:\\\/\\\/shopnoorfi-wp31835.test.cchosting.fi\\\/\",\"logo\":{\"@type\":\"ImageObject\",\"inLanguage\":\"sv-SE\",\"@id\":\"https:\\\/\\\/shopnoorfi-wp31835.test.cchosting.fi\\\/#\\\/schema\\\/logo\\\/image\\\/\",\"url\":\"https:\\\/\\\/shop.noor.fi\\\/wp-content\\\/uploads\\\/2024\\\/01\\\/Oy-Noortrade-Ab-Corbel-VERSAL-bold-BLACK.png\",\"contentUrl\":\"https:\\\/\\\/shop.noor.fi\\\/wp-content\\\/uploads\\\/2024\\\/01\\\/Oy-Noortrade-Ab-Corbel-VERSAL-bold-BLACK.png\",\"width\":721,\"height\":177,\"caption\":\"Oy Noortrade Ab\"},\"image\":{\"@id\":\"https:\\\/\\\/shopnoorfi-wp31835.test.cchosting.fi\\\/#\\\/schema\\\/logo\\\/image\\\/\"}}]}<\/script>\n<!-- \/ Yoast SEO plugin. -->","yoast_head_json":{"title":"PowerCube Original Remote set - Oy Noortrade Ab","robots":{"index":"index","follow":"follow","max-snippet":"max-snippet:-1","max-image-preview":"max-image-preview:large","max-video-preview":"max-video-preview:-1"},"canonical":"https:\/\/shop.noor.fi\/sv\/produkt\/powercube-original-remote-set\/","og_locale":"sv_SE","og_type":"article","og_title":"PowerCube Original Remote set - Oy Noortrade Ab","og_description":"PowerCube Original Remote \u00e4r en grendosa med kvadratisk design, 4 petskyddade jordade uttag och en str\u00f6mbrytare som fungerar med fj\u00e4rrkontroll. Anslut kablar enkelt utan att n\u00e5gon stickpropp t\u00e4cker f\u00f6r n\u00e5got uttag. PowerCube Original Remote \u00e4r praktisk att anv\u00e4ndas var som helst d\u00e4r det beh\u00f6vs m\u00e5nga eluttag. Det finns en Step-On knapp p\u00e5 fj\u00e4rrkontrollen. Fj\u00e4rrkontrollen fungerar [&hellip;]","og_url":"https:\/\/shop.noor.fi\/sv\/produkt\/powercube-original-remote-set\/","og_site_name":"Oy Noortrade Ab","article_modified_time":"2026-04-09T21:15:31+00:00","og_image":[{"width":600,"height":482,"url":"https:\/\/shop.noor.fi\/wp-content\/uploads\/2023\/11\/8718444087052.jpg","type":"image\/jpeg"}],"twitter_card":"summary_large_image","twitter_misc":{"Ber\u00e4knad l\u00e4stid":"1 minut"},"schema":{"@context":"https:\/\/schema.org","@graph":[{"@type":"WebPage","@id":"https:\/\/shop.noor.fi\/sv\/produkt\/powercube-original-remote-set\/","url":"https:\/\/shop.noor.fi\/sv\/produkt\/powercube-original-remote-set\/","name":"PowerCube Original Remote set - Oy Noortrade Ab","isPartOf":{"@id":"https:\/\/shopnoorfi-wp31835.test.cchosting.fi\/#website"},"primaryImageOfPage":{"@id":"https:\/\/shop.noor.fi\/sv\/produkt\/powercube-original-remote-set\/#primaryimage"},"image":{"@id":"https:\/\/shop.noor.fi\/sv\/produkt\/powercube-original-remote-set\/#primaryimage"},"thumbnailUrl":"https:\/\/shop.noor.fi\/wp-content\/uploads\/2023\/11\/8718444087052.jpg","datePublished":"2023-10-25T11:28:36+00:00","dateModified":"2026-04-09T21:15:31+00:00","breadcrumb":{"@id":"https:\/\/shop.noor.fi\/sv\/produkt\/powercube-original-remote-set\/#breadcrumb"},"inLanguage":"sv-SE","potentialAction":[{"@type":"ReadAction","target":["https:\/\/shop.noor.fi\/sv\/produkt\/powercube-original-remote-set\/"]}]},{"@type":"ImageObject","inLanguage":"sv-SE","@id":"https:\/\/shop.noor.fi\/sv\/produkt\/powercube-original-remote-set\/#primaryimage","url":"https:\/\/shop.noor.fi\/wp-content\/uploads\/2023\/11\/8718444087052.jpg","contentUrl":"https:\/\/shop.noor.fi\/wp-content\/uploads\/2023\/11\/8718444087052.jpg","width":600,"height":482},{"@type":"BreadcrumbList","@id":"https:\/\/shop.noor.fi\/sv\/produkt\/powercube-original-remote-set\/#breadcrumb","itemListElement":[{"@type":"ListItem","position":1,"name":"Etusivu","item":"https:\/\/shop.noor.fi\/sv\/"},{"@type":"ListItem","position":2,"name":"Butik","item":"https:\/\/shopnoorfi-wp31835.test.cchosting.fi\/sv\/butik\/"},{"@type":"ListItem","position":3,"name":"PowerCube Original Remote set"}]},{"@type":"WebSite","@id":"https:\/\/shopnoorfi-wp31835.test.cchosting.fi\/#website","url":"https:\/\/shopnoorfi-wp31835.test.cchosting.fi\/","name":"Oy Noortrade Ab","description":"Finnish family owned company with over 30 years of professional experience in lighting &amp; interior products import and sales - reliably.","publisher":{"@id":"https:\/\/shopnoorfi-wp31835.test.cchosting.fi\/#organization"},"potentialAction":[{"@type":"SearchAction","target":{"@type":"EntryPoint","urlTemplate":"https:\/\/shopnoorfi-wp31835.test.cchosting.fi\/?s={search_term_string}"},"query-input":{"@type":"PropertyValueSpecification","valueRequired":true,"valueName":"search_term_string"}}],"inLanguage":"sv-SE"},{"@type":"Organization","@id":"https:\/\/shopnoorfi-wp31835.test.cchosting.fi\/#organization","name":"Oy Noortrade Ab","url":"https:\/\/shopnoorfi-wp31835.test.cchosting.fi\/","logo":{"@type":"ImageObject","inLanguage":"sv-SE","@id":"https:\/\/shopnoorfi-wp31835.test.cchosting.fi\/#\/schema\/logo\/image\/","url":"https:\/\/shop.noor.fi\/wp-content\/uploads\/2024\/01\/Oy-Noortrade-Ab-Corbel-VERSAL-bold-BLACK.png","contentUrl":"https:\/\/shop.noor.fi\/wp-content\/uploads\/2024\/01\/Oy-Noortrade-Ab-Corbel-VERSAL-bold-BLACK.png","width":721,"height":177,"caption":"Oy Noortrade Ab"},"image":{"@id":"https:\/\/shopnoorfi-wp31835.test.cchosting.fi\/#\/schema\/logo\/image\/"}}]}},"brands":[{"id":28729,"name":"Allocacoc","slug":"allocacoc"},{"id":37481,"name":"Allocacoc","slug":"allocacoc-sv"}],"_links":{"self":[{"href":"https:\/\/shop.noor.fi\/sv\/wp-json\/wp\/v2\/product\/101235","targetHints":{"allow":["GET"]}}],"collection":[{"href":"https:\/\/shop.noor.fi\/sv\/wp-json\/wp\/v2\/product"}],"about":[{"href":"https:\/\/shop.noor.fi\/sv\/wp-json\/wp\/v2\/types\/product"}],"replies":[{"embeddable":true,"href":"https:\/\/shop.noor.fi\/sv\/wp-json\/wp\/v2\/comments?post=101235"}],"wp:featuredmedia":[{"embeddable":true,"href":"https:\/\/shop.noor.fi\/sv\/wp-json\/wp\/v2\/media\/77202"}],"wp:attachment":[{"href":"https:\/\/shop.noor.fi\/sv\/wp-json\/wp\/v2\/media?parent=101235"}],"wp:term":[{"taxonomy":"pwb-brand","embeddable":true,"href":"https:\/\/shop.noor.fi\/sv\/wp-json\/wp\/v2\/pwb-brand?post=101235"},{"taxonomy":"product_brand","embeddable":true,"href":"https:\/\/shop.noor.fi\/sv\/wp-json\/wp\/v2\/product_brand?post=101235"},{"taxonomy":"product_cat","embeddable":true,"href":"https:\/\/shop.noor.fi\/sv\/wp-json\/wp\/v2\/product_cat?post=101235"},{"taxonomy":"product_tag","embeddable":true,"href":"https:\/\/shop.noor.fi\/sv\/wp-json\/wp\/v2\/product_tag?post=101235"}],"curies":[{"name":"wp","href":"https:\/\/api.w.org\/{rel}","templated":true}]}}