{"id":101232,"date":"2023-10-25T14:28:29","date_gmt":"2023-10-25T11:28:29","guid":{"rendered":"https:\/\/shop.noor.fi\/product\/powercube-extended-usb-15m-gron\/"},"modified":"2026-04-10T00:15:24","modified_gmt":"2026-04-09T21:15:24","slug":"powercube-extended-usb-15m-gron","status":"publish","type":"product","link":"https:\/\/shop.noor.fi\/sv\/produkt\/powercube-extended-usb-15m-gron\/","title":{"rendered":"PowerCube Extended USB 1,5m gr\u00f6n"},"content":{"rendered":"<p>PowerCube Original Extended USB \u00e4r en grendosa med kvadratisk design, 4 petskyddade jordade uttag, tv\u00e5 USB-uttag (2,1A) f\u00f6r laddning av mobilapparater och 1,5 m l\u00e5ng sladd. Anslut kablar enkelt utan att n\u00e5gon stickpropp t\u00e4cker f\u00f6r n\u00e5got uttag. PowerCube Extended \u00e4r praktisk att anv\u00e4ndas var som helst d\u00e4r det beh\u00f6vs m\u00e5nga eluttag samt m\u00f6jlighet att ladda mobilapparater.<br \/>\nF\u00f6rpackningen inneh\u00e5ller ett bordsf\u00e4ste som f\u00e4sts med sj\u00e4lvh\u00e4ftande kuddar, vilket g\u00f6r att PowerCuben kan f\u00e4stas t.ex. under eller p\u00e5 bordet. Obs: bordsf\u00e4stet blockerar ett eluttag.<br \/>\nPowerCube Original Extended USB anslutas till v\u00e4gguttaget med kabeln. Du kan enkelt \u00f6ka antalet eluttag genom att kaskadkoppla flera PowerCube produkter.<\/p>\n<p>Max 16A<br \/>\nMax belastning 3680W<br \/>\nCE-certifierad<\/p>\n","protected":false},"excerpt":{"rendered":"<p>PowerCube Original Extended USB \u00e4r en grendosa med kvadratisk design, 4 petskyddade jordade uttag, tv\u00e5 USB-uttag (2,1A) f\u00f6r laddning av mobilapparater och 1,5 m l\u00e5ng sladd. Anslut kablar enkelt utan att n\u00e5gon stickpropp t\u00e4cker f\u00f6r n\u00e5got uttag. PowerCube Extended \u00e4r praktisk att anv\u00e4ndas var som helst d\u00e4r det beh\u00f6vs m\u00e5nga eluttag samt m\u00f6jlighet att ladda [&hellip;]<\/p>\n","protected":false},"featured_media":77198,"comment_status":"open","ping_status":"closed","template":"","meta":{"_acf_changed":false,"_relevanssi_hide_post":"","_relevanssi_hide_content":"","_relevanssi_pin_for_all":"","_relevanssi_pin_keywords":"","_relevanssi_unpin_keywords":"","_relevanssi_related_keywords":"","_relevanssi_related_include_ids":"","_relevanssi_related_exclude_ids":"","_relevanssi_related_no_append":"","_relevanssi_related_not_related":"","_relevanssi_related_posts":"","_relevanssi_noindex_reason":""},"pwb-brand":[28729],"product_brand":[],"product_cat":[31945,32000],"product_tag":[],"class_list":{"0":"post-101232","1":"product","2":"type-product","3":"status-publish","4":"has-post-thumbnail","6":"pwb-brand-allocacoc","7":"product_cat-extended","8":"product_cat-extended-sv","10":"first","11":"instock","12":"taxable","13":"shipping-taxable","14":"purchasable","15":"product-type-simple"},"acf":[],"yoast_head":"<!-- This site is optimized with the Yoast SEO plugin v27.5 - https:\/\/yoast.com\/product\/yoast-seo-wordpress\/ -->\n<title>PowerCube Extended USB 1,5m gr\u00f6n - Oy Noortrade Ab<\/title>\n<meta name=\"robots\" content=\"index, follow, max-snippet:-1, max-image-preview:large, max-video-preview:-1\" \/>\n<link rel=\"canonical\" href=\"https:\/\/shop.noor.fi\/sv\/produkt\/powercube-extended-usb-15m-gron\/\" \/>\n<meta property=\"og:locale\" content=\"sv_SE\" \/>\n<meta property=\"og:type\" content=\"article\" \/>\n<meta property=\"og:title\" content=\"PowerCube Extended USB 1,5m gr\u00f6n - Oy Noortrade Ab\" \/>\n<meta property=\"og:description\" content=\"PowerCube Original Extended USB \u00e4r en grendosa med kvadratisk design, 4 petskyddade jordade uttag, tv\u00e5 USB-uttag (2,1A) f\u00f6r laddning av mobilapparater och 1,5 m l\u00e5ng sladd. Anslut kablar enkelt utan att n\u00e5gon stickpropp t\u00e4cker f\u00f6r n\u00e5got uttag. PowerCube Extended \u00e4r praktisk att anv\u00e4ndas var som helst d\u00e4r det beh\u00f6vs m\u00e5nga eluttag samt m\u00f6jlighet att ladda [&hellip;]\" \/>\n<meta property=\"og:url\" content=\"https:\/\/shop.noor.fi\/sv\/produkt\/powercube-extended-usb-15m-gron\/\" \/>\n<meta property=\"og:site_name\" content=\"Oy Noortrade Ab\" \/>\n<meta property=\"article:modified_time\" content=\"2026-04-09T21:15:24+00:00\" \/>\n<meta property=\"og:image\" content=\"https:\/\/shop.noor.fi\/wp-content\/uploads\/2023\/11\/8718444087014.jpg\" \/>\n\t<meta property=\"og:image:width\" content=\"1510\" \/>\n\t<meta property=\"og:image:height\" content=\"1080\" \/>\n\t<meta property=\"og:image:type\" content=\"image\/jpeg\" \/>\n<meta name=\"twitter:card\" content=\"summary_large_image\" \/>\n<meta name=\"twitter:label1\" content=\"Ber\u00e4knad l\u00e4stid\" \/>\n\t<meta name=\"twitter:data1\" content=\"1 minut\" \/>\n<script type=\"application\/ld+json\" class=\"yoast-schema-graph\">{\"@context\":\"https:\\\/\\\/schema.org\",\"@graph\":[{\"@type\":\"WebPage\",\"@id\":\"https:\\\/\\\/shop.noor.fi\\\/sv\\\/produkt\\\/powercube-extended-usb-15m-gron\\\/\",\"url\":\"https:\\\/\\\/shop.noor.fi\\\/sv\\\/produkt\\\/powercube-extended-usb-15m-gron\\\/\",\"name\":\"PowerCube Extended USB 1,5m gr\u00f6n - Oy Noortrade Ab\",\"isPartOf\":{\"@id\":\"https:\\\/\\\/shopnoorfi-wp31835.test.cchosting.fi\\\/#website\"},\"primaryImageOfPage\":{\"@id\":\"https:\\\/\\\/shop.noor.fi\\\/sv\\\/produkt\\\/powercube-extended-usb-15m-gron\\\/#primaryimage\"},\"image\":{\"@id\":\"https:\\\/\\\/shop.noor.fi\\\/sv\\\/produkt\\\/powercube-extended-usb-15m-gron\\\/#primaryimage\"},\"thumbnailUrl\":\"https:\\\/\\\/shop.noor.fi\\\/wp-content\\\/uploads\\\/2023\\\/11\\\/8718444087014.jpg\",\"datePublished\":\"2023-10-25T11:28:29+00:00\",\"dateModified\":\"2026-04-09T21:15:24+00:00\",\"breadcrumb\":{\"@id\":\"https:\\\/\\\/shop.noor.fi\\\/sv\\\/produkt\\\/powercube-extended-usb-15m-gron\\\/#breadcrumb\"},\"inLanguage\":\"sv-SE\",\"potentialAction\":[{\"@type\":\"ReadAction\",\"target\":[\"https:\\\/\\\/shop.noor.fi\\\/sv\\\/produkt\\\/powercube-extended-usb-15m-gron\\\/\"]}]},{\"@type\":\"ImageObject\",\"inLanguage\":\"sv-SE\",\"@id\":\"https:\\\/\\\/shop.noor.fi\\\/sv\\\/produkt\\\/powercube-extended-usb-15m-gron\\\/#primaryimage\",\"url\":\"https:\\\/\\\/shop.noor.fi\\\/wp-content\\\/uploads\\\/2023\\\/11\\\/8718444087014.jpg\",\"contentUrl\":\"https:\\\/\\\/shop.noor.fi\\\/wp-content\\\/uploads\\\/2023\\\/11\\\/8718444087014.jpg\",\"width\":1510,\"height\":1080},{\"@type\":\"BreadcrumbList\",\"@id\":\"https:\\\/\\\/shop.noor.fi\\\/sv\\\/produkt\\\/powercube-extended-usb-15m-gron\\\/#breadcrumb\",\"itemListElement\":[{\"@type\":\"ListItem\",\"position\":1,\"name\":\"Etusivu\",\"item\":\"https:\\\/\\\/shop.noor.fi\\\/sv\\\/\"},{\"@type\":\"ListItem\",\"position\":2,\"name\":\"Butik\",\"item\":\"https:\\\/\\\/shopnoorfi-wp31835.test.cchosting.fi\\\/sv\\\/butik\\\/\"},{\"@type\":\"ListItem\",\"position\":3,\"name\":\"PowerCube Extended USB 1,5m gr\u00f6n\"}]},{\"@type\":\"WebSite\",\"@id\":\"https:\\\/\\\/shopnoorfi-wp31835.test.cchosting.fi\\\/#website\",\"url\":\"https:\\\/\\\/shopnoorfi-wp31835.test.cchosting.fi\\\/\",\"name\":\"Oy Noortrade Ab\",\"description\":\"Finnish family owned company with over 30 years of professional experience in lighting &amp; interior products import and sales - reliably.\",\"publisher\":{\"@id\":\"https:\\\/\\\/shopnoorfi-wp31835.test.cchosting.fi\\\/#organization\"},\"potentialAction\":[{\"@type\":\"SearchAction\",\"target\":{\"@type\":\"EntryPoint\",\"urlTemplate\":\"https:\\\/\\\/shopnoorfi-wp31835.test.cchosting.fi\\\/?s={search_term_string}\"},\"query-input\":{\"@type\":\"PropertyValueSpecification\",\"valueRequired\":true,\"valueName\":\"search_term_string\"}}],\"inLanguage\":\"sv-SE\"},{\"@type\":\"Organization\",\"@id\":\"https:\\\/\\\/shopnoorfi-wp31835.test.cchosting.fi\\\/#organization\",\"name\":\"Oy Noortrade Ab\",\"url\":\"https:\\\/\\\/shopnoorfi-wp31835.test.cchosting.fi\\\/\",\"logo\":{\"@type\":\"ImageObject\",\"inLanguage\":\"sv-SE\",\"@id\":\"https:\\\/\\\/shopnoorfi-wp31835.test.cchosting.fi\\\/#\\\/schema\\\/logo\\\/image\\\/\",\"url\":\"https:\\\/\\\/shop.noor.fi\\\/wp-content\\\/uploads\\\/2024\\\/01\\\/Oy-Noortrade-Ab-Corbel-VERSAL-bold-BLACK.png\",\"contentUrl\":\"https:\\\/\\\/shop.noor.fi\\\/wp-content\\\/uploads\\\/2024\\\/01\\\/Oy-Noortrade-Ab-Corbel-VERSAL-bold-BLACK.png\",\"width\":721,\"height\":177,\"caption\":\"Oy Noortrade Ab\"},\"image\":{\"@id\":\"https:\\\/\\\/shopnoorfi-wp31835.test.cchosting.fi\\\/#\\\/schema\\\/logo\\\/image\\\/\"}}]}<\/script>\n<!-- \/ Yoast SEO plugin. -->","yoast_head_json":{"title":"PowerCube Extended USB 1,5m gr\u00f6n - Oy Noortrade Ab","robots":{"index":"index","follow":"follow","max-snippet":"max-snippet:-1","max-image-preview":"max-image-preview:large","max-video-preview":"max-video-preview:-1"},"canonical":"https:\/\/shop.noor.fi\/sv\/produkt\/powercube-extended-usb-15m-gron\/","og_locale":"sv_SE","og_type":"article","og_title":"PowerCube Extended USB 1,5m gr\u00f6n - Oy Noortrade Ab","og_description":"PowerCube Original Extended USB \u00e4r en grendosa med kvadratisk design, 4 petskyddade jordade uttag, tv\u00e5 USB-uttag (2,1A) f\u00f6r laddning av mobilapparater och 1,5 m l\u00e5ng sladd. Anslut kablar enkelt utan att n\u00e5gon stickpropp t\u00e4cker f\u00f6r n\u00e5got uttag. PowerCube Extended \u00e4r praktisk att anv\u00e4ndas var som helst d\u00e4r det beh\u00f6vs m\u00e5nga eluttag samt m\u00f6jlighet att ladda [&hellip;]","og_url":"https:\/\/shop.noor.fi\/sv\/produkt\/powercube-extended-usb-15m-gron\/","og_site_name":"Oy Noortrade Ab","article_modified_time":"2026-04-09T21:15:24+00:00","og_image":[{"width":1510,"height":1080,"url":"https:\/\/shop.noor.fi\/wp-content\/uploads\/2023\/11\/8718444087014.jpg","type":"image\/jpeg"}],"twitter_card":"summary_large_image","twitter_misc":{"Ber\u00e4knad l\u00e4stid":"1 minut"},"schema":{"@context":"https:\/\/schema.org","@graph":[{"@type":"WebPage","@id":"https:\/\/shop.noor.fi\/sv\/produkt\/powercube-extended-usb-15m-gron\/","url":"https:\/\/shop.noor.fi\/sv\/produkt\/powercube-extended-usb-15m-gron\/","name":"PowerCube Extended USB 1,5m gr\u00f6n - Oy Noortrade Ab","isPartOf":{"@id":"https:\/\/shopnoorfi-wp31835.test.cchosting.fi\/#website"},"primaryImageOfPage":{"@id":"https:\/\/shop.noor.fi\/sv\/produkt\/powercube-extended-usb-15m-gron\/#primaryimage"},"image":{"@id":"https:\/\/shop.noor.fi\/sv\/produkt\/powercube-extended-usb-15m-gron\/#primaryimage"},"thumbnailUrl":"https:\/\/shop.noor.fi\/wp-content\/uploads\/2023\/11\/8718444087014.jpg","datePublished":"2023-10-25T11:28:29+00:00","dateModified":"2026-04-09T21:15:24+00:00","breadcrumb":{"@id":"https:\/\/shop.noor.fi\/sv\/produkt\/powercube-extended-usb-15m-gron\/#breadcrumb"},"inLanguage":"sv-SE","potentialAction":[{"@type":"ReadAction","target":["https:\/\/shop.noor.fi\/sv\/produkt\/powercube-extended-usb-15m-gron\/"]}]},{"@type":"ImageObject","inLanguage":"sv-SE","@id":"https:\/\/shop.noor.fi\/sv\/produkt\/powercube-extended-usb-15m-gron\/#primaryimage","url":"https:\/\/shop.noor.fi\/wp-content\/uploads\/2023\/11\/8718444087014.jpg","contentUrl":"https:\/\/shop.noor.fi\/wp-content\/uploads\/2023\/11\/8718444087014.jpg","width":1510,"height":1080},{"@type":"BreadcrumbList","@id":"https:\/\/shop.noor.fi\/sv\/produkt\/powercube-extended-usb-15m-gron\/#breadcrumb","itemListElement":[{"@type":"ListItem","position":1,"name":"Etusivu","item":"https:\/\/shop.noor.fi\/sv\/"},{"@type":"ListItem","position":2,"name":"Butik","item":"https:\/\/shopnoorfi-wp31835.test.cchosting.fi\/sv\/butik\/"},{"@type":"ListItem","position":3,"name":"PowerCube Extended USB 1,5m gr\u00f6n"}]},{"@type":"WebSite","@id":"https:\/\/shopnoorfi-wp31835.test.cchosting.fi\/#website","url":"https:\/\/shopnoorfi-wp31835.test.cchosting.fi\/","name":"Oy Noortrade Ab","description":"Finnish family owned company with over 30 years of professional experience in lighting &amp; interior products import and sales - reliably.","publisher":{"@id":"https:\/\/shopnoorfi-wp31835.test.cchosting.fi\/#organization"},"potentialAction":[{"@type":"SearchAction","target":{"@type":"EntryPoint","urlTemplate":"https:\/\/shopnoorfi-wp31835.test.cchosting.fi\/?s={search_term_string}"},"query-input":{"@type":"PropertyValueSpecification","valueRequired":true,"valueName":"search_term_string"}}],"inLanguage":"sv-SE"},{"@type":"Organization","@id":"https:\/\/shopnoorfi-wp31835.test.cchosting.fi\/#organization","name":"Oy Noortrade Ab","url":"https:\/\/shopnoorfi-wp31835.test.cchosting.fi\/","logo":{"@type":"ImageObject","inLanguage":"sv-SE","@id":"https:\/\/shopnoorfi-wp31835.test.cchosting.fi\/#\/schema\/logo\/image\/","url":"https:\/\/shop.noor.fi\/wp-content\/uploads\/2024\/01\/Oy-Noortrade-Ab-Corbel-VERSAL-bold-BLACK.png","contentUrl":"https:\/\/shop.noor.fi\/wp-content\/uploads\/2024\/01\/Oy-Noortrade-Ab-Corbel-VERSAL-bold-BLACK.png","width":721,"height":177,"caption":"Oy Noortrade Ab"},"image":{"@id":"https:\/\/shopnoorfi-wp31835.test.cchosting.fi\/#\/schema\/logo\/image\/"}}]}},"brands":[{"id":28729,"name":"Allocacoc","slug":"allocacoc"}],"_links":{"self":[{"href":"https:\/\/shop.noor.fi\/sv\/wp-json\/wp\/v2\/product\/101232","targetHints":{"allow":["GET"]}}],"collection":[{"href":"https:\/\/shop.noor.fi\/sv\/wp-json\/wp\/v2\/product"}],"about":[{"href":"https:\/\/shop.noor.fi\/sv\/wp-json\/wp\/v2\/types\/product"}],"replies":[{"embeddable":true,"href":"https:\/\/shop.noor.fi\/sv\/wp-json\/wp\/v2\/comments?post=101232"}],"wp:featuredmedia":[{"embeddable":true,"href":"https:\/\/shop.noor.fi\/sv\/wp-json\/wp\/v2\/media\/77198"}],"wp:attachment":[{"href":"https:\/\/shop.noor.fi\/sv\/wp-json\/wp\/v2\/media?parent=101232"}],"wp:term":[{"taxonomy":"pwb-brand","embeddable":true,"href":"https:\/\/shop.noor.fi\/sv\/wp-json\/wp\/v2\/pwb-brand?post=101232"},{"taxonomy":"product_brand","embeddable":true,"href":"https:\/\/shop.noor.fi\/sv\/wp-json\/wp\/v2\/product_brand?post=101232"},{"taxonomy":"product_cat","embeddable":true,"href":"https:\/\/shop.noor.fi\/sv\/wp-json\/wp\/v2\/product_cat?post=101232"},{"taxonomy":"product_tag","embeddable":true,"href":"https:\/\/shop.noor.fi\/sv\/wp-json\/wp\/v2\/product_tag?post=101232"}],"curies":[{"name":"wp","href":"https:\/\/api.w.org\/{rel}","templated":true}]}}