{"id":99446,"date":"2024-04-18T13:54:18","date_gmt":"2024-04-18T10:54:18","guid":{"rendered":"https:\/\/staging4.shop.noor.fi\/?page_id=99446"},"modified":"2025-06-05T10:28:32","modified_gmt":"2025-06-05T07:28:32","slug":"foretagskund","status":"publish","type":"page","link":"https:\/\/shop.noor.fi\/sv\/foretagskund\/","title":{"rendered":"F\u00f6retagskund"},"content":{"rendered":"\t\t<div data-elementor-type=\"wp-page\" data-elementor-id=\"99446\" class=\"elementor elementor-99446 elementor-97584\" data-elementor-post-type=\"page\">\n\t\t\t\t<div class=\"elementor-element elementor-element-d04e572 e-ecs-flex e-flex e-con-boxed e-con e-parent\" data-id=\"d04e572\" data-element_type=\"container\" data-e-type=\"container\" data-settings=\"{&quot;ecs_container_type&quot;:&quot;flex&quot;}\">\n\t\t\t\t\t<div class=\"e-con-inner\">\n\t\t\t\t<div class=\"elementor-element elementor-element-8fb57cc elementor-widget elementor-widget-heading\" data-id=\"8fb57cc\" data-element_type=\"widget\" data-e-type=\"widget\" data-widget_type=\"heading.default\">\n\t\t\t\t<div class=\"elementor-widget-container\">\n\t\t\t\t\t<h1 class=\"elementor-heading-title elementor-size-default\">Vilken av dessa situationer g\u00e4ller dig?<\/h1>\t\t\t\t<\/div>\n\t\t\t\t<\/div>\n\t\t\t\t<div class=\"elementor-element elementor-element-7c5b664 elementor-widget elementor-widget-text-editor\" data-id=\"7c5b664\" data-element_type=\"widget\" data-e-type=\"widget\" data-widget_type=\"text-editor.default\">\n\t\t\t\t<div class=\"elementor-widget-container\">\n\t\t\t\t\t\t\t\t\t<h4>Jag \u00e4r f\u00f6retagskund och \u00e5terf\u00f6rs\u00e4ljare hos er och jag har best\u00e4llt fr\u00e5n er webbutik efter den 10 mars 2024<\/h4><p>Allt \u00e4r i skick och du kan logga in\u00a0<u><a href=\"https:\/\/shop.noor.fi\/sv\/mitt-konto\/\">h\u00e4r<\/a><\/u>.<\/p><h4>Jag \u00e4r f\u00f6retagskund, men mitt l\u00f6senord duger inte<\/h4><p>Om f\u00f6retaget du representerar har en befintlig, etablerad kundrelation med Oy Noortrade Ab, finns dina uppgifter redan i v\u00e5rt system. Om du inte har best\u00e4llt fr\u00e5n v\u00e5r webbutik efter den 10 mars 2024 b\u00f6r du \u00e5terst\u00e4lla ditt l\u00f6senord\u00a0<u><a href=\"https:\/\/shop.noor.fi\/sv\/mitt-konto\/lost-password\/\">h\u00e4r<\/a><\/u>. Du kommer att f\u00e5 en l\u00e4nk via e-post som du ska f\u00f6lja f\u00f6r att ange ett nytt l\u00f6senord. Om du har problem med att st\u00e4lla in l\u00f6senordet, v\u00e4nligen kontakta oss via e-post\u00a0<a href=\"mailto:info@noortrade.fi\">info@noortrade.fi<\/a>.<\/p><p>N\u00e4r allt \u00e4r i skick loggar du in\u00a0<u><a href=\"https:\/\/shop.noor.fi\/sv\/mitt-konto\/\">h\u00e4r<\/a><\/u>.<\/p><h4>Jag har ett f\u00f6retag, eller handlar f\u00f6r ett f\u00f6retags r\u00e4kning, men v\u00e5rt f\u00f6retag har inte best\u00e4llt fr\u00e5n Noortrade tidigare<\/h4><p>Om f\u00f6retaget\u00a0<em><strong>inte<\/strong><\/em>\u00a0har handlat hos oss tidigare, men ni \u00f6nskar att s\u00e4lja v\u00e5ra produkter, v\u00e4nligen\u00a0<u><a href=\"https:\/\/shop.noor.fi\/sv\/foretagskund\/#yhtlomake\">fyll i formul\u00e4ret l\u00e4ngst ner<\/a><\/u>.<\/p><p>Priserna som syns f\u00f6r icke-inloggade anv\u00e4ndare i webben \u00e4r \u00e4r RRP-priser, det vill s\u00e4ga rekommenderade \u00e5terf\u00f6rs\u00e4ljningspriser. \u00c5terf\u00f6rs\u00e4ljare har sina egna priser och denna information \u00e4r endast synlig f\u00f6r\u00a0<u>inloggade<\/u>\u00a0f\u00f6retagskunder. Eventuella kundrabatter ing\u00e5r i priserna.<\/p><p><em>PS. Problemen vi hade med de Svenspr\u00e5kiga sidorna tidigare i v\u00e5r \u00e4r nu \u00e5tg\u00e4rdade och allt borde fungera normalt igen.<\/em><\/p>\t\t\t\t\t\t\t\t<\/div>\n\t\t\t\t<\/div>\n\t\t\t\t\t<\/div>\n\t\t\t\t<\/div>\n\t\t<div class=\"elementor-element elementor-element-2a48b92 e-ecs-flex e-flex e-con-boxed e-con e-parent\" data-id=\"2a48b92\" data-element_type=\"container\" data-e-type=\"container\" data-settings=\"{&quot;ecs_container_type&quot;:&quot;flex&quot;}\">\n\t\t\t\t\t<div class=\"e-con-inner\">\n\t\t\t\t<div class=\"elementor-element elementor-element-ba39bea elementor-widget elementor-widget-heading\" data-id=\"ba39bea\" data-element_type=\"widget\" data-e-type=\"widget\" data-widget_type=\"heading.default\">\n\t\t\t\t<div class=\"elementor-widget-container\">\n\t\t\t\t\t<h1 class=\"elementor-heading-title elementor-size-default\">Formul\u00e4r f\u00f6r ans\u00f6kan att bli \u00e5terf\u00f6rs\u00e4ljare<\/h1>\t\t\t\t<\/div>\n\t\t\t\t<\/div>\n\t\t\t\t<div class=\"elementor-element elementor-element-01712d2 elementor-widget elementor-widget-shortcode\" data-id=\"01712d2\" data-element_type=\"widget\" data-e-type=\"widget\" data-widget_type=\"shortcode.default\">\n\t\t\t\t<div class=\"elementor-widget-container\">\n\t\t\t\t\t\t\t<div class=\"elementor-shortcode\">\n<div class=\"wpcf7 no-js\" id=\"wpcf7-f112369-o1\" lang=\"fi\" dir=\"ltr\" data-wpcf7-id=\"112369\">\n<div class=\"screen-reader-response\"><p role=\"status\" aria-live=\"polite\" aria-atomic=\"true\"><\/p> <ul><\/ul><\/div>\n<form action=\"\/sv\/wp-json\/wp\/v2\/pages\/99446#wpcf7-f112369-o1\" method=\"post\" class=\"wpcf7-form init\" aria-label=\"Yhteydenottolomake\" novalidate=\"novalidate\" data-status=\"init\">\n<fieldset class=\"hidden-fields-container\"><input type=\"hidden\" name=\"_wpcf7\" value=\"112369\" \/><input type=\"hidden\" name=\"_wpcf7_version\" value=\"6.1.5\" \/><input type=\"hidden\" name=\"_wpcf7_locale\" value=\"fi\" \/><input type=\"hidden\" name=\"_wpcf7_unit_tag\" value=\"wpcf7-f112369-o1\" \/><input type=\"hidden\" name=\"_wpcf7_container_post\" value=\"0\" \/><input type=\"hidden\" name=\"_wpcf7_posted_data_hash\" value=\"\" \/>\n<\/fieldset>\n<p><label> Namn<br \/>\n<span class=\"wpcf7-form-control-wrap\" data-name=\"your-name\"><input size=\"40\" maxlength=\"400\" class=\"wpcf7-form-control wpcf7-text wpcf7-validates-as-required\" autocomplete=\"name\" aria-required=\"true\" aria-invalid=\"false\" value=\"\" type=\"text\" name=\"your-name\" \/><\/span> <\/label>\n<\/p>\n<p><label> Epost<br \/>\n<span class=\"wpcf7-form-control-wrap\" data-name=\"your-email\"><input size=\"40\" maxlength=\"400\" class=\"wpcf7-form-control wpcf7-email wpcf7-validates-as-required wpcf7-text wpcf7-validates-as-email\" autocomplete=\"email\" aria-required=\"true\" aria-invalid=\"false\" value=\"\" type=\"email\" name=\"your-email\" \/><\/span> <\/label>\n<\/p>\n<p><label> Telefon<br \/>\n<span class=\"wpcf7-form-control-wrap\" data-name=\"your-phone\"><input size=\"40\" maxlength=\"400\" class=\"wpcf7-form-control wpcf7-text wpcf7-validates-as-required\" aria-required=\"true\" aria-invalid=\"false\" value=\"\" type=\"text\" name=\"your-phone\" \/><\/span> <\/label>\n<\/p>\n<p><label> F\u00f6retagets namn<br \/>\n<span class=\"wpcf7-form-control-wrap\" data-name=\"companyname\"><input size=\"40\" maxlength=\"400\" class=\"wpcf7-form-control wpcf7-text wpcf7-validates-as-required\" aria-required=\"true\" aria-invalid=\"false\" value=\"\" type=\"text\" name=\"companyname\" \/><\/span> <\/label>\n<\/p>\n<p><label> FO-nummer<br \/>\n<span class=\"wpcf7-form-control-wrap\" data-name=\"vatnumber\"><input size=\"40\" maxlength=\"400\" class=\"wpcf7-form-control wpcf7-text wpcf7-validates-as-required\" aria-required=\"true\" aria-invalid=\"false\" value=\"\" type=\"text\" name=\"vatnumber\" \/><\/span> <\/label>\n<\/p>\n<p><label> Bransch<br \/>\n<span class=\"wpcf7-form-control-wrap\" data-name=\"business\"><input size=\"40\" maxlength=\"400\" class=\"wpcf7-form-control wpcf7-text wpcf7-validates-as-required\" aria-required=\"true\" aria-invalid=\"false\" value=\"\" type=\"text\" name=\"business\" \/><\/span> <\/label>\n<\/p>\n<p><label> Kontaktperson<br \/>\n<span class=\"wpcf7-form-control-wrap\" data-name=\"contactperson\"><input size=\"40\" maxlength=\"400\" class=\"wpcf7-form-control wpcf7-text\" aria-invalid=\"false\" value=\"\" type=\"text\" name=\"contactperson\" \/><\/span> <\/label>\n<\/p>\n<p><label> \u00c4gare\/VD<br \/>\n<span class=\"wpcf7-form-control-wrap\" data-name=\"ownerceo\"><input size=\"40\" maxlength=\"400\" class=\"wpcf7-form-control wpcf7-text wpcf7-validates-as-required\" aria-required=\"true\" aria-invalid=\"false\" value=\"\" type=\"text\" name=\"ownerceo\" \/><\/span> <\/label>\n<\/p>\n<p><label> Adress<br \/>\n<span class=\"wpcf7-form-control-wrap\" data-name=\"streetaddress\"><input size=\"40\" maxlength=\"400\" class=\"wpcf7-form-control wpcf7-text wpcf7-validates-as-required\" aria-required=\"true\" aria-invalid=\"false\" value=\"\" type=\"text\" name=\"streetaddress\" \/><\/span> <\/label>\n<\/p>\n<p><label> Ort<br \/>\n<span class=\"wpcf7-form-control-wrap\" data-name=\"your-city\"><input size=\"40\" maxlength=\"400\" class=\"wpcf7-form-control wpcf7-text wpcf7-validates-as-required\" aria-required=\"true\" aria-invalid=\"false\" value=\"\" type=\"text\" name=\"your-city\" \/><\/span> <\/label>\n<\/p>\n<p><label> Postnummer<br \/>\n<span class=\"wpcf7-form-control-wrap\" data-name=\"your-zip\"><input size=\"40\" maxlength=\"400\" class=\"wpcf7-form-control wpcf7-text wpcf7-validates-as-required\" aria-required=\"true\" aria-invalid=\"false\" value=\"\" type=\"text\" name=\"your-zip\" \/><\/span> <\/label>\n<\/p>\n<p><label> Webplats<br \/>\n<span class=\"wpcf7-form-control-wrap\" data-name=\"url-894\"><input size=\"40\" maxlength=\"400\" class=\"wpcf7-form-control wpcf7-url wpcf7-text wpcf7-validates-as-url\" aria-invalid=\"false\" value=\"\" type=\"url\" name=\"url-894\" \/><\/span> <\/label>\n<\/p>\n<p><label> Leveransadress, om avvikande (valfritt f\u00e4lt)<br \/>\n<span class=\"wpcf7-form-control-wrap\" data-name=\"shipping-address\"><input size=\"40\" maxlength=\"400\" class=\"wpcf7-form-control wpcf7-text\" aria-invalid=\"false\" value=\"\" type=\"text\" name=\"shipping-address\" \/><\/span> <\/label>\n<\/p>\n<p><label> Leveransinstruktioner (valfritt f\u00e4lt)<br \/>\n<span class=\"wpcf7-form-control-wrap\" data-name=\"shipping-instructions\"><input size=\"40\" maxlength=\"400\" class=\"wpcf7-form-control wpcf7-text\" aria-invalid=\"false\" value=\"\" type=\"text\" name=\"shipping-instructions\" \/><\/span> <\/label>\n<\/p>\n<p><label> Fakturerinsadress (elektronisk eller epost)<br \/>\n<span class=\"wpcf7-form-control-wrap\" data-name=\"mailing-address\"><input size=\"40\" maxlength=\"400\" class=\"wpcf7-form-control wpcf7-text wpcf7-validates-as-required\" aria-required=\"true\" aria-invalid=\"false\" value=\"\" type=\"text\" name=\"mailing-address\" \/><\/span> <\/label>\n<\/p>\n<p><label> F\u00f6rmedlare\/BIC (om elektronisk fakt.)<br \/>\n<span class=\"wpcf7-form-control-wrap\" data-name=\"your-bic\"><input size=\"40\" maxlength=\"400\" class=\"wpcf7-form-control wpcf7-text\" aria-invalid=\"false\" value=\"\" type=\"text\" name=\"your-bic\" \/><\/span> <\/label>\n<\/p>\n<p><label> Meddelande (valfritt f\u00e4lt)<br \/>\n<span class=\"wpcf7-form-control-wrap\" data-name=\"your-message\"><textarea cols=\"40\" rows=\"10\" maxlength=\"2000\" class=\"wpcf7-form-control wpcf7-textarea\" aria-invalid=\"false\" name=\"your-message\"><\/textarea><\/span> <\/label>\n<\/p>\n<p><input class=\"wpcf7-form-control wpcf7-submit has-spinner\" type=\"submit\" value=\"Skicka\" \/>\n<\/p><div class=\"wpcf7-response-output\" aria-hidden=\"true\"><\/div>\n<\/form>\n<\/div>\n<\/div>\n\t\t\t\t\t\t<\/div>\n\t\t\t\t<\/div>\n\t\t\t\t\t<\/div>\n\t\t\t\t<\/div>\n\t\t\t\t<\/div>\n\t\t","protected":false},"excerpt":{"rendered":"<p>Vilken av dessa situationer g\u00e4ller dig? Jag \u00e4r f\u00f6retagskund och \u00e5terf\u00f6rs\u00e4ljare hos er och jag har best\u00e4llt fr\u00e5n er webbutik efter den 10 mars 2024 Allt \u00e4r i skick och du kan logga in\u00a0h\u00e4r. Jag \u00e4r f\u00f6retagskund, men mitt l\u00f6senord duger inte Om f\u00f6retaget du representerar har en befintlig, etablerad kundrelation med Oy Noortrade Ab, [&hellip;]<\/p>\n","protected":false},"author":5,"featured_media":0,"parent":0,"menu_order":0,"comment_status":"closed","ping_status":"closed","template":"elementor_header_footer","meta":{"_acf_changed":false,"_relevanssi_hide_post":"","_relevanssi_hide_content":"","_relevanssi_pin_for_all":"","_relevanssi_pin_keywords":"","_relevanssi_unpin_keywords":"","_relevanssi_related_keywords":"","_relevanssi_related_include_ids":"","_relevanssi_related_exclude_ids":"","_relevanssi_related_no_append":"","_relevanssi_related_not_related":"","_relevanssi_related_posts":"","_relevanssi_noindex_reason":"","footnotes":""},"class_list":["post-99446","page","type-page","status-publish","hentry"],"acf":[],"yoast_head":"<!-- This site is optimized with the Yoast SEO plugin v27.5 - https:\/\/yoast.com\/product\/yoast-seo-wordpress\/ -->\n<title>F\u00f6retagskund - Oy Noortrade Ab<\/title>\n<meta name=\"robots\" content=\"index, follow, max-snippet:-1, max-image-preview:large, max-video-preview:-1\" \/>\n<link rel=\"canonical\" href=\"https:\/\/shop.noor.fi\/tiliasiakas\/\" \/>\n<meta property=\"og:locale\" content=\"sv_SE\" \/>\n<meta property=\"og:type\" content=\"article\" \/>\n<meta property=\"og:title\" content=\"F\u00f6retagskund - Oy Noortrade Ab\" \/>\n<meta property=\"og:description\" content=\"Vilken av dessa situationer g\u00e4ller dig? Jag \u00e4r f\u00f6retagskund och \u00e5terf\u00f6rs\u00e4ljare hos er och jag har best\u00e4llt fr\u00e5n er webbutik efter den 10 mars 2024 Allt \u00e4r i skick och du kan logga in\u00a0h\u00e4r. Jag \u00e4r f\u00f6retagskund, men mitt l\u00f6senord duger inte Om f\u00f6retaget du representerar har en befintlig, etablerad kundrelation med Oy Noortrade Ab, [&hellip;]\" \/>\n<meta property=\"og:url\" content=\"https:\/\/shop.noor.fi\/tiliasiakas\/\" \/>\n<meta property=\"og:site_name\" content=\"Oy Noortrade Ab\" \/>\n<meta property=\"article:modified_time\" content=\"2025-06-05T07:28:32+00:00\" \/>\n<meta name=\"twitter:card\" content=\"summary_large_image\" \/>\n<meta name=\"twitter:label1\" content=\"Ber\u00e4knad l\u00e4stid\" \/>\n\t<meta name=\"twitter:data1\" content=\"1 minut\" \/>\n<script type=\"application\/ld+json\" class=\"yoast-schema-graph\">{\"@context\":\"https:\\\/\\\/schema.org\",\"@graph\":[{\"@type\":\"WebPage\",\"@id\":\"https:\\\/\\\/shop.noor.fi\\\/tiliasiakas\\\/\",\"url\":\"https:\\\/\\\/shop.noor.fi\\\/tiliasiakas\\\/\",\"name\":\"F\u00f6retagskund - Oy Noortrade Ab\",\"isPartOf\":{\"@id\":\"https:\\\/\\\/shopnoorfi-wp31835.test.cchosting.fi\\\/#website\"},\"datePublished\":\"2024-04-18T10:54:18+00:00\",\"dateModified\":\"2025-06-05T07:28:32+00:00\",\"breadcrumb\":{\"@id\":\"https:\\\/\\\/shop.noor.fi\\\/tiliasiakas\\\/#breadcrumb\"},\"inLanguage\":\"sv-SE\",\"potentialAction\":[{\"@type\":\"ReadAction\",\"target\":[\"https:\\\/\\\/shop.noor.fi\\\/tiliasiakas\\\/\"]}]},{\"@type\":\"BreadcrumbList\",\"@id\":\"https:\\\/\\\/shop.noor.fi\\\/tiliasiakas\\\/#breadcrumb\",\"itemListElement\":[{\"@type\":\"ListItem\",\"position\":1,\"name\":\"Etusivu\",\"item\":\"https:\\\/\\\/shop.noor.fi\\\/sv\\\/\"},{\"@type\":\"ListItem\",\"position\":2,\"name\":\"F\u00f6retagskund\"}]},{\"@type\":\"WebSite\",\"@id\":\"https:\\\/\\\/shopnoorfi-wp31835.test.cchosting.fi\\\/#website\",\"url\":\"https:\\\/\\\/shopnoorfi-wp31835.test.cchosting.fi\\\/\",\"name\":\"Oy Noortrade Ab\",\"description\":\"Finnish family owned company with over 30 years of professional experience in lighting &amp; interior products import and sales - reliably.\",\"publisher\":{\"@id\":\"https:\\\/\\\/shopnoorfi-wp31835.test.cchosting.fi\\\/#organization\"},\"potentialAction\":[{\"@type\":\"SearchAction\",\"target\":{\"@type\":\"EntryPoint\",\"urlTemplate\":\"https:\\\/\\\/shopnoorfi-wp31835.test.cchosting.fi\\\/?s={search_term_string}\"},\"query-input\":{\"@type\":\"PropertyValueSpecification\",\"valueRequired\":true,\"valueName\":\"search_term_string\"}}],\"inLanguage\":\"sv-SE\"},{\"@type\":\"Organization\",\"@id\":\"https:\\\/\\\/shopnoorfi-wp31835.test.cchosting.fi\\\/#organization\",\"name\":\"Oy Noortrade Ab\",\"url\":\"https:\\\/\\\/shopnoorfi-wp31835.test.cchosting.fi\\\/\",\"logo\":{\"@type\":\"ImageObject\",\"inLanguage\":\"sv-SE\",\"@id\":\"https:\\\/\\\/shopnoorfi-wp31835.test.cchosting.fi\\\/#\\\/schema\\\/logo\\\/image\\\/\",\"url\":\"https:\\\/\\\/shop.noor.fi\\\/wp-content\\\/uploads\\\/2024\\\/01\\\/Oy-Noortrade-Ab-Corbel-VERSAL-bold-BLACK.png\",\"contentUrl\":\"https:\\\/\\\/shop.noor.fi\\\/wp-content\\\/uploads\\\/2024\\\/01\\\/Oy-Noortrade-Ab-Corbel-VERSAL-bold-BLACK.png\",\"width\":721,\"height\":177,\"caption\":\"Oy Noortrade Ab\"},\"image\":{\"@id\":\"https:\\\/\\\/shopnoorfi-wp31835.test.cchosting.fi\\\/#\\\/schema\\\/logo\\\/image\\\/\"}}]}<\/script>\n<!-- \/ Yoast SEO plugin. -->","yoast_head_json":{"title":"F\u00f6retagskund - Oy Noortrade Ab","robots":{"index":"index","follow":"follow","max-snippet":"max-snippet:-1","max-image-preview":"max-image-preview:large","max-video-preview":"max-video-preview:-1"},"canonical":"https:\/\/shop.noor.fi\/tiliasiakas\/","og_locale":"sv_SE","og_type":"article","og_title":"F\u00f6retagskund - Oy Noortrade Ab","og_description":"Vilken av dessa situationer g\u00e4ller dig? Jag \u00e4r f\u00f6retagskund och \u00e5terf\u00f6rs\u00e4ljare hos er och jag har best\u00e4llt fr\u00e5n er webbutik efter den 10 mars 2024 Allt \u00e4r i skick och du kan logga in\u00a0h\u00e4r. Jag \u00e4r f\u00f6retagskund, men mitt l\u00f6senord duger inte Om f\u00f6retaget du representerar har en befintlig, etablerad kundrelation med Oy Noortrade Ab, [&hellip;]","og_url":"https:\/\/shop.noor.fi\/tiliasiakas\/","og_site_name":"Oy Noortrade Ab","article_modified_time":"2025-06-05T07:28:32+00:00","twitter_card":"summary_large_image","twitter_misc":{"Ber\u00e4knad l\u00e4stid":"1 minut"},"schema":{"@context":"https:\/\/schema.org","@graph":[{"@type":"WebPage","@id":"https:\/\/shop.noor.fi\/tiliasiakas\/","url":"https:\/\/shop.noor.fi\/tiliasiakas\/","name":"F\u00f6retagskund - Oy Noortrade Ab","isPartOf":{"@id":"https:\/\/shopnoorfi-wp31835.test.cchosting.fi\/#website"},"datePublished":"2024-04-18T10:54:18+00:00","dateModified":"2025-06-05T07:28:32+00:00","breadcrumb":{"@id":"https:\/\/shop.noor.fi\/tiliasiakas\/#breadcrumb"},"inLanguage":"sv-SE","potentialAction":[{"@type":"ReadAction","target":["https:\/\/shop.noor.fi\/tiliasiakas\/"]}]},{"@type":"BreadcrumbList","@id":"https:\/\/shop.noor.fi\/tiliasiakas\/#breadcrumb","itemListElement":[{"@type":"ListItem","position":1,"name":"Etusivu","item":"https:\/\/shop.noor.fi\/sv\/"},{"@type":"ListItem","position":2,"name":"F\u00f6retagskund"}]},{"@type":"WebSite","@id":"https:\/\/shopnoorfi-wp31835.test.cchosting.fi\/#website","url":"https:\/\/shopnoorfi-wp31835.test.cchosting.fi\/","name":"Oy Noortrade Ab","description":"Finnish family owned company with over 30 years of professional experience in lighting &amp; interior products import and sales - reliably.","publisher":{"@id":"https:\/\/shopnoorfi-wp31835.test.cchosting.fi\/#organization"},"potentialAction":[{"@type":"SearchAction","target":{"@type":"EntryPoint","urlTemplate":"https:\/\/shopnoorfi-wp31835.test.cchosting.fi\/?s={search_term_string}"},"query-input":{"@type":"PropertyValueSpecification","valueRequired":true,"valueName":"search_term_string"}}],"inLanguage":"sv-SE"},{"@type":"Organization","@id":"https:\/\/shopnoorfi-wp31835.test.cchosting.fi\/#organization","name":"Oy Noortrade Ab","url":"https:\/\/shopnoorfi-wp31835.test.cchosting.fi\/","logo":{"@type":"ImageObject","inLanguage":"sv-SE","@id":"https:\/\/shopnoorfi-wp31835.test.cchosting.fi\/#\/schema\/logo\/image\/","url":"https:\/\/shop.noor.fi\/wp-content\/uploads\/2024\/01\/Oy-Noortrade-Ab-Corbel-VERSAL-bold-BLACK.png","contentUrl":"https:\/\/shop.noor.fi\/wp-content\/uploads\/2024\/01\/Oy-Noortrade-Ab-Corbel-VERSAL-bold-BLACK.png","width":721,"height":177,"caption":"Oy Noortrade Ab"},"image":{"@id":"https:\/\/shopnoorfi-wp31835.test.cchosting.fi\/#\/schema\/logo\/image\/"}}]}},"_links":{"self":[{"href":"https:\/\/shop.noor.fi\/sv\/wp-json\/wp\/v2\/pages\/99446","targetHints":{"allow":["GET"]}}],"collection":[{"href":"https:\/\/shop.noor.fi\/sv\/wp-json\/wp\/v2\/pages"}],"about":[{"href":"https:\/\/shop.noor.fi\/sv\/wp-json\/wp\/v2\/types\/page"}],"author":[{"embeddable":true,"href":"https:\/\/shop.noor.fi\/sv\/wp-json\/wp\/v2\/users\/5"}],"replies":[{"embeddable":true,"href":"https:\/\/shop.noor.fi\/sv\/wp-json\/wp\/v2\/comments?post=99446"}],"version-history":[{"count":0,"href":"https:\/\/shop.noor.fi\/sv\/wp-json\/wp\/v2\/pages\/99446\/revisions"}],"wp:attachment":[{"href":"https:\/\/shop.noor.fi\/sv\/wp-json\/wp\/v2\/media?parent=99446"}],"curies":[{"name":"wp","href":"https:\/\/api.w.org\/{rel}","templated":true}]}}