{"id":95800,"date":"2023-09-13T06:45:39","date_gmt":"2023-09-13T03:45:39","guid":{"rendered":"https:\/\/staging4.shop.noor.fi\/?page_id=95800"},"modified":"2025-06-05T10:25:58","modified_gmt":"2025-06-05T07:25:58","slug":"register-och-dataskyddsbeskrivning","status":"publish","type":"page","link":"https:\/\/shop.noor.fi\/sv\/register-och-dataskyddsbeskrivning\/","title":{"rendered":"Register- och dataskyddsbeskrivning"},"content":{"rendered":"\t\t<div data-elementor-type=\"wp-page\" data-elementor-id=\"95800\" class=\"elementor elementor-95800 elementor-3\" data-elementor-post-type=\"page\">\n\t\t\t\t<div class=\"elementor-element elementor-element-d8ead8a e-ecs-flex e-flex e-con-boxed e-con e-parent\" data-id=\"d8ead8a\" data-element_type=\"container\" data-e-type=\"container\" data-settings=\"{&quot;ecs_container_type&quot;:&quot;flex&quot;}\">\n\t\t\t\t\t<div class=\"e-con-inner\">\n\t\t\t\t<div class=\"elementor-element elementor-element-f34d8a9 elementor-widget elementor-widget-heading\" data-id=\"f34d8a9\" data-element_type=\"widget\" data-e-type=\"widget\" data-widget_type=\"heading.default\">\n\t\t\t\t<div class=\"elementor-widget-container\">\n\t\t\t\t\t<h1 class=\"elementor-heading-title elementor-size-default\">Register- och dataskyddsbeskrivning<\/h1>\t\t\t\t<\/div>\n\t\t\t\t<\/div>\n\t\t\t\t<div class=\"elementor-element elementor-element-632510d elementor-widget elementor-widget-heading\" data-id=\"632510d\" data-element_type=\"widget\" data-e-type=\"widget\" data-widget_type=\"heading.default\">\n\t\t\t\t<div class=\"elementor-widget-container\">\n\t\t\t\t\t<h3 class=\"elementor-heading-title elementor-size-default\">Personuppgiftsansvar<\/h3>\t\t\t\t<\/div>\n\t\t\t\t<\/div>\n\t\t\t\t<div class=\"elementor-element elementor-element-cbc779c elementor-widget elementor-widget-text-editor\" data-id=\"cbc779c\" data-element_type=\"widget\" data-e-type=\"widget\" data-widget_type=\"text-editor.default\">\n\t\t\t\t<div class=\"elementor-widget-container\">\n\t\t\t\t\t\t\t\t\t<p>Oy Noortrade Ab, FO-nummer , 0596940-0 nedan Noortrade, \u00e4r personuppgiftsansvarig f\u00f6r de personuppgifter vi samlar in och lagrar. F\u00f6r oss \u00e4r det en sj\u00e4lvklarhet att v\u00e4rna om din integritet och f\u00f6lja aktuellt regelverk i form av Dataskyddsf\u00f6rordning EU 2016\/679 (GDPR).<br \/>Typ av data vi samlar in och syfte<\/p>\t\t\t\t\t\t\t\t<\/div>\n\t\t\t\t<\/div>\n\t\t\t\t<div class=\"elementor-element elementor-element-d74cf5d elementor-widget elementor-widget-heading\" data-id=\"d74cf5d\" data-element_type=\"widget\" data-e-type=\"widget\" data-widget_type=\"heading.default\">\n\t\t\t\t<div class=\"elementor-widget-container\">\n\t\t\t\t\t<h3 class=\"elementor-heading-title elementor-size-default\">Du som bes\u00f6kare av hemsidan<\/h3>\t\t\t\t<\/div>\n\t\t\t\t<\/div>\n\t\t\t\t<div class=\"elementor-element elementor-element-ebbfa3e elementor-widget elementor-widget-text-editor\" data-id=\"ebbfa3e\" data-element_type=\"widget\" data-e-type=\"widget\" data-widget_type=\"text-editor.default\">\n\t\t\t\t<div class=\"elementor-widget-container\">\n\t\t\t\t\t\t\t\t\t<p>Under normal webbplatsanv\u00e4ndning samlar vi in vanliga loggdata f\u00f6r webbservrar. S\u00e5dana data kan normalt inte anv\u00e4ndas f\u00f6r att identifiera dig personligen eller avsl\u00f6ja n\u00e5gon annan information av personlig karakt\u00e4r. Vi anv\u00e4nder webbserverns loggdata f\u00f6r att ta fram statistik och m\u00e4ta webbplatsaktivitet som f\u00f6r att kunna f\u00f6rb\u00e4ttra din webb-upplevelse. Vi kan dela den med tredje man f\u00f6r analys eller f\u00f6r att kunna f\u00f6rb\u00e4ttra webbplatsen och de tj\u00e4nster vi tillhandah\u00e5ller h\u00e4r.<\/p><p>Vi kan dessutom spara viss information p\u00e5 din enhet i form av \u201dcookies\u201d. Cookies anv\u00e4nds av tekniska sk\u00e4l f\u00f6r att underl\u00e4tta din anv\u00e4ndning av webbplatsen men \u00e4ven f\u00f6r att ge information till \u00e4garen av webbplatsen. Du kan st\u00e4lla in datorn p\u00e5 att blockera cookies. Det inneb\u00e4r dock att vi inte kan garantera att alla delar av webbplatsen fungerar som de ska.<\/p><p>Om du \u00e4r f\u00f6retagskund till oss och har inloggningsuppgifter till hemsidan sparar vi \u00e4ven dina uppgifter i andra system, se nedan.<\/p>\t\t\t\t\t\t\t\t<\/div>\n\t\t\t\t<\/div>\n\t\t\t\t<div class=\"elementor-element elementor-element-d612dbd elementor-widget elementor-widget-heading\" data-id=\"d612dbd\" data-element_type=\"widget\" data-e-type=\"widget\" data-widget_type=\"heading.default\">\n\t\t\t\t<div class=\"elementor-widget-container\">\n\t\t\t\t\t<h3 class=\"elementor-heading-title elementor-size-default\">Om du kontaktar oss<\/h3>\t\t\t\t<\/div>\n\t\t\t\t<\/div>\n\t\t\t\t<div class=\"elementor-element elementor-element-ec05b9a elementor-widget elementor-widget-text-editor\" data-id=\"ec05b9a\" data-element_type=\"widget\" data-e-type=\"widget\" data-widget_type=\"text-editor.default\">\n\t\t\t\t<div class=\"elementor-widget-container\">\n\t\t\t\t\t\t\t\t\t<p>Om du av n\u00e5gon anledning kontaktar oss s\u00e5 kan vi komma att spara dina kontaktuppgifter och den information du l\u00e4mnar till oss i syfte att behandla ditt \u00e4rende. Det kan t.ex. handla om att vi sparar det mail du har skickat till oss. Denna typ av information l\u00e4mnas normalt inte ut till tredje man s\u00e5vida det inte kr\u00e4vs f\u00f6r att hj\u00e4lpa dig p\u00e5 b\u00e4sta s\u00e4tt, t.ex. om vi skall skicka n\u00e5got till dig eller f\u00f6r att h\u00e4nvisa dig till n\u00e5gon av v\u00e5ra \u00e5terf\u00f6rs\u00e4ljare.<\/p>\t\t\t\t\t\t\t\t<\/div>\n\t\t\t\t<\/div>\n\t\t\t\t<div class=\"elementor-element elementor-element-a8ee152 elementor-widget elementor-widget-heading\" data-id=\"a8ee152\" data-element_type=\"widget\" data-e-type=\"widget\" data-widget_type=\"heading.default\">\n\t\t\t\t<div class=\"elementor-widget-container\">\n\t\t\t\t\t<h3 class=\"elementor-heading-title elementor-size-default\">Sociala medier<\/h3>\t\t\t\t<\/div>\n\t\t\t\t<\/div>\n\t\t\t\t<div class=\"elementor-element elementor-element-dde2cf3 elementor-widget elementor-widget-text-editor\" data-id=\"dde2cf3\" data-element_type=\"widget\" data-e-type=\"widget\" data-widget_type=\"text-editor.default\">\n\t\t\t\t<div class=\"elementor-widget-container\">\n\t\t\t\t\t\t\t\t\t<p>Noortrade anv\u00e4nder sociala medier f\u00f6r att interagera med v\u00e5ra kunder, men \u00e4r inte personuppgiftsansvarig f\u00f6r den personliga information du delar d\u00e4r. Vi samlar normalt inte in n\u00e5gon information om dig fr\u00e5n dessa plattformar f\u00f6rutom om det beh\u00f6vs f\u00f6r att t.ex. skicka ett pris till dig om du vunnit n\u00e5gon av v\u00e5ra t\u00e4vlingar.<\/p>\t\t\t\t\t\t\t\t<\/div>\n\t\t\t\t<\/div>\n\t\t\t\t<div class=\"elementor-element elementor-element-cc06bb7 elementor-widget elementor-widget-heading\" data-id=\"cc06bb7\" data-element_type=\"widget\" data-e-type=\"widget\" data-widget_type=\"heading.default\">\n\t\t\t\t<div class=\"elementor-widget-container\">\n\t\t\t\t\t<h3 class=\"elementor-heading-title elementor-size-default\">Du som kund eller leverant\u00f6r till oss<\/h3>\t\t\t\t<\/div>\n\t\t\t\t<\/div>\n\t\t\t\t<div class=\"elementor-element elementor-element-deba119 elementor-widget elementor-widget-text-editor\" data-id=\"deba119\" data-element_type=\"widget\" data-e-type=\"widget\" data-widget_type=\"text-editor.default\">\n\t\t\t\t<div class=\"elementor-widget-container\">\n\t\t\t\t\t\t\t\t\t<p>Noortrade sparar i f\u00f6rsta hand uppgifter om de f\u00f6retag vi g\u00f6r aff\u00e4rer med, men f\u00f6r avtals\u00e4ndam\u00e5l samt kontaktinformation sparar vi \u00e4ven personliga uppgifter om kontaktpersoner p\u00e5 respektive f\u00f6retag. De personuppgifter vi samlar in och lagrar inkluderar normalt endast dina kontaktuppgifter och titel samt \u00f6vrig information relaterad till din yrkesroll. I egenskap av f\u00f6retagsrepresentant kan dina uppgifter komma att lagras p\u00e5 avtal, order, orderhistorik, fakturor och liknande. Vi anv\u00e4nder \u00e4ven din kontaktinformation f\u00f6r att kontakta dig via riktad marknadsf\u00f6ring.<\/p><p>Vi kan komma att dela din information med v\u00e5ra tj\u00e4nsteleverant\u00f6rer, bl.a. f\u00f6r drift och underh\u00e5ll av v\u00e5r hemsida och \u00f6vriga system. Vi kan \u00e4ven komma att dela din information f\u00f6r revision och andra lagstadgade \u00e4ndam\u00e5l.<\/p>\t\t\t\t\t\t\t\t<\/div>\n\t\t\t\t<\/div>\n\t\t\t\t<div class=\"elementor-element elementor-element-06a5362 elementor-widget elementor-widget-heading\" data-id=\"06a5362\" data-element_type=\"widget\" data-e-type=\"widget\" data-widget_type=\"heading.default\">\n\t\t\t\t<div class=\"elementor-widget-container\">\n\t\t\t\t\t<h3 class=\"elementor-heading-title elementor-size-default\">Lagring, utdrag, r\u00e4ttelse och radering<\/h3>\t\t\t\t<\/div>\n\t\t\t\t<\/div>\n\t\t\t\t<div class=\"elementor-element elementor-element-2fc17be elementor-widget elementor-widget-text-editor\" data-id=\"2fc17be\" data-element_type=\"widget\" data-e-type=\"widget\" data-widget_type=\"text-editor.default\">\n\t\t\t\t<div class=\"elementor-widget-container\">\n\t\t\t\t\t\t\t\t\t<p>Vi arbetar l\u00f6pande b\u00e5de manuellt och automatiskt f\u00f6r att uppdatera och underh\u00e5lla v\u00e5ra system. Vi lagrar all data p\u00e5 ett s\u00e4kert s\u00e4tt och vidtar \u00e5tg\u00e4rder f\u00f6r att skydda mot dataintr\u00e5ng. Vi lagrar personuppgifter under den tidsperiod som \u00e4r n\u00f6dv\u00e4ndig f\u00f6r att uppfylla de syften som anges i denna policy och i enlighet med Noortrades policyer f\u00f6r lagring av register s\u00e5vida inte en l\u00e4ngre lagringsperiod kr\u00e4vs, t.ex. av lagrum s\u00e5som bokf\u00f6ringslagen.<\/p><p>Du har r\u00e4tt att kontakta oss f\u00f6r att beg\u00e4ra utdrag p\u00e5 typ av information vi lagrar om dig, beg\u00e4ra r\u00e4ttelse av felaktiga uppgifter samt beg\u00e4ra att f\u00e5 dina uppgifter raderade ur v\u00e5ra system. Detta g\u00e4ller dock inte om vi kan uppvisa tvingande ber\u00e4ttigade sk\u00e4l f\u00f6r behandlingen som v\u00e4ger tyngre eller om det sker f\u00f6r fastst\u00e4llande, ut\u00f6vande eller f\u00f6rsvar av r\u00e4ttsliga anspr\u00e5k eller f\u00f6ljer av annan lagstiftning.<\/p>\t\t\t\t\t\t\t\t<\/div>\n\t\t\t\t<\/div>\n\t\t\t\t<div class=\"elementor-element elementor-element-1fee8c6 elementor-widget elementor-widget-heading\" data-id=\"1fee8c6\" data-element_type=\"widget\" data-e-type=\"widget\" data-widget_type=\"heading.default\">\n\t\t\t\t<div class=\"elementor-widget-container\">\n\t\t\t\t\t<h3 class=\"elementor-heading-title elementor-size-default\">R\u00e4tt att klaga hos tillsynsmyndighet<\/h3>\t\t\t\t<\/div>\n\t\t\t\t<\/div>\n\t\t\t\t<div class=\"elementor-element elementor-element-c924fff elementor-widget elementor-widget-text-editor\" data-id=\"c924fff\" data-element_type=\"widget\" data-e-type=\"widget\" data-widget_type=\"text-editor.default\">\n\t\t\t\t<div class=\"elementor-widget-container\">\n\t\t\t\t\t\t\t\t\t<p>Du har r\u00e4tt att l\u00e4mna klagom\u00e5l till en beh\u00f6rig tillsynsmyndighet i den medlemsstat inom EU\/EES d\u00e4r du har din vanliga hemvist, d\u00e4r du arbetar eller d\u00e4r en \u00f6vertr\u00e4delse av g\u00e4llande lagar och regler f\u00f6r dataskydd p\u00e5st\u00e5s ha f\u00f6rekommit. Beh\u00f6rig tillsynsmyndighet i Finland \u00e4r Dataombudsmannens byr\u00e5.<\/p>\t\t\t\t\t\t\t\t<\/div>\n\t\t\t\t<\/div>\n\t\t\t\t<div class=\"elementor-element elementor-element-fce8f05 elementor-widget elementor-widget-heading\" data-id=\"fce8f05\" data-element_type=\"widget\" data-e-type=\"widget\" data-widget_type=\"heading.default\">\n\t\t\t\t<div class=\"elementor-widget-container\">\n\t\t\t\t\t<h3 class=\"elementor-heading-title elementor-size-default\">Kontakt<\/h3>\t\t\t\t<\/div>\n\t\t\t\t<\/div>\n\t\t\t\t<div class=\"elementor-element elementor-element-1d0fec5 elementor-widget elementor-widget-text-editor\" data-id=\"1d0fec5\" data-element_type=\"widget\" data-e-type=\"widget\" data-widget_type=\"text-editor.default\">\n\t\t\t\t<div class=\"elementor-widget-container\">\n\t\t\t\t\t\t\t\t\t<p>Om du har fr\u00e5gor om hur vi behandlar dina personuppgifter eller om du vill ut\u00f6va n\u00e5gon av dina r\u00e4ttigheter som beskrivs ovan \u00e4r du v\u00e4lkommen att kontakta oss. V\u00e5ra kontaktuppgifter \u00e4r:<\/p><p>OY Noortrade AB<br \/>Hallimestarinkatu 2<br \/>20780 S:t Karins<br \/>Tel: 02 5122500<br \/>E-Post:\u00a0<a href=\"mailto:info@noortrade.fi\">info@noortrade.fi<\/a><\/p>\t\t\t\t\t\t\t\t<\/div>\n\t\t\t\t<\/div>\n\t\t\t\t\t<\/div>\n\t\t\t\t<\/div>\n\t\t\t\t<\/div>\n\t\t","protected":false},"excerpt":{"rendered":"<p>Register- och dataskyddsbeskrivning Personuppgiftsansvar Oy Noortrade Ab, FO-nummer , 0596940-0 nedan Noortrade, \u00e4r personuppgiftsansvarig f\u00f6r de personuppgifter vi samlar in och lagrar. F\u00f6r oss \u00e4r det en sj\u00e4lvklarhet att v\u00e4rna om din integritet och f\u00f6lja aktuellt regelverk i form av Dataskyddsf\u00f6rordning EU 2016\/679 (GDPR).Typ av data vi samlar in och syfte Du som bes\u00f6kare av [&hellip;]<\/p>\n","protected":false},"author":29,"featured_media":0,"parent":0,"menu_order":0,"comment_status":"closed","ping_status":"open","template":"elementor_header_footer","meta":{"_acf_changed":false,"_relevanssi_hide_post":"","_relevanssi_hide_content":"","_relevanssi_pin_for_all":"","_relevanssi_pin_keywords":"","_relevanssi_unpin_keywords":"","_relevanssi_related_keywords":"","_relevanssi_related_include_ids":"","_relevanssi_related_exclude_ids":"","_relevanssi_related_no_append":"","_relevanssi_related_not_related":"","_relevanssi_related_posts":"","_relevanssi_noindex_reason":"","footnotes":""},"class_list":["post-95800","page","type-page","status-publish","hentry"],"acf":[],"yoast_head":"<!-- This site is optimized with the Yoast SEO plugin v27.5 - https:\/\/yoast.com\/product\/yoast-seo-wordpress\/ -->\n<title>Register- och dataskyddsbeskrivning - Oy Noortrade Ab<\/title>\n<meta name=\"robots\" content=\"index, follow, max-snippet:-1, max-image-preview:large, max-video-preview:-1\" \/>\n<link rel=\"canonical\" href=\"https:\/\/shop.noor.fi\/rekisteri-ja-tietosuojaseloste\/\" \/>\n<meta property=\"og:locale\" content=\"sv_SE\" \/>\n<meta property=\"og:type\" content=\"article\" \/>\n<meta property=\"og:title\" content=\"Register- och dataskyddsbeskrivning - Oy Noortrade Ab\" \/>\n<meta property=\"og:description\" content=\"Register- och dataskyddsbeskrivning Personuppgiftsansvar Oy Noortrade Ab, FO-nummer , 0596940-0 nedan Noortrade, \u00e4r personuppgiftsansvarig f\u00f6r de personuppgifter vi samlar in och lagrar. F\u00f6r oss \u00e4r det en sj\u00e4lvklarhet att v\u00e4rna om din integritet och f\u00f6lja aktuellt regelverk i form av Dataskyddsf\u00f6rordning EU 2016\/679 (GDPR).Typ av data vi samlar in och syfte Du som bes\u00f6kare av [&hellip;]\" \/>\n<meta property=\"og:url\" content=\"https:\/\/shop.noor.fi\/rekisteri-ja-tietosuojaseloste\/\" \/>\n<meta property=\"og:site_name\" content=\"Oy Noortrade Ab\" \/>\n<meta property=\"article:modified_time\" content=\"2025-06-05T07:25:58+00:00\" \/>\n<meta name=\"twitter:card\" content=\"summary_large_image\" \/>\n<meta name=\"twitter:label1\" content=\"Ber\u00e4knad l\u00e4stid\" \/>\n\t<meta name=\"twitter:data1\" content=\"4 minuter\" \/>\n<script type=\"application\/ld+json\" class=\"yoast-schema-graph\">{\"@context\":\"https:\\\/\\\/schema.org\",\"@graph\":[{\"@type\":\"WebPage\",\"@id\":\"https:\\\/\\\/shop.noor.fi\\\/rekisteri-ja-tietosuojaseloste\\\/\",\"url\":\"https:\\\/\\\/shop.noor.fi\\\/rekisteri-ja-tietosuojaseloste\\\/\",\"name\":\"Register- och dataskyddsbeskrivning - Oy Noortrade Ab\",\"isPartOf\":{\"@id\":\"https:\\\/\\\/shopnoorfi-wp31835.test.cchosting.fi\\\/#website\"},\"datePublished\":\"2023-09-13T03:45:39+00:00\",\"dateModified\":\"2025-06-05T07:25:58+00:00\",\"breadcrumb\":{\"@id\":\"https:\\\/\\\/shop.noor.fi\\\/rekisteri-ja-tietosuojaseloste\\\/#breadcrumb\"},\"inLanguage\":\"sv-SE\",\"potentialAction\":[{\"@type\":\"ReadAction\",\"target\":[\"https:\\\/\\\/shop.noor.fi\\\/rekisteri-ja-tietosuojaseloste\\\/\"]}]},{\"@type\":\"BreadcrumbList\",\"@id\":\"https:\\\/\\\/shop.noor.fi\\\/rekisteri-ja-tietosuojaseloste\\\/#breadcrumb\",\"itemListElement\":[{\"@type\":\"ListItem\",\"position\":1,\"name\":\"Etusivu\",\"item\":\"https:\\\/\\\/shop.noor.fi\\\/sv\\\/\"},{\"@type\":\"ListItem\",\"position\":2,\"name\":\"Register- och dataskyddsbeskrivning\"}]},{\"@type\":\"WebSite\",\"@id\":\"https:\\\/\\\/shopnoorfi-wp31835.test.cchosting.fi\\\/#website\",\"url\":\"https:\\\/\\\/shopnoorfi-wp31835.test.cchosting.fi\\\/\",\"name\":\"Oy Noortrade Ab\",\"description\":\"Finnish family owned company with over 30 years of professional experience in lighting &amp; interior products import and sales - reliably.\",\"publisher\":{\"@id\":\"https:\\\/\\\/shopnoorfi-wp31835.test.cchosting.fi\\\/#organization\"},\"potentialAction\":[{\"@type\":\"SearchAction\",\"target\":{\"@type\":\"EntryPoint\",\"urlTemplate\":\"https:\\\/\\\/shopnoorfi-wp31835.test.cchosting.fi\\\/?s={search_term_string}\"},\"query-input\":{\"@type\":\"PropertyValueSpecification\",\"valueRequired\":true,\"valueName\":\"search_term_string\"}}],\"inLanguage\":\"sv-SE\"},{\"@type\":\"Organization\",\"@id\":\"https:\\\/\\\/shopnoorfi-wp31835.test.cchosting.fi\\\/#organization\",\"name\":\"Oy Noortrade Ab\",\"url\":\"https:\\\/\\\/shopnoorfi-wp31835.test.cchosting.fi\\\/\",\"logo\":{\"@type\":\"ImageObject\",\"inLanguage\":\"sv-SE\",\"@id\":\"https:\\\/\\\/shopnoorfi-wp31835.test.cchosting.fi\\\/#\\\/schema\\\/logo\\\/image\\\/\",\"url\":\"https:\\\/\\\/shop.noor.fi\\\/wp-content\\\/uploads\\\/2024\\\/01\\\/Oy-Noortrade-Ab-Corbel-VERSAL-bold-BLACK.png\",\"contentUrl\":\"https:\\\/\\\/shop.noor.fi\\\/wp-content\\\/uploads\\\/2024\\\/01\\\/Oy-Noortrade-Ab-Corbel-VERSAL-bold-BLACK.png\",\"width\":721,\"height\":177,\"caption\":\"Oy Noortrade Ab\"},\"image\":{\"@id\":\"https:\\\/\\\/shopnoorfi-wp31835.test.cchosting.fi\\\/#\\\/schema\\\/logo\\\/image\\\/\"}}]}<\/script>\n<!-- \/ Yoast SEO plugin. -->","yoast_head_json":{"title":"Register- och dataskyddsbeskrivning - Oy Noortrade Ab","robots":{"index":"index","follow":"follow","max-snippet":"max-snippet:-1","max-image-preview":"max-image-preview:large","max-video-preview":"max-video-preview:-1"},"canonical":"https:\/\/shop.noor.fi\/rekisteri-ja-tietosuojaseloste\/","og_locale":"sv_SE","og_type":"article","og_title":"Register- och dataskyddsbeskrivning - Oy Noortrade Ab","og_description":"Register- och dataskyddsbeskrivning Personuppgiftsansvar Oy Noortrade Ab, FO-nummer , 0596940-0 nedan Noortrade, \u00e4r personuppgiftsansvarig f\u00f6r de personuppgifter vi samlar in och lagrar. F\u00f6r oss \u00e4r det en sj\u00e4lvklarhet att v\u00e4rna om din integritet och f\u00f6lja aktuellt regelverk i form av Dataskyddsf\u00f6rordning EU 2016\/679 (GDPR).Typ av data vi samlar in och syfte Du som bes\u00f6kare av [&hellip;]","og_url":"https:\/\/shop.noor.fi\/rekisteri-ja-tietosuojaseloste\/","og_site_name":"Oy Noortrade Ab","article_modified_time":"2025-06-05T07:25:58+00:00","twitter_card":"summary_large_image","twitter_misc":{"Ber\u00e4knad l\u00e4stid":"4 minuter"},"schema":{"@context":"https:\/\/schema.org","@graph":[{"@type":"WebPage","@id":"https:\/\/shop.noor.fi\/rekisteri-ja-tietosuojaseloste\/","url":"https:\/\/shop.noor.fi\/rekisteri-ja-tietosuojaseloste\/","name":"Register- och dataskyddsbeskrivning - Oy Noortrade Ab","isPartOf":{"@id":"https:\/\/shopnoorfi-wp31835.test.cchosting.fi\/#website"},"datePublished":"2023-09-13T03:45:39+00:00","dateModified":"2025-06-05T07:25:58+00:00","breadcrumb":{"@id":"https:\/\/shop.noor.fi\/rekisteri-ja-tietosuojaseloste\/#breadcrumb"},"inLanguage":"sv-SE","potentialAction":[{"@type":"ReadAction","target":["https:\/\/shop.noor.fi\/rekisteri-ja-tietosuojaseloste\/"]}]},{"@type":"BreadcrumbList","@id":"https:\/\/shop.noor.fi\/rekisteri-ja-tietosuojaseloste\/#breadcrumb","itemListElement":[{"@type":"ListItem","position":1,"name":"Etusivu","item":"https:\/\/shop.noor.fi\/sv\/"},{"@type":"ListItem","position":2,"name":"Register- och dataskyddsbeskrivning"}]},{"@type":"WebSite","@id":"https:\/\/shopnoorfi-wp31835.test.cchosting.fi\/#website","url":"https:\/\/shopnoorfi-wp31835.test.cchosting.fi\/","name":"Oy Noortrade Ab","description":"Finnish family owned company with over 30 years of professional experience in lighting &amp; interior products import and sales - reliably.","publisher":{"@id":"https:\/\/shopnoorfi-wp31835.test.cchosting.fi\/#organization"},"potentialAction":[{"@type":"SearchAction","target":{"@type":"EntryPoint","urlTemplate":"https:\/\/shopnoorfi-wp31835.test.cchosting.fi\/?s={search_term_string}"},"query-input":{"@type":"PropertyValueSpecification","valueRequired":true,"valueName":"search_term_string"}}],"inLanguage":"sv-SE"},{"@type":"Organization","@id":"https:\/\/shopnoorfi-wp31835.test.cchosting.fi\/#organization","name":"Oy Noortrade Ab","url":"https:\/\/shopnoorfi-wp31835.test.cchosting.fi\/","logo":{"@type":"ImageObject","inLanguage":"sv-SE","@id":"https:\/\/shopnoorfi-wp31835.test.cchosting.fi\/#\/schema\/logo\/image\/","url":"https:\/\/shop.noor.fi\/wp-content\/uploads\/2024\/01\/Oy-Noortrade-Ab-Corbel-VERSAL-bold-BLACK.png","contentUrl":"https:\/\/shop.noor.fi\/wp-content\/uploads\/2024\/01\/Oy-Noortrade-Ab-Corbel-VERSAL-bold-BLACK.png","width":721,"height":177,"caption":"Oy Noortrade Ab"},"image":{"@id":"https:\/\/shopnoorfi-wp31835.test.cchosting.fi\/#\/schema\/logo\/image\/"}}]}},"_links":{"self":[{"href":"https:\/\/shop.noor.fi\/sv\/wp-json\/wp\/v2\/pages\/95800","targetHints":{"allow":["GET"]}}],"collection":[{"href":"https:\/\/shop.noor.fi\/sv\/wp-json\/wp\/v2\/pages"}],"about":[{"href":"https:\/\/shop.noor.fi\/sv\/wp-json\/wp\/v2\/types\/page"}],"author":[{"embeddable":true,"href":"https:\/\/shop.noor.fi\/sv\/wp-json\/wp\/v2\/users\/29"}],"replies":[{"embeddable":true,"href":"https:\/\/shop.noor.fi\/sv\/wp-json\/wp\/v2\/comments?post=95800"}],"version-history":[{"count":0,"href":"https:\/\/shop.noor.fi\/sv\/wp-json\/wp\/v2\/pages\/95800\/revisions"}],"wp:attachment":[{"href":"https:\/\/shop.noor.fi\/sv\/wp-json\/wp\/v2\/media?parent=95800"}],"curies":[{"name":"wp","href":"https:\/\/api.w.org\/{rel}","templated":true}]}}