{"id":86600,"date":"2023-10-09T07:30:36","date_gmt":"2023-10-09T04:30:36","guid":{"rendered":"https:\/\/staging4.shop.noor.fi\/?page_id=86600"},"modified":"2026-04-01T15:39:08","modified_gmt":"2026-04-01T12:39:08","slug":"om-oss","status":"publish","type":"page","link":"https:\/\/shop.noor.fi\/sv\/om-oss\/","title":{"rendered":"Om oss"},"content":{"rendered":"\t\t<div data-elementor-type=\"wp-page\" data-elementor-id=\"86600\" class=\"elementor elementor-86600 elementor-260\" data-elementor-post-type=\"page\">\n\t\t\t\t<div class=\"elementor-element elementor-element-3ac100a e-ecs-flex e-flex e-con-boxed e-con e-parent\" data-id=\"3ac100a\" data-element_type=\"container\" data-e-type=\"container\" data-settings=\"{&quot;ecs_container_type&quot;:&quot;flex&quot;}\">\n\t\t\t\t\t<div class=\"e-con-inner\">\n\t\t<div class=\"elementor-element elementor-element-d24d760 e-con-full e-ecs-flex e-flex e-con e-child\" data-id=\"d24d760\" data-element_type=\"container\" data-e-type=\"container\" data-settings=\"{&quot;ecs_container_type&quot;:&quot;flex&quot;}\">\n\t\t\t\t<div class=\"elementor-element elementor-element-2141db9 elementor-widget elementor-widget-heading\" data-id=\"2141db9\" data-element_type=\"widget\" data-e-type=\"widget\" data-widget_type=\"heading.default\">\n\t\t\t\t<div class=\"elementor-widget-container\">\n\t\t\t\t\t<h1 class=\"elementor-heading-title elementor-size-default\">Om oss<\/h1>\t\t\t\t<\/div>\n\t\t\t\t<\/div>\n\t\t\t\t<div class=\"elementor-element elementor-element-b6b6ca8 elementor-widget elementor-widget-text-editor\" data-id=\"b6b6ca8\" data-element_type=\"widget\" data-e-type=\"widget\" data-widget_type=\"text-editor.default\">\n\t\t\t\t<div class=\"elementor-widget-container\">\n\t\t\t\t\t\t\t\t\t<p>Oy Noortrade Ab:s verksamhet best\u00e5r av import och marknadsf\u00f6ring av inrednings- utomhus-, jul- och s\u00e4songsbelysning samt ljusk\u00e4llor. Nu ing\u00e5r \u00e4ven eltillbeh\u00f6r, Svanefors textiler och \u00f6vriga s\u00e4songsartiklar i NOOR-sortimentet.<\/p><p>V\u00e5r kundkrets best\u00e5r av f\u00f6retagskunder och i de flesta fall m\u00e5nga och l\u00e5nga kundf\u00f6rh\u00e5llanden. Vi betj\u00e4nar v\u00e5ra kunder med sakkunnighet och hj\u00e4lper till att hitta optimala belysnings- och inredningsl\u00f6sningar f\u00f6r varje tillf\u00e4lle och rum. Noortrade str\u00e4var efter att ge helhetsservice och teknisk support. Vi levererar belysning, textiler och s\u00e4songsvaror till v\u00e5ra detaljhandels- och f\u00f6retagskunder, i st\u00f6rre och mindre m\u00e4ngder. Marknaden omfattar hela Finland. Vi har \u00e4ven \u00f6ppnat B2C-n\u00e4tbutik till alla konsumenter! Ur v\u00e5rt sortiment hittar du bra belysningsid\u00e9er till ditt hem eller din tr\u00e4dg\u00e5rd, ocks\u00e5 inrednings- och s\u00e4songsartiklar. V\u00e4lsorterade belysnings- och elaff\u00e4rer, tyg- och inredningsbutiker runt om i landet betj\u00e4nar \u00e4ven genom att best\u00e4lla \u00e5t dig precis de Noor-produkterna som passar just ditt hem.<\/p><p>\u2013 Quality lighting &amp; Interior Products reliably<\/p>\t\t\t\t\t\t\t\t<\/div>\n\t\t\t\t<\/div>\n\t\t\t\t<\/div>\n\t\t<div class=\"elementor-element elementor-element-688537f e-con-full e-ecs-flex e-flex e-con e-child\" data-id=\"688537f\" data-element_type=\"container\" data-e-type=\"container\" data-settings=\"{&quot;ecs_container_type&quot;:&quot;flex&quot;}\">\n\t\t\t\t<div class=\"elementor-element elementor-element-83a79ab elementor-widget elementor-widget-image\" data-id=\"83a79ab\" data-element_type=\"widget\" data-e-type=\"widget\" data-widget_type=\"image.default\">\n\t\t\t\t<div class=\"elementor-widget-container\">\n\t\t\t\t\t\t\t\t\t\t\t\t\t\t\t<img fetchpriority=\"high\" decoding=\"async\" width=\"800\" height=\"533\" src=\"https:\/\/shop.noor.fi\/wp-content\/uploads\/2025\/05\/IMG_2825_2.jpg\" class=\"attachment-large size-large wp-image-133443\" alt=\"\" srcset=\"https:\/\/shop.noor.fi\/wp-content\/uploads\/2025\/05\/IMG_2825_2.jpg 800w, https:\/\/shop.noor.fi\/wp-content\/uploads\/2025\/05\/IMG_2825_2-300x200.jpg 300w, https:\/\/shop.noor.fi\/wp-content\/uploads\/2025\/05\/IMG_2825_2-600x400.jpg 600w, https:\/\/shop.noor.fi\/wp-content\/uploads\/2025\/05\/IMG_2825_2-768x512.jpg 768w\" sizes=\"(max-width: 800px) 100vw, 800px\" \/>\t\t\t\t\t\t\t\t\t\t\t\t\t\t\t<\/div>\n\t\t\t\t<\/div>\n\t\t\t\t<\/div>\n\t\t\t\t\t<\/div>\n\t\t\t\t<\/div>\n\t\t<div class=\"elementor-element elementor-element-dbd4f02 e-ecs-flex e-flex e-con-boxed e-con e-parent\" data-id=\"dbd4f02\" data-element_type=\"container\" data-e-type=\"container\" data-settings=\"{&quot;ecs_container_type&quot;:&quot;flex&quot;}\">\n\t\t\t\t\t<div class=\"e-con-inner\">\n\t\t\t\t<div class=\"elementor-element elementor-element-61b34be elementor-widget elementor-widget-heading\" data-id=\"61b34be\" data-element_type=\"widget\" data-e-type=\"widget\" data-widget_type=\"heading.default\">\n\t\t\t\t<div class=\"elementor-widget-container\">\n\t\t\t\t\t<h1 class=\"elementor-heading-title elementor-size-default\">Vision &amp; v\u00e4rderingar<\/h1>\t\t\t\t<\/div>\n\t\t\t\t<\/div>\n\t\t\t\t<div class=\"elementor-element elementor-element-2150893 elementor-widget elementor-widget-text-editor\" data-id=\"2150893\" data-element_type=\"widget\" data-e-type=\"widget\" data-widget_type=\"text-editor.default\">\n\t\t\t\t<div class=\"elementor-widget-container\">\n\t\t\t\t\t\t\t\t\t<p>V\u00e5r vision \u00e4r att som import\u00f6r inom belysningsbranschen vara en nationellt k\u00e4nd och respekterad, kundorienterad akt\u00f6r vars styrkor \u00e4r en engagerad personal, l\u00e5ngsiktiga kundrelationer och ett starkt partnern\u00e4tverk. V\u00e5r l\u00f6nsamhet \u00e4r god pga v\u00e5r effektiva verksamhet och kompetenta personal. I och med att v\u00e5rt lager finns i Finland m\u00f6jligg\u00f6r det att vi kan ge en m\u00e5ngsidig service inklusive aftermarketing. V\u00e5ra aff\u00e4rsv\u00e4rden \u00e4r integritet, \u00e4rlighet och \u00f6ppenhet, entrepren\u00f6rskap, partnerskap och v\u00e4rdes\u00e4ttande av de m\u00e4nniskor vi jobbar med. Vi \u00e4r \u00f6ppna f\u00f6r nya id\u00e9er och samarbetsm\u00f6nster. V\u00e5rt omfattande n\u00e4tverk och goda relationer med v\u00e5ra partners ger oss m\u00f6jlighet att l\u00e4ra oss nytt och att f\u00e5 den senaste informationen till v\u00e5rt f\u00f6rfogande.<\/p>\t\t\t\t\t\t\t\t<\/div>\n\t\t\t\t<\/div>\n\t\t<div class=\"elementor-element elementor-element-a500b7c e-con-full e-ecs-flex e-flex e-con e-child\" data-id=\"a500b7c\" data-element_type=\"container\" data-e-type=\"container\" data-settings=\"{&quot;ecs_container_type&quot;:&quot;flex&quot;}\">\n\t\t\t\t<div class=\"elementor-element elementor-element-45fd6f8 elementor-widget elementor-widget-image\" data-id=\"45fd6f8\" data-element_type=\"widget\" data-e-type=\"widget\" data-widget_type=\"image.default\">\n\t\t\t\t<div class=\"elementor-widget-container\">\n\t\t\t\t\t\t\t\t\t\t\t\t\t\t\t<img decoding=\"async\" width=\"300\" height=\"264\" src=\"https:\/\/shop.noor.fi\/wp-content\/uploads\/2026\/04\/Asiakastieto_vahvimmat_2026_web.png\" class=\"attachment-large size-large wp-image-149714\" alt=\"Suomen vahvimmat 2007-2026 - Oy Noortrade Ab\" \/>\t\t\t\t\t\t\t\t\t\t\t\t\t\t\t<\/div>\n\t\t\t\t<\/div>\n\t\t\t\t<div class=\"elementor-element elementor-element-e73f8a0 elementor-widget elementor-widget-image\" data-id=\"e73f8a0\" data-element_type=\"widget\" data-e-type=\"widget\" data-widget_type=\"image.default\">\n\t\t\t\t<div class=\"elementor-widget-container\">\n\t\t\t\t\t\t\t\t\t\t\t\t\t\t\t<img decoding=\"async\" width=\"800\" height=\"400\" src=\"https:\/\/shop.noor.fi\/wp-content\/uploads\/2026\/04\/jasenyritys_banneri_26_1000x500_FIN_musta.png\" class=\"attachment-large size-large wp-image-149721\" alt=\"Suomen Yritt\u00e4j\u00e4t j\u00e4senyritys 2026 Oy Noortrade Ab\" srcset=\"https:\/\/shop.noor.fi\/wp-content\/uploads\/2026\/04\/jasenyritys_banneri_26_1000x500_FIN_musta.png 1000w, https:\/\/shop.noor.fi\/wp-content\/uploads\/2026\/04\/jasenyritys_banneri_26_1000x500_FIN_musta-300x150.png 300w, https:\/\/shop.noor.fi\/wp-content\/uploads\/2026\/04\/jasenyritys_banneri_26_1000x500_FIN_musta-768x384.png 768w, https:\/\/shop.noor.fi\/wp-content\/uploads\/2026\/04\/jasenyritys_banneri_26_1000x500_FIN_musta-600x300.png 600w\" sizes=\"(max-width: 800px) 100vw, 800px\" \/>\t\t\t\t\t\t\t\t\t\t\t\t\t\t\t<\/div>\n\t\t\t\t<\/div>\n\t\t\t\t<div class=\"elementor-element elementor-element-4afd81d elementor-widget elementor-widget-image\" data-id=\"4afd81d\" data-element_type=\"widget\" data-e-type=\"widget\" data-widget_type=\"image.default\">\n\t\t\t\t<div class=\"elementor-widget-container\">\n\t\t\t\t\t\t\t\t\t\t\t\t\t\t\t\t<a href=\"https:\/\/shop.noor.fi\/perhe\/\">\n\t\t\t\t\t\t\t<img loading=\"lazy\" decoding=\"async\" width=\"262\" height=\"300\" src=\"https:\/\/shop.noor.fi\/wp-content\/uploads\/2025\/05\/Perheyritys_merkki_FI_RGB-262x300-1.png\" class=\"attachment-large size-large wp-image-133453\" alt=\"\" \/>\t\t\t\t\t\t\t\t<\/a>\n\t\t\t\t\t\t\t\t\t\t\t\t\t\t\t<\/div>\n\t\t\t\t<\/div>\n\t\t\t\t<div class=\"elementor-element elementor-element-3dc8712 elementor-widget elementor-widget-image\" data-id=\"3dc8712\" data-element_type=\"widget\" data-e-type=\"widget\" data-widget_type=\"image.default\">\n\t\t\t\t<div class=\"elementor-widget-container\">\n\t\t\t\t\t\t\t\t\t\t\t\t\t\t\t<img loading=\"lazy\" decoding=\"async\" width=\"189\" height=\"189\" src=\"https:\/\/shop.noor.fi\/wp-content\/uploads\/2025\/05\/RINKI.jpg\" class=\"attachment-large size-large wp-image-133455\" alt=\"\" srcset=\"https:\/\/shop.noor.fi\/wp-content\/uploads\/2025\/05\/RINKI.jpg 189w, https:\/\/shop.noor.fi\/wp-content\/uploads\/2025\/05\/RINKI-100x100.jpg 100w, https:\/\/shop.noor.fi\/wp-content\/uploads\/2025\/05\/RINKI-150x150.jpg 150w\" sizes=\"(max-width: 189px) 100vw, 189px\" \/>\t\t\t\t\t\t\t\t\t\t\t\t\t\t\t<\/div>\n\t\t\t\t<\/div>\n\t\t\t\t<\/div>\n\t\t\t\t\t<\/div>\n\t\t\t\t<\/div>\n\t\t\t\t<\/div>\n\t\t","protected":false},"excerpt":{"rendered":"<p>Om oss Oy Noortrade Ab:s verksamhet best\u00e5r av import och marknadsf\u00f6ring av inrednings- utomhus-, jul- och s\u00e4songsbelysning samt ljusk\u00e4llor. Nu ing\u00e5r \u00e4ven eltillbeh\u00f6r, Svanefors textiler och \u00f6vriga s\u00e4songsartiklar i NOOR-sortimentet. V\u00e5r kundkrets best\u00e5r av f\u00f6retagskunder och i de flesta fall m\u00e5nga och l\u00e5nga kundf\u00f6rh\u00e5llanden. Vi betj\u00e4nar v\u00e5ra kunder med sakkunnighet och hj\u00e4lper till att hitta [&hellip;]<\/p>\n","protected":false},"author":5,"featured_media":0,"parent":0,"menu_order":0,"comment_status":"closed","ping_status":"closed","template":"","meta":{"_acf_changed":false,"_relevanssi_hide_post":"","_relevanssi_hide_content":"","_relevanssi_pin_for_all":"","_relevanssi_pin_keywords":"","_relevanssi_unpin_keywords":"","_relevanssi_related_keywords":"","_relevanssi_related_include_ids":"","_relevanssi_related_exclude_ids":"","_relevanssi_related_no_append":"","_relevanssi_related_not_related":"","_relevanssi_related_posts":"123201,118357,118968,115953,122312,117521","_relevanssi_noindex_reason":"","footnotes":""},"class_list":["post-86600","page","type-page","status-publish","hentry"],"acf":[],"yoast_head":"<!-- This site is optimized with the Yoast SEO plugin v27.5 - https:\/\/yoast.com\/product\/yoast-seo-wordpress\/ -->\n<title>Om oss - Oy Noortrade Ab<\/title>\n<meta name=\"description\" content=\"Noortrade Ab:s verksamhet best\u00e5r av import och marknadsf\u00f6ring av inrednings- utomhus-, jul- och s\u00e4songsbelysning samt ljusk\u00e4llor. Nu ing\u00e5r \u00e4ven eltillbeh\u00f6r, Svanefors textiler och \u00f6vriga s\u00e4songsartiklar i NOOR-sortimentet.\" \/>\n<meta name=\"robots\" content=\"index, follow, max-snippet:-1, max-image-preview:large, max-video-preview:-1\" \/>\n<link rel=\"canonical\" href=\"https:\/\/shop.noor.fi\/sv\/om-oss\/\" \/>\n<meta property=\"og:locale\" content=\"sv_SE\" \/>\n<meta property=\"og:type\" content=\"article\" \/>\n<meta property=\"og:title\" content=\"Om oss - Oy Noortrade Ab\" \/>\n<meta property=\"og:description\" content=\"Noortrade Ab:s verksamhet best\u00e5r av import och marknadsf\u00f6ring av inrednings- utomhus-, jul- och s\u00e4songsbelysning samt ljusk\u00e4llor. Nu ing\u00e5r \u00e4ven eltillbeh\u00f6r, Svanefors textiler och \u00f6vriga s\u00e4songsartiklar i NOOR-sortimentet.\" \/>\n<meta property=\"og:url\" content=\"https:\/\/shop.noor.fi\/sv\/om-oss\/\" \/>\n<meta property=\"og:site_name\" content=\"Oy Noortrade Ab\" \/>\n<meta property=\"article:modified_time\" content=\"2026-04-01T12:39:08+00:00\" \/>\n<meta property=\"og:image\" content=\"https:\/\/shop.noor.fi\/wp-content\/uploads\/2025\/05\/IMG_2825_2.jpg\" \/>\n\t<meta property=\"og:image:width\" content=\"800\" \/>\n\t<meta property=\"og:image:height\" content=\"533\" \/>\n\t<meta property=\"og:image:type\" content=\"image\/jpeg\" \/>\n<meta name=\"twitter:card\" content=\"summary_large_image\" \/>\n<meta name=\"twitter:label1\" content=\"Ber\u00e4knad l\u00e4stid\" \/>\n\t<meta name=\"twitter:data1\" content=\"3 minuter\" \/>\n<script type=\"application\/ld+json\" class=\"yoast-schema-graph\">{\"@context\":\"https:\\\/\\\/schema.org\",\"@graph\":[{\"@type\":\"WebPage\",\"@id\":\"https:\\\/\\\/shop.noor.fi\\\/sv\\\/om-oss\\\/\",\"url\":\"https:\\\/\\\/shop.noor.fi\\\/sv\\\/om-oss\\\/\",\"name\":\"Om oss - Oy Noortrade Ab\",\"isPartOf\":{\"@id\":\"https:\\\/\\\/shopnoorfi-wp31835.test.cchosting.fi\\\/#website\"},\"primaryImageOfPage\":{\"@id\":\"https:\\\/\\\/shop.noor.fi\\\/sv\\\/om-oss\\\/#primaryimage\"},\"image\":{\"@id\":\"https:\\\/\\\/shop.noor.fi\\\/sv\\\/om-oss\\\/#primaryimage\"},\"thumbnailUrl\":\"https:\\\/\\\/shop.noor.fi\\\/wp-content\\\/uploads\\\/2025\\\/05\\\/IMG_2825_2.jpg\",\"datePublished\":\"2023-10-09T04:30:36+00:00\",\"dateModified\":\"2026-04-01T12:39:08+00:00\",\"description\":\"Noortrade Ab:s verksamhet best\u00e5r av import och marknadsf\u00f6ring av inrednings- utomhus-, jul- och s\u00e4songsbelysning samt ljusk\u00e4llor. Nu ing\u00e5r \u00e4ven eltillbeh\u00f6r, Svanefors textiler och \u00f6vriga s\u00e4songsartiklar i NOOR-sortimentet.\",\"breadcrumb\":{\"@id\":\"https:\\\/\\\/shop.noor.fi\\\/sv\\\/om-oss\\\/#breadcrumb\"},\"inLanguage\":\"sv-SE\",\"potentialAction\":[{\"@type\":\"ReadAction\",\"target\":[\"https:\\\/\\\/shop.noor.fi\\\/sv\\\/om-oss\\\/\"]}]},{\"@type\":\"ImageObject\",\"inLanguage\":\"sv-SE\",\"@id\":\"https:\\\/\\\/shop.noor.fi\\\/sv\\\/om-oss\\\/#primaryimage\",\"url\":\"https:\\\/\\\/shop.noor.fi\\\/wp-content\\\/uploads\\\/2025\\\/05\\\/IMG_2825_2.jpg\",\"contentUrl\":\"https:\\\/\\\/shop.noor.fi\\\/wp-content\\\/uploads\\\/2025\\\/05\\\/IMG_2825_2.jpg\"},{\"@type\":\"BreadcrumbList\",\"@id\":\"https:\\\/\\\/shop.noor.fi\\\/sv\\\/om-oss\\\/#breadcrumb\",\"itemListElement\":[{\"@type\":\"ListItem\",\"position\":1,\"name\":\"Etusivu\",\"item\":\"https:\\\/\\\/shop.noor.fi\\\/sv\\\/\"},{\"@type\":\"ListItem\",\"position\":2,\"name\":\"Om oss\"}]},{\"@type\":\"WebSite\",\"@id\":\"https:\\\/\\\/shopnoorfi-wp31835.test.cchosting.fi\\\/#website\",\"url\":\"https:\\\/\\\/shopnoorfi-wp31835.test.cchosting.fi\\\/\",\"name\":\"Oy Noortrade Ab\",\"description\":\"Finnish family owned company with over 30 years of professional experience in lighting &amp; interior products import and sales - reliably.\",\"publisher\":{\"@id\":\"https:\\\/\\\/shopnoorfi-wp31835.test.cchosting.fi\\\/#organization\"},\"potentialAction\":[{\"@type\":\"SearchAction\",\"target\":{\"@type\":\"EntryPoint\",\"urlTemplate\":\"https:\\\/\\\/shopnoorfi-wp31835.test.cchosting.fi\\\/?s={search_term_string}\"},\"query-input\":{\"@type\":\"PropertyValueSpecification\",\"valueRequired\":true,\"valueName\":\"search_term_string\"}}],\"inLanguage\":\"sv-SE\"},{\"@type\":\"Organization\",\"@id\":\"https:\\\/\\\/shopnoorfi-wp31835.test.cchosting.fi\\\/#organization\",\"name\":\"Oy Noortrade Ab\",\"url\":\"https:\\\/\\\/shopnoorfi-wp31835.test.cchosting.fi\\\/\",\"logo\":{\"@type\":\"ImageObject\",\"inLanguage\":\"sv-SE\",\"@id\":\"https:\\\/\\\/shopnoorfi-wp31835.test.cchosting.fi\\\/#\\\/schema\\\/logo\\\/image\\\/\",\"url\":\"https:\\\/\\\/shop.noor.fi\\\/wp-content\\\/uploads\\\/2024\\\/01\\\/Oy-Noortrade-Ab-Corbel-VERSAL-bold-BLACK.png\",\"contentUrl\":\"https:\\\/\\\/shop.noor.fi\\\/wp-content\\\/uploads\\\/2024\\\/01\\\/Oy-Noortrade-Ab-Corbel-VERSAL-bold-BLACK.png\",\"width\":721,\"height\":177,\"caption\":\"Oy Noortrade Ab\"},\"image\":{\"@id\":\"https:\\\/\\\/shopnoorfi-wp31835.test.cchosting.fi\\\/#\\\/schema\\\/logo\\\/image\\\/\"}}]}<\/script>\n<!-- \/ Yoast SEO plugin. -->","yoast_head_json":{"title":"Om oss - Oy Noortrade Ab","description":"Noortrade Ab:s verksamhet best\u00e5r av import och marknadsf\u00f6ring av inrednings- utomhus-, jul- och s\u00e4songsbelysning samt ljusk\u00e4llor. Nu ing\u00e5r \u00e4ven eltillbeh\u00f6r, Svanefors textiler och \u00f6vriga s\u00e4songsartiklar i NOOR-sortimentet.","robots":{"index":"index","follow":"follow","max-snippet":"max-snippet:-1","max-image-preview":"max-image-preview:large","max-video-preview":"max-video-preview:-1"},"canonical":"https:\/\/shop.noor.fi\/sv\/om-oss\/","og_locale":"sv_SE","og_type":"article","og_title":"Om oss - Oy Noortrade Ab","og_description":"Noortrade Ab:s verksamhet best\u00e5r av import och marknadsf\u00f6ring av inrednings- utomhus-, jul- och s\u00e4songsbelysning samt ljusk\u00e4llor. Nu ing\u00e5r \u00e4ven eltillbeh\u00f6r, Svanefors textiler och \u00f6vriga s\u00e4songsartiklar i NOOR-sortimentet.","og_url":"https:\/\/shop.noor.fi\/sv\/om-oss\/","og_site_name":"Oy Noortrade Ab","article_modified_time":"2026-04-01T12:39:08+00:00","og_image":[{"width":800,"height":533,"url":"https:\/\/shop.noor.fi\/wp-content\/uploads\/2025\/05\/IMG_2825_2.jpg","type":"image\/jpeg"}],"twitter_card":"summary_large_image","twitter_misc":{"Ber\u00e4knad l\u00e4stid":"3 minuter"},"schema":{"@context":"https:\/\/schema.org","@graph":[{"@type":"WebPage","@id":"https:\/\/shop.noor.fi\/sv\/om-oss\/","url":"https:\/\/shop.noor.fi\/sv\/om-oss\/","name":"Om oss - Oy Noortrade Ab","isPartOf":{"@id":"https:\/\/shopnoorfi-wp31835.test.cchosting.fi\/#website"},"primaryImageOfPage":{"@id":"https:\/\/shop.noor.fi\/sv\/om-oss\/#primaryimage"},"image":{"@id":"https:\/\/shop.noor.fi\/sv\/om-oss\/#primaryimage"},"thumbnailUrl":"https:\/\/shop.noor.fi\/wp-content\/uploads\/2025\/05\/IMG_2825_2.jpg","datePublished":"2023-10-09T04:30:36+00:00","dateModified":"2026-04-01T12:39:08+00:00","description":"Noortrade Ab:s verksamhet best\u00e5r av import och marknadsf\u00f6ring av inrednings- utomhus-, jul- och s\u00e4songsbelysning samt ljusk\u00e4llor. Nu ing\u00e5r \u00e4ven eltillbeh\u00f6r, Svanefors textiler och \u00f6vriga s\u00e4songsartiklar i NOOR-sortimentet.","breadcrumb":{"@id":"https:\/\/shop.noor.fi\/sv\/om-oss\/#breadcrumb"},"inLanguage":"sv-SE","potentialAction":[{"@type":"ReadAction","target":["https:\/\/shop.noor.fi\/sv\/om-oss\/"]}]},{"@type":"ImageObject","inLanguage":"sv-SE","@id":"https:\/\/shop.noor.fi\/sv\/om-oss\/#primaryimage","url":"https:\/\/shop.noor.fi\/wp-content\/uploads\/2025\/05\/IMG_2825_2.jpg","contentUrl":"https:\/\/shop.noor.fi\/wp-content\/uploads\/2025\/05\/IMG_2825_2.jpg"},{"@type":"BreadcrumbList","@id":"https:\/\/shop.noor.fi\/sv\/om-oss\/#breadcrumb","itemListElement":[{"@type":"ListItem","position":1,"name":"Etusivu","item":"https:\/\/shop.noor.fi\/sv\/"},{"@type":"ListItem","position":2,"name":"Om oss"}]},{"@type":"WebSite","@id":"https:\/\/shopnoorfi-wp31835.test.cchosting.fi\/#website","url":"https:\/\/shopnoorfi-wp31835.test.cchosting.fi\/","name":"Oy Noortrade Ab","description":"Finnish family owned company with over 30 years of professional experience in lighting &amp; interior products import and sales - reliably.","publisher":{"@id":"https:\/\/shopnoorfi-wp31835.test.cchosting.fi\/#organization"},"potentialAction":[{"@type":"SearchAction","target":{"@type":"EntryPoint","urlTemplate":"https:\/\/shopnoorfi-wp31835.test.cchosting.fi\/?s={search_term_string}"},"query-input":{"@type":"PropertyValueSpecification","valueRequired":true,"valueName":"search_term_string"}}],"inLanguage":"sv-SE"},{"@type":"Organization","@id":"https:\/\/shopnoorfi-wp31835.test.cchosting.fi\/#organization","name":"Oy Noortrade Ab","url":"https:\/\/shopnoorfi-wp31835.test.cchosting.fi\/","logo":{"@type":"ImageObject","inLanguage":"sv-SE","@id":"https:\/\/shopnoorfi-wp31835.test.cchosting.fi\/#\/schema\/logo\/image\/","url":"https:\/\/shop.noor.fi\/wp-content\/uploads\/2024\/01\/Oy-Noortrade-Ab-Corbel-VERSAL-bold-BLACK.png","contentUrl":"https:\/\/shop.noor.fi\/wp-content\/uploads\/2024\/01\/Oy-Noortrade-Ab-Corbel-VERSAL-bold-BLACK.png","width":721,"height":177,"caption":"Oy Noortrade Ab"},"image":{"@id":"https:\/\/shopnoorfi-wp31835.test.cchosting.fi\/#\/schema\/logo\/image\/"}}]}},"_links":{"self":[{"href":"https:\/\/shop.noor.fi\/sv\/wp-json\/wp\/v2\/pages\/86600","targetHints":{"allow":["GET"]}}],"collection":[{"href":"https:\/\/shop.noor.fi\/sv\/wp-json\/wp\/v2\/pages"}],"about":[{"href":"https:\/\/shop.noor.fi\/sv\/wp-json\/wp\/v2\/types\/page"}],"author":[{"embeddable":true,"href":"https:\/\/shop.noor.fi\/sv\/wp-json\/wp\/v2\/users\/5"}],"replies":[{"embeddable":true,"href":"https:\/\/shop.noor.fi\/sv\/wp-json\/wp\/v2\/comments?post=86600"}],"version-history":[{"count":7,"href":"https:\/\/shop.noor.fi\/sv\/wp-json\/wp\/v2\/pages\/86600\/revisions"}],"predecessor-version":[{"id":149727,"href":"https:\/\/shop.noor.fi\/sv\/wp-json\/wp\/v2\/pages\/86600\/revisions\/149727"}],"wp:attachment":[{"href":"https:\/\/shop.noor.fi\/sv\/wp-json\/wp\/v2\/media?parent=86600"}],"curies":[{"name":"wp","href":"https:\/\/api.w.org\/{rel}","templated":true}]}}